{"id":3126,"date":"2024-02-09T12:54:49","date_gmt":"2024-02-09T11:54:49","guid":{"rendered":"https:\/\/www.zahnaerzte-am-kurhaus.de\/?page_id=3126"},"modified":"2025-09-03T14:55:18","modified_gmt":"2025-09-03T12:55:18","slug":"implantologie-wiesbaden","status":"publish","type":"page","link":"https:\/\/www.zahnaerzte-am-kurhaus.de\/en\/services\/implantologie-wiesbaden\/","title":{"rendered":"Implantologie Wiesbaden"},"content":{"rendered":"<h1>Implantologie 4.0<\/h1>\n<p><strong>Steigern Sie Ihre Lebensqualit\u00e4t mit sch\u00f6nen \u00e4sthetischen Z\u00e4hnen durch Implantate<\/strong><\/p>\n<p>Als Ersatz f\u00fcr fehlende Z\u00e4hne k\u00f6nnen mit der Implantologie, die als moderne f\u00fchrende Methode gilt, <strong>ideale Resultate bez\u00fcglich Stabilit\u00e4t und \u00c4sthetik<\/strong> erzielt werden. Es ist jedoch zu beachten, dass es erhebliche Qualit\u00e4tsunterschiede gibt \u2013 Daher empfehlen wir, nur erfahrene und qualifizierte Experten zu konsultieren.<\/p>\n<p>Zahnimplantate fungieren als \u201eneue, nat\u00fcrliche Z\u00e4hne\u201c und bieten vielf\u00e4ltige Einsatzm\u00f6glichkeiten. Sie k\u00f6nnen einzelne Z\u00e4hne ersetzen, gr\u00f6\u00dfere Zahnl\u00fccken schlie\u00dfen, bei zahnlosem Kiefer feste dritte Z\u00e4hne bereitstellen und Prothesen fixieren. Dabei sind die Vorteile von Zahnimplantaten zahlreich. Die Entscheidung f\u00fcr die individuell richtige L\u00f6sung und einen erfahrenen Implantologen spielen eine entscheidende Rolle.<\/p>\n<p>Als Experten f\u00fcr Implantologie beraten wir Sie gerne in unserer Praxis \u201eZahn\u00e4rzte am Kurhaus\u201c in Wiesbaden.<\/p>\n","protected":false},"excerpt":{"rendered":"<p>Implantologie 4.0 Steigern Sie Ihre Lebensqualit\u00e4t mit sch\u00f6nen \u00e4sthetischen Z\u00e4hnen durch Implantate Als Ersatz f\u00fcr fehlende Z\u00e4hne k\u00f6nnen mit der Implantologie, die als moderne f\u00fchrende Methode gilt, ideale Resultate bez\u00fcglich Stabilit\u00e4t und \u00c4sthetik erzielt werden. Es ist jedoch zu beachten, dass es erhebliche Qualit\u00e4tsunterschiede gibt \u2013 Daher empfehlen wir, nur erfahrene und qualifizierte Experten zu [&hellip;]<\/p>\n","protected":false},"author":3,"featured_media":1491,"parent":2291,"menu_order":0,"comment_status":"closed","ping_status":"closed","template":"page-implantologie.php","meta":{"_acf_changed":false,"footnotes":""},"class_list":["post-3126","page","type-page","status-publish","has-post-thumbnail","hentry"],"acf":[],"yoast_head":"<!-- This site is optimized with the Yoast SEO plugin v26.6 - https:\/\/yoast.com\/wordpress\/plugins\/seo\/ -->\n<title>Implantologie Wiesbaden - Zahn\u00e4rzte am Kurhaus | Wiesbaden<\/title>\n<meta name=\"robots\" content=\"index, follow, max-snippet:-1, max-image-preview:large, max-video-preview:-1\" \/>\n<link rel=\"canonical\" href=\"https:\/\/www.zahnaerzte-am-kurhaus.de\/en\/services\/implantologie-wiesbaden\/\" \/>\n<meta property=\"og:locale\" content=\"en_US\" \/>\n<meta property=\"og:type\" content=\"article\" \/>\n<meta property=\"og:title\" content=\"Implantologie Wiesbaden - Zahn\u00e4rzte am Kurhaus | Wiesbaden\" \/>\n<meta property=\"og:description\" content=\"Implantologie 4.0 Steigern Sie Ihre Lebensqualit\u00e4t mit sch\u00f6nen \u00e4sthetischen Z\u00e4hnen durch Implantate Als Ersatz f\u00fcr fehlende Z\u00e4hne k\u00f6nnen mit der Implantologie, die als moderne f\u00fchrende Methode gilt, ideale Resultate bez\u00fcglich Stabilit\u00e4t und \u00c4sthetik erzielt werden. Es ist jedoch zu beachten, dass es erhebliche Qualit\u00e4tsunterschiede gibt \u2013 Daher empfehlen wir, nur erfahrene und qualifizierte Experten zu [&hellip;]\" \/>\n<meta property=\"og:url\" content=\"https:\/\/www.zahnaerzte-am-kurhaus.de\/en\/services\/implantologie-wiesbaden\/\" \/>\n<meta property=\"og:site_name\" content=\"Zahn\u00e4rzte am Kurhaus | Wiesbaden\" \/>\n<meta property=\"article:modified_time\" content=\"2025-09-03T12:55:18+00:00\" \/>\n<meta name=\"twitter:card\" content=\"summary_large_image\" \/>\n<meta name=\"twitter:label1\" content=\"Est. reading time\" \/>\n\t<meta name=\"twitter:data1\" content=\"1 minute\" \/>\n<script type=\"application\/ld+json\" class=\"yoast-schema-graph\">{\"@context\":\"https:\/\/schema.org\",\"@graph\":[{\"@type\":\"WebPage\",\"@id\":\"https:\/\/www.zahnaerzte-am-kurhaus.de\/en\/services\/implantologie-wiesbaden\/\",\"url\":\"https:\/\/www.zahnaerzte-am-kurhaus.de\/en\/services\/implantologie-wiesbaden\/\",\"name\":\"Implantologie Wiesbaden - Zahn\u00e4rzte am Kurhaus | Wiesbaden\",\"isPartOf\":{\"@id\":\"https:\/\/www.zahnaerzte-am-kurhaus.de\/#website\"},\"primaryImageOfPage\":{\"@id\":\"https:\/\/www.zahnaerzte-am-kurhaus.de\/en\/services\/implantologie-wiesbaden\/#primaryimage\"},\"image\":{\"@id\":\"https:\/\/www.zahnaerzte-am-kurhaus.de\/en\/services\/implantologie-wiesbaden\/#primaryimage\"},\"thumbnailUrl\":\"https:\/\/www.zahnaerzte-am-kurhaus.de\/wp-content\/uploads\/2022\/10\/background-kurhaus.jpg\",\"datePublished\":\"2024-02-09T11:54:49+00:00\",\"dateModified\":\"2025-09-03T12:55:18+00:00\",\"breadcrumb\":{\"@id\":\"https:\/\/www.zahnaerzte-am-kurhaus.de\/en\/services\/implantologie-wiesbaden\/#breadcrumb\"},\"inLanguage\":\"en-US\",\"potentialAction\":[{\"@type\":\"ReadAction\",\"target\":[\"https:\/\/www.zahnaerzte-am-kurhaus.de\/en\/services\/implantologie-wiesbaden\/\"]}]},{\"@type\":\"ImageObject\",\"inLanguage\":\"en-US\",\"@id\":\"https:\/\/www.zahnaerzte-am-kurhaus.de\/en\/services\/implantologie-wiesbaden\/#primaryimage\",\"url\":\"https:\/\/www.zahnaerzte-am-kurhaus.de\/wp-content\/uploads\/2022\/10\/background-kurhaus.jpg\",\"contentUrl\":\"https:\/\/www.zahnaerzte-am-kurhaus.de\/wp-content\/uploads\/2022\/10\/background-kurhaus.jpg\",\"width\":1980,\"height\":691},{\"@type\":\"BreadcrumbList\",\"@id\":\"https:\/\/www.zahnaerzte-am-kurhaus.de\/en\/services\/implantologie-wiesbaden\/#breadcrumb\",\"itemListElement\":[{\"@type\":\"ListItem\",\"position\":1,\"name\":\"Startseite\",\"item\":\"https:\/\/www.zahnaerzte-am-kurhaus.de\/en\/\"},{\"@type\":\"ListItem\",\"position\":2,\"name\":\"Services\",\"item\":\"https:\/\/www.zahnaerzte-am-kurhaus.de\/en\/services\/\"},{\"@type\":\"ListItem\",\"position\":3,\"name\":\"Implantologie Wiesbaden\"}]},{\"@type\":\"WebSite\",\"@id\":\"https:\/\/www.zahnaerzte-am-kurhaus.de\/#website\",\"url\":\"https:\/\/www.zahnaerzte-am-kurhaus.de\/\",\"name\":\"Zahn\u00e4rzte am Kurhaus | Wiesbaden\",\"description\":\"\",\"potentialAction\":[{\"@type\":\"SearchAction\",\"target\":{\"@type\":\"EntryPoint\",\"urlTemplate\":\"https:\/\/www.zahnaerzte-am-kurhaus.de\/?s={search_term_string}\"},\"query-input\":{\"@type\":\"PropertyValueSpecification\",\"valueRequired\":true,\"valueName\":\"search_term_string\"}}],\"inLanguage\":\"en-US\"}]}<\/script>\n<!-- \/ Yoast SEO plugin. -->","yoast_head_json":{"title":"Implantologie Wiesbaden - Zahn\u00e4rzte am Kurhaus | Wiesbaden","robots":{"index":"index","follow":"follow","max-snippet":"max-snippet:-1","max-image-preview":"max-image-preview:large","max-video-preview":"max-video-preview:-1"},"canonical":"https:\/\/www.zahnaerzte-am-kurhaus.de\/en\/services\/implantologie-wiesbaden\/","og_locale":"en_US","og_type":"article","og_title":"Implantologie Wiesbaden - Zahn\u00e4rzte am Kurhaus | Wiesbaden","og_description":"Implantologie 4.0 Steigern Sie Ihre Lebensqualit\u00e4t mit sch\u00f6nen \u00e4sthetischen Z\u00e4hnen durch Implantate Als Ersatz f\u00fcr fehlende Z\u00e4hne k\u00f6nnen mit der Implantologie, die als moderne f\u00fchrende Methode gilt, ideale Resultate bez\u00fcglich Stabilit\u00e4t und \u00c4sthetik erzielt werden. Es ist jedoch zu beachten, dass es erhebliche Qualit\u00e4tsunterschiede gibt \u2013 Daher empfehlen wir, nur erfahrene und qualifizierte Experten zu [&hellip;]","og_url":"https:\/\/www.zahnaerzte-am-kurhaus.de\/en\/services\/implantologie-wiesbaden\/","og_site_name":"Zahn\u00e4rzte am Kurhaus | Wiesbaden","article_modified_time":"2025-09-03T12:55:18+00:00","twitter_card":"summary_large_image","twitter_misc":{"Est. reading time":"1 minute"},"schema":{"@context":"https:\/\/schema.org","@graph":[{"@type":"WebPage","@id":"https:\/\/www.zahnaerzte-am-kurhaus.de\/en\/services\/implantologie-wiesbaden\/","url":"https:\/\/www.zahnaerzte-am-kurhaus.de\/en\/services\/implantologie-wiesbaden\/","name":"Implantologie Wiesbaden - Zahn\u00e4rzte am Kurhaus | Wiesbaden","isPartOf":{"@id":"https:\/\/www.zahnaerzte-am-kurhaus.de\/#website"},"primaryImageOfPage":{"@id":"https:\/\/www.zahnaerzte-am-kurhaus.de\/en\/services\/implantologie-wiesbaden\/#primaryimage"},"image":{"@id":"https:\/\/www.zahnaerzte-am-kurhaus.de\/en\/services\/implantologie-wiesbaden\/#primaryimage"},"thumbnailUrl":"https:\/\/www.zahnaerzte-am-kurhaus.de\/wp-content\/uploads\/2022\/10\/background-kurhaus.jpg","datePublished":"2024-02-09T11:54:49+00:00","dateModified":"2025-09-03T12:55:18+00:00","breadcrumb":{"@id":"https:\/\/www.zahnaerzte-am-kurhaus.de\/en\/services\/implantologie-wiesbaden\/#breadcrumb"},"inLanguage":"en-US","potentialAction":[{"@type":"ReadAction","target":["https:\/\/www.zahnaerzte-am-kurhaus.de\/en\/services\/implantologie-wiesbaden\/"]}]},{"@type":"ImageObject","inLanguage":"en-US","@id":"https:\/\/www.zahnaerzte-am-kurhaus.de\/en\/services\/implantologie-wiesbaden\/#primaryimage","url":"https:\/\/www.zahnaerzte-am-kurhaus.de\/wp-content\/uploads\/2022\/10\/background-kurhaus.jpg","contentUrl":"https:\/\/www.zahnaerzte-am-kurhaus.de\/wp-content\/uploads\/2022\/10\/background-kurhaus.jpg","width":1980,"height":691},{"@type":"BreadcrumbList","@id":"https:\/\/www.zahnaerzte-am-kurhaus.de\/en\/services\/implantologie-wiesbaden\/#breadcrumb","itemListElement":[{"@type":"ListItem","position":1,"name":"Startseite","item":"https:\/\/www.zahnaerzte-am-kurhaus.de\/en\/"},{"@type":"ListItem","position":2,"name":"Services","item":"https:\/\/www.zahnaerzte-am-kurhaus.de\/en\/services\/"},{"@type":"ListItem","position":3,"name":"Implantologie Wiesbaden"}]},{"@type":"WebSite","@id":"https:\/\/www.zahnaerzte-am-kurhaus.de\/#website","url":"https:\/\/www.zahnaerzte-am-kurhaus.de\/","name":"Zahn\u00e4rzte am Kurhaus | Wiesbaden","description":"","potentialAction":[{"@type":"SearchAction","target":{"@type":"EntryPoint","urlTemplate":"https:\/\/www.zahnaerzte-am-kurhaus.de\/?s={search_term_string}"},"query-input":{"@type":"PropertyValueSpecification","valueRequired":true,"valueName":"search_term_string"}}],"inLanguage":"en-US"}]}},"_links":{"self":[{"href":"https:\/\/www.zahnaerzte-am-kurhaus.de\/en\/wp-json\/wp\/v2\/pages\/3126","targetHints":{"allow":["GET"]}}],"collection":[{"href":"https:\/\/www.zahnaerzte-am-kurhaus.de\/en\/wp-json\/wp\/v2\/pages"}],"about":[{"href":"https:\/\/www.zahnaerzte-am-kurhaus.de\/en\/wp-json\/wp\/v2\/types\/page"}],"author":[{"embeddable":true,"href":"https:\/\/www.zahnaerzte-am-kurhaus.de\/en\/wp-json\/wp\/v2\/users\/3"}],"replies":[{"embeddable":true,"href":"https:\/\/www.zahnaerzte-am-kurhaus.de\/en\/wp-json\/wp\/v2\/comments?post=3126"}],"version-history":[{"count":4,"href":"https:\/\/www.zahnaerzte-am-kurhaus.de\/en\/wp-json\/wp\/v2\/pages\/3126\/revisions"}],"predecessor-version":[{"id":3532,"href":"https:\/\/www.zahnaerzte-am-kurhaus.de\/en\/wp-json\/wp\/v2\/pages\/3126\/revisions\/3532"}],"up":[{"embeddable":true,"href":"https:\/\/www.zahnaerzte-am-kurhaus.de\/en\/wp-json\/wp\/v2\/pages\/2291"}],"wp:featuredmedia":[{"embeddable":true,"href":"https:\/\/www.zahnaerzte-am-kurhaus.de\/en\/wp-json\/wp\/v2\/media\/1491"}],"wp:attachment":[{"href":"https:\/\/www.zahnaerzte-am-kurhaus.de\/en\/wp-json\/wp\/v2\/media?parent=3126"}],"curies":[{"name":"wp","href":"https:\/\/api.w.org\/{rel}","templated":true}]}}