{"id":2273,"date":"2023-01-09T13:41:40","date_gmt":"2023-01-09T12:41:40","guid":{"rendered":"https:\/\/kurhaus.ab-healthmedia.com\/?page_id=2273"},"modified":"2023-01-09T13:41:40","modified_gmt":"2023-01-09T12:41:40","slug":"zahnaufhellung-in-der-praxis","status":"publish","type":"page","link":"https:\/\/www.zahnaerzte-am-kurhaus.de\/en\/infocenter\/before-and-after-book\/zahnaufhellung-in-der-praxis\/","title":{"rendered":"Zahnaufhellung in der Praxis"},"content":{"rendered":"<h1>Zahnaufhellung in der Praxis<\/h1>\n<p>Ein strahlendes L\u00e4cheln kann einem so manche T\u00fcr \u00f6ffnen: Es gibt Selbstvertrauen und l\u00e4sst einen vitaler und attraktiver aussehen. Deshalb ist es f\u00fcr so viele Menschen wichtig, sch\u00f6ne, nat\u00fcrlich wei\u00dfe Z\u00e4hne zu haben \u2013 aktuellen Studien w\u00fcnschen sich 85 % aller Menschen hellere Z\u00e4hne.<\/p>\n<p><img loading=\"lazy\" decoding=\"async\" class=\"size-medium wp-image-1094 alignright\" src=\"https:\/\/www.zahnaerzte-am-kurhaus.de\/wp-content\/uploads\/2022\/09\/philips_zoom_lifestyle_christina_hand_mouth_saturate-200x300.jpeg\" alt=\"\" width=\"200\" height=\"300\" \/>Eine Zahnaufhellung ist immer dann m\u00f6glich, wenn die \u00e4u\u00dfere H\u00fclle, der Zahnschmelz, noch weitgehend erhalten ist. Die dunklen Farbstoffmolek\u00fcle im Schmelz werden durch die Bleichbehandlung eliminiert, die Z\u00e4hne dadurch aufgehellt. Bei manchen Patienten ist der Effekt allerdings intensiver als bei anderen in Abh\u00e4ngigkeit von der Dicke des noch vorhandenen Schmelzmantels und dem Grad der Verf\u00e4rbung.<\/p>\n<p><img loading=\"lazy\" decoding=\"async\" class=\"size-medium wp-image-1095 alignleft\" src=\"https:\/\/www.zahnaerzte-am-kurhaus.de\/wp-content\/uploads\/2022\/09\/philips_zoom_whitespeed_lamphead-278x300.jpeg\" alt=\"\" width=\"278\" height=\"300\" \/>Heute ist es m\u00f6glich, innerhalb von kurzer Zeit beste Ergebnisse zu erzielen. Hierf\u00fcr wurde eine spezielle Lampe entwickelt, die die Wirkung des Bleichgels deutlich steigert und bei nur einer Behandlungssitzung eine deutliche Aufhellung erreicht.<\/p>\n<p>Der aktive Bestandteil, Wasserstoffperoxid, wird bereits seit vielen Jahren bei der Behandlung im Mund- und Rachenraum angewandt.<br \/>\nUmfassende wissenschaftliche und klinische Studien haben gezeigt, dass die Zahnaufhellung unter Aufsicht eines Zahnarztes unbedenklich ist.<\/p>\n<p>&nbsp;<\/p>\n<p>&nbsp;<\/p>\n<p>&nbsp;<\/p>\n<p><img loading=\"lazy\" decoding=\"async\" class=\"size-medium wp-image-1101 alignright\" src=\"https:\/\/www.zahnaerzte-am-kurhaus.de\/wp-content\/uploads\/2022\/09\/105tfqs8_1_zwt_dp_caucm_pat_caucf_shade_guide-cut-300x243.jpeg\" alt=\"\" width=\"300\" height=\"243\" \/>Im Laufe des Lebens nimmt die Helligkeit der Z\u00e4hne ab. Der Genuss farbstoffhaltiger Substanzen wie Kaffee, Tee, Cola, Tabak, Rotwein usw. oder auch bestimmte Arzneimittel k\u00f6nnen Verf\u00e4rbungen der Z\u00e4hne verursachen.<\/p>\n<p>Daher stehen die Diagnostik und Ursachenermittlung sowie die Bestimmung der Zahnfarbe am Beginn der Behandlung. Der m\u00f6gliche Bleicheffekt kann abgesch\u00e4tzt werden.<\/p>\n<p>Nach einer kurzen Vorbereitung, bei der Ihre Lippen und das Zahnfleisch abgedeckt werden, wird ein mildes Zahnaufhellungsgel auf Ihre Z\u00e4hne aufgetragen.<\/p>\n<p>&nbsp;<\/p>\n<p><img loading=\"lazy\" decoding=\"async\" class=\"aligncenter wp-image-1097 size-full\" src=\"https:\/\/www.zahnaerzte-am-kurhaus.de\/wp-content\/uploads\/2022\/09\/img_3199-adjust-contrast.jpeg\" alt=\"\" width=\"500\" height=\"333\" \/><\/p>\n<p>Jetzt wird die Philips-ZOOM-Lampe vor Ihrem Mund ausgerichtet, um alle Z\u00e4hne zu beleuchten. Dieses Licht wird\u00a015 Minuten\u00a0die Wirkung des Zahnaufhellungsgels aktivieren. Je nach Bedarf und gew\u00fcnschtem Aufhellungsgrad wird dieses Vorgehen\u00a03\u20134 mal wiederholt.<\/p>\n<p><img loading=\"lazy\" decoding=\"async\" class=\"aligncenter wp-image-1098 size-full\" src=\"https:\/\/www.zahnaerzte-am-kurhaus.de\/wp-content\/uploads\/2022\/09\/img_3204.jpeg\" alt=\"\" width=\"500\" height=\"333\" \/><\/p>\n<p>&nbsp;<\/p>\n<p><img loading=\"lazy\" decoding=\"async\" class=\"aligncenter wp-image-1099 size-full\" src=\"https:\/\/www.zahnaerzte-am-kurhaus.de\/wp-content\/uploads\/2022\/09\/bleaching_vorher.jpeg\" alt=\"\" width=\"477\" height=\"188\" \/><\/p>\n<p>Ausgangszustand (oben) und Resultat nach einer einst\u00fcndigen Behandlung mit dem Zoom-Bleichverfahren (unten)<\/p>\n<p><img loading=\"lazy\" decoding=\"async\" class=\"wp-image-1100 size-full aligncenter\" src=\"https:\/\/www.zahnaerzte-am-kurhaus.de\/wp-content\/uploads\/2022\/09\/bleaching_nachher.jpeg\" alt=\"\" width=\"477\" height=\"189\" \/><\/p>\n","protected":false},"excerpt":{"rendered":"<p>Zahnaufhellung in der Praxis Ein strahlendes L\u00e4cheln kann einem so manche T\u00fcr \u00f6ffnen: Es gibt Selbstvertrauen und l\u00e4sst einen vitaler und attraktiver aussehen. Deshalb ist es f\u00fcr so viele Menschen wichtig, sch\u00f6ne, nat\u00fcrlich wei\u00dfe Z\u00e4hne zu haben \u2013 aktuellen Studien w\u00fcnschen sich 85 % aller Menschen hellere Z\u00e4hne. Eine Zahnaufhellung ist immer dann m\u00f6glich, wenn [&hellip;]<\/p>\n","protected":false},"author":3,"featured_media":1491,"parent":2253,"menu_order":0,"comment_status":"closed","ping_status":"closed","template":"page-vorher-nachher.php","meta":{"_acf_changed":false,"footnotes":""},"class_list":["post-2273","page","type-page","status-publish","has-post-thumbnail","hentry"],"acf":[],"yoast_head":"<!-- This site is optimized with the Yoast SEO plugin v26.6 - https:\/\/yoast.com\/wordpress\/plugins\/seo\/ -->\n<title>Zahnaufhellung in der Praxis - Zahn\u00e4rzte am Kurhaus | Wiesbaden<\/title>\n<meta name=\"robots\" content=\"index, follow, max-snippet:-1, max-image-preview:large, max-video-preview:-1\" \/>\n<link rel=\"canonical\" href=\"https:\/\/www.zahnaerzte-am-kurhaus.de\/infocenter\/vorher-nachher-buch\/zahnaufhellung-in-der-praxis\/\" \/>\n<meta property=\"og:locale\" content=\"en_US\" \/>\n<meta property=\"og:type\" content=\"article\" \/>\n<meta property=\"og:title\" content=\"Zahnaufhellung in der Praxis - Zahn\u00e4rzte am Kurhaus | Wiesbaden\" \/>\n<meta property=\"og:description\" content=\"Zahnaufhellung in der Praxis Ein strahlendes L\u00e4cheln kann einem so manche T\u00fcr \u00f6ffnen: Es gibt Selbstvertrauen und l\u00e4sst einen vitaler und attraktiver aussehen. Deshalb ist es f\u00fcr so viele Menschen wichtig, sch\u00f6ne, nat\u00fcrlich wei\u00dfe Z\u00e4hne zu haben \u2013 aktuellen Studien w\u00fcnschen sich 85 % aller Menschen hellere Z\u00e4hne. Eine Zahnaufhellung ist immer dann m\u00f6glich, wenn [&hellip;]\" \/>\n<meta property=\"og:url\" content=\"https:\/\/www.zahnaerzte-am-kurhaus.de\/infocenter\/vorher-nachher-buch\/zahnaufhellung-in-der-praxis\/\" \/>\n<meta property=\"og:site_name\" content=\"Zahn\u00e4rzte am Kurhaus | Wiesbaden\" \/>\n<meta property=\"og:image\" content=\"https:\/\/www.zahnaerzte-am-kurhaus.de\/wp-content\/uploads\/2022\/10\/background-kurhaus.jpg\" \/>\n\t<meta property=\"og:image:width\" content=\"1980\" \/>\n\t<meta property=\"og:image:height\" content=\"691\" \/>\n\t<meta property=\"og:image:type\" content=\"image\/jpeg\" \/>\n<meta name=\"twitter:card\" content=\"summary_large_image\" \/>\n<script type=\"application\/ld+json\" class=\"yoast-schema-graph\">{\"@context\":\"https:\/\/schema.org\",\"@graph\":[{\"@type\":\"WebPage\",\"@id\":\"https:\/\/www.zahnaerzte-am-kurhaus.de\/infocenter\/vorher-nachher-buch\/zahnaufhellung-in-der-praxis\/\",\"url\":\"https:\/\/www.zahnaerzte-am-kurhaus.de\/infocenter\/vorher-nachher-buch\/zahnaufhellung-in-der-praxis\/\",\"name\":\"Zahnaufhellung in der Praxis - Zahn\u00e4rzte am Kurhaus | Wiesbaden\",\"isPartOf\":{\"@id\":\"https:\/\/www.zahnaerzte-am-kurhaus.de\/#website\"},\"primaryImageOfPage\":{\"@id\":\"https:\/\/www.zahnaerzte-am-kurhaus.de\/infocenter\/vorher-nachher-buch\/zahnaufhellung-in-der-praxis\/#primaryimage\"},\"image\":{\"@id\":\"https:\/\/www.zahnaerzte-am-kurhaus.de\/infocenter\/vorher-nachher-buch\/zahnaufhellung-in-der-praxis\/#primaryimage\"},\"thumbnailUrl\":\"https:\/\/www.zahnaerzte-am-kurhaus.de\/wp-content\/uploads\/2022\/10\/background-kurhaus.jpg\",\"datePublished\":\"2023-01-09T12:41:40+00:00\",\"breadcrumb\":{\"@id\":\"https:\/\/www.zahnaerzte-am-kurhaus.de\/infocenter\/vorher-nachher-buch\/zahnaufhellung-in-der-praxis\/#breadcrumb\"},\"inLanguage\":\"en-US\",\"potentialAction\":[{\"@type\":\"ReadAction\",\"target\":[\"https:\/\/www.zahnaerzte-am-kurhaus.de\/infocenter\/vorher-nachher-buch\/zahnaufhellung-in-der-praxis\/\"]}]},{\"@type\":\"ImageObject\",\"inLanguage\":\"en-US\",\"@id\":\"https:\/\/www.zahnaerzte-am-kurhaus.de\/infocenter\/vorher-nachher-buch\/zahnaufhellung-in-der-praxis\/#primaryimage\",\"url\":\"https:\/\/www.zahnaerzte-am-kurhaus.de\/wp-content\/uploads\/2022\/10\/background-kurhaus.jpg\",\"contentUrl\":\"https:\/\/www.zahnaerzte-am-kurhaus.de\/wp-content\/uploads\/2022\/10\/background-kurhaus.jpg\",\"width\":1980,\"height\":691},{\"@type\":\"BreadcrumbList\",\"@id\":\"https:\/\/www.zahnaerzte-am-kurhaus.de\/infocenter\/vorher-nachher-buch\/zahnaufhellung-in-der-praxis\/#breadcrumb\",\"itemListElement\":[{\"@type\":\"ListItem\",\"position\":1,\"name\":\"Startseite\",\"item\":\"https:\/\/www.zahnaerzte-am-kurhaus.de\/en\/\"},{\"@type\":\"ListItem\",\"position\":2,\"name\":\"Infocenter\",\"item\":\"https:\/\/www.zahnaerzte-am-kurhaus.de\/en\/infocenter\/\"},{\"@type\":\"ListItem\",\"position\":3,\"name\":\"Before and After Book\",\"item\":\"https:\/\/www.zahnaerzte-am-kurhaus.de\/en\/infocenter\/before-and-after-book\/\"},{\"@type\":\"ListItem\",\"position\":4,\"name\":\"Zahnaufhellung in der Praxis\"}]},{\"@type\":\"WebSite\",\"@id\":\"https:\/\/www.zahnaerzte-am-kurhaus.de\/#website\",\"url\":\"https:\/\/www.zahnaerzte-am-kurhaus.de\/\",\"name\":\"Zahn\u00e4rzte am Kurhaus | Wiesbaden\",\"description\":\"\",\"potentialAction\":[{\"@type\":\"SearchAction\",\"target\":{\"@type\":\"EntryPoint\",\"urlTemplate\":\"https:\/\/www.zahnaerzte-am-kurhaus.de\/?s={search_term_string}\"},\"query-input\":{\"@type\":\"PropertyValueSpecification\",\"valueRequired\":true,\"valueName\":\"search_term_string\"}}],\"inLanguage\":\"en-US\"}]}<\/script>\n<!-- \/ Yoast SEO plugin. -->","yoast_head_json":{"title":"Zahnaufhellung in der Praxis - Zahn\u00e4rzte am Kurhaus | Wiesbaden","robots":{"index":"index","follow":"follow","max-snippet":"max-snippet:-1","max-image-preview":"max-image-preview:large","max-video-preview":"max-video-preview:-1"},"canonical":"https:\/\/www.zahnaerzte-am-kurhaus.de\/infocenter\/vorher-nachher-buch\/zahnaufhellung-in-der-praxis\/","og_locale":"en_US","og_type":"article","og_title":"Zahnaufhellung in der Praxis - Zahn\u00e4rzte am Kurhaus | Wiesbaden","og_description":"Zahnaufhellung in der Praxis Ein strahlendes L\u00e4cheln kann einem so manche T\u00fcr \u00f6ffnen: Es gibt Selbstvertrauen und l\u00e4sst einen vitaler und attraktiver aussehen. Deshalb ist es f\u00fcr so viele Menschen wichtig, sch\u00f6ne, nat\u00fcrlich wei\u00dfe Z\u00e4hne zu haben \u2013 aktuellen Studien w\u00fcnschen sich 85 % aller Menschen hellere Z\u00e4hne. Eine Zahnaufhellung ist immer dann m\u00f6glich, wenn [&hellip;]","og_url":"https:\/\/www.zahnaerzte-am-kurhaus.de\/infocenter\/vorher-nachher-buch\/zahnaufhellung-in-der-praxis\/","og_site_name":"Zahn\u00e4rzte am Kurhaus | Wiesbaden","og_image":[{"width":1980,"height":691,"url":"https:\/\/www.zahnaerzte-am-kurhaus.de\/wp-content\/uploads\/2022\/10\/background-kurhaus.jpg","type":"image\/jpeg"}],"twitter_card":"summary_large_image","schema":{"@context":"https:\/\/schema.org","@graph":[{"@type":"WebPage","@id":"https:\/\/www.zahnaerzte-am-kurhaus.de\/infocenter\/vorher-nachher-buch\/zahnaufhellung-in-der-praxis\/","url":"https:\/\/www.zahnaerzte-am-kurhaus.de\/infocenter\/vorher-nachher-buch\/zahnaufhellung-in-der-praxis\/","name":"Zahnaufhellung in der Praxis - Zahn\u00e4rzte am Kurhaus | Wiesbaden","isPartOf":{"@id":"https:\/\/www.zahnaerzte-am-kurhaus.de\/#website"},"primaryImageOfPage":{"@id":"https:\/\/www.zahnaerzte-am-kurhaus.de\/infocenter\/vorher-nachher-buch\/zahnaufhellung-in-der-praxis\/#primaryimage"},"image":{"@id":"https:\/\/www.zahnaerzte-am-kurhaus.de\/infocenter\/vorher-nachher-buch\/zahnaufhellung-in-der-praxis\/#primaryimage"},"thumbnailUrl":"https:\/\/www.zahnaerzte-am-kurhaus.de\/wp-content\/uploads\/2022\/10\/background-kurhaus.jpg","datePublished":"2023-01-09T12:41:40+00:00","breadcrumb":{"@id":"https:\/\/www.zahnaerzte-am-kurhaus.de\/infocenter\/vorher-nachher-buch\/zahnaufhellung-in-der-praxis\/#breadcrumb"},"inLanguage":"en-US","potentialAction":[{"@type":"ReadAction","target":["https:\/\/www.zahnaerzte-am-kurhaus.de\/infocenter\/vorher-nachher-buch\/zahnaufhellung-in-der-praxis\/"]}]},{"@type":"ImageObject","inLanguage":"en-US","@id":"https:\/\/www.zahnaerzte-am-kurhaus.de\/infocenter\/vorher-nachher-buch\/zahnaufhellung-in-der-praxis\/#primaryimage","url":"https:\/\/www.zahnaerzte-am-kurhaus.de\/wp-content\/uploads\/2022\/10\/background-kurhaus.jpg","contentUrl":"https:\/\/www.zahnaerzte-am-kurhaus.de\/wp-content\/uploads\/2022\/10\/background-kurhaus.jpg","width":1980,"height":691},{"@type":"BreadcrumbList","@id":"https:\/\/www.zahnaerzte-am-kurhaus.de\/infocenter\/vorher-nachher-buch\/zahnaufhellung-in-der-praxis\/#breadcrumb","itemListElement":[{"@type":"ListItem","position":1,"name":"Startseite","item":"https:\/\/www.zahnaerzte-am-kurhaus.de\/en\/"},{"@type":"ListItem","position":2,"name":"Infocenter","item":"https:\/\/www.zahnaerzte-am-kurhaus.de\/en\/infocenter\/"},{"@type":"ListItem","position":3,"name":"Before and After Book","item":"https:\/\/www.zahnaerzte-am-kurhaus.de\/en\/infocenter\/before-and-after-book\/"},{"@type":"ListItem","position":4,"name":"Zahnaufhellung in der Praxis"}]},{"@type":"WebSite","@id":"https:\/\/www.zahnaerzte-am-kurhaus.de\/#website","url":"https:\/\/www.zahnaerzte-am-kurhaus.de\/","name":"Zahn\u00e4rzte am Kurhaus | Wiesbaden","description":"","potentialAction":[{"@type":"SearchAction","target":{"@type":"EntryPoint","urlTemplate":"https:\/\/www.zahnaerzte-am-kurhaus.de\/?s={search_term_string}"},"query-input":{"@type":"PropertyValueSpecification","valueRequired":true,"valueName":"search_term_string"}}],"inLanguage":"en-US"}]}},"_links":{"self":[{"href":"https:\/\/www.zahnaerzte-am-kurhaus.de\/en\/wp-json\/wp\/v2\/pages\/2273","targetHints":{"allow":["GET"]}}],"collection":[{"href":"https:\/\/www.zahnaerzte-am-kurhaus.de\/en\/wp-json\/wp\/v2\/pages"}],"about":[{"href":"https:\/\/www.zahnaerzte-am-kurhaus.de\/en\/wp-json\/wp\/v2\/types\/page"}],"author":[{"embeddable":true,"href":"https:\/\/www.zahnaerzte-am-kurhaus.de\/en\/wp-json\/wp\/v2\/users\/3"}],"replies":[{"embeddable":true,"href":"https:\/\/www.zahnaerzte-am-kurhaus.de\/en\/wp-json\/wp\/v2\/comments?post=2273"}],"version-history":[{"count":1,"href":"https:\/\/www.zahnaerzte-am-kurhaus.de\/en\/wp-json\/wp\/v2\/pages\/2273\/revisions"}],"predecessor-version":[{"id":2284,"href":"https:\/\/www.zahnaerzte-am-kurhaus.de\/en\/wp-json\/wp\/v2\/pages\/2273\/revisions\/2284"}],"up":[{"embeddable":true,"href":"https:\/\/www.zahnaerzte-am-kurhaus.de\/en\/wp-json\/wp\/v2\/pages\/2253"}],"wp:featuredmedia":[{"embeddable":true,"href":"https:\/\/www.zahnaerzte-am-kurhaus.de\/en\/wp-json\/wp\/v2\/media\/1491"}],"wp:attachment":[{"href":"https:\/\/www.zahnaerzte-am-kurhaus.de\/en\/wp-json\/wp\/v2\/media?parent=2273"}],"curies":[{"name":"wp","href":"https:\/\/api.w.org\/{rel}","templated":true}]}}