{"id":2272,"date":"2023-01-09T13:41:33","date_gmt":"2023-01-09T12:41:33","guid":{"rendered":"https:\/\/kurhaus.ab-healthmedia.com\/?page_id=2272"},"modified":"2023-01-09T13:41:33","modified_gmt":"2023-01-09T12:41:33","slug":"wenn-nach-und-nach-immer-mehr-zahnsubstanz-verschwindet","status":"publish","type":"page","link":"https:\/\/www.zahnaerzte-am-kurhaus.de\/en\/infocenter\/before-and-after-book\/wenn-nach-und-nach-immer-mehr-zahnsubstanz-verschwindet\/","title":{"rendered":"Wenn nach und nach immer mehr Zahnsubstanz verschwindet"},"content":{"rendered":"<h1>Wenn nach und nach immer mehr Zahnsubstanz verschwindet<\/h1>\n<p>Immer h\u00e4ufiger finden sich nicht nur vereinzelte und kleinere Verluste der Zahnsubstanz, die lediglich einer lokalen Erg\u00e4nzung bed\u00fcrfen. In diesen F\u00e4llen stellt Ihr Zahnarzt fest, dass der Zahnschmelz und das darunter befindliche Zahnbein (Dentin) oft schon erheblich reduziert worden sind.<\/p>\n<p><img loading=\"lazy\" decoding=\"async\" class=\"alignnone size-medium wp-image-468\" src=\"https:\/\/www.zahnaerzte-am-kurhaus.de\/wp-content\/uploads\/2022\/08\/Screenshot-2022-08-19-21.31.36-300x196.png\" alt=\"\" width=\"300\" height=\"196\" \/><\/p>\n<p>Deutliche Ver\u00e4nderung der Bisskanten [M]<br \/>\nBetrifft dies die Schneidekanten oder Kaufl\u00e4chen der Z\u00e4hne, ver\u00e4ndert sich der \u201eBiss\u201c der Z\u00e4hne: Die H\u00f6he nimmt ab und die Position des Kiefergelenks ver\u00e4ndert sich. Anpassen m\u00fcssen sich dann auch die Kaumuskulatur und B\u00e4nder, die zusammen mit dem Gelenk das Kauen der Z\u00e4hne erst erm\u00f6glichen.<\/p>\n<p>Ihre\u00a0Zahn\u00e4rzte\u00a0in\u00a0Wiesbaden\u00a0weisen darauf hin, dass die Ursachen neben einem Zuviel an S\u00e4ure (Softdrinks,\u00a0Bulimie,\u00a0Reflux) auch eine \u00fcberm\u00e4\u00dfige Belastung durch Knirschen, Reiben oder Pressen der Z\u00e4hne aufeinander sein k\u00f6nnen. Diese Prozesse verselbstst\u00e4ndigen sich leider gerne. Das Kausystem kann nicht immer alle Ver\u00e4nderungen tolerieren. Schmerzen der Gelenke und der Muskulatur k\u00f6nnen die Folge sein.<\/p>\n<p>Um diese Abw\u00e4rtsspirale zu durchbrechen, kann dann der Aufbau einer \u201egesunden\u201c h\u00f6heren Bissh\u00f6he erforderlich sein.<\/p>\n<p><img loading=\"lazy\" decoding=\"async\" class=\"alignnone size-medium wp-image-469\" src=\"https:\/\/www.zahnaerzte-am-kurhaus.de\/wp-content\/uploads\/2022\/08\/Screenshot-2022-08-19-21.33.23-300x196.png\" alt=\"\" width=\"300\" height=\"196\" \/><\/p>\n<p>Erg\u00e4nzung der Bisskanten, Verbesserung der Bissh\u00f6he und Okklusion [M]<\/p>\n","protected":false},"excerpt":{"rendered":"<p>Wenn nach und nach immer mehr Zahnsubstanz verschwindet Immer h\u00e4ufiger finden sich nicht nur vereinzelte und kleinere Verluste der Zahnsubstanz, die lediglich einer lokalen Erg\u00e4nzung bed\u00fcrfen. In diesen F\u00e4llen stellt Ihr Zahnarzt fest, dass der Zahnschmelz und das darunter befindliche Zahnbein (Dentin) oft schon erheblich reduziert worden sind. Deutliche Ver\u00e4nderung der Bisskanten [M] Betrifft dies [&hellip;]<\/p>\n","protected":false},"author":3,"featured_media":1491,"parent":2253,"menu_order":0,"comment_status":"closed","ping_status":"closed","template":"page-vorher-nachher.php","meta":{"_acf_changed":false,"footnotes":""},"class_list":["post-2272","page","type-page","status-publish","has-post-thumbnail","hentry"],"acf":[],"yoast_head":"<!-- This site is optimized with the Yoast SEO plugin v26.6 - https:\/\/yoast.com\/wordpress\/plugins\/seo\/ -->\n<title>Wenn nach und nach immer mehr Zahnsubstanz verschwindet - Zahn\u00e4rzte am Kurhaus | Wiesbaden<\/title>\n<meta name=\"robots\" content=\"index, follow, max-snippet:-1, max-image-preview:large, max-video-preview:-1\" \/>\n<link rel=\"canonical\" href=\"https:\/\/www.zahnaerzte-am-kurhaus.de\/en\/infocenter\/before-and-after-book\/wenn-nach-und-nach-immer-mehr-zahnsubstanz-verschwindet\/\" \/>\n<meta property=\"og:locale\" content=\"en_US\" \/>\n<meta property=\"og:type\" content=\"article\" \/>\n<meta property=\"og:title\" content=\"Wenn nach und nach immer mehr Zahnsubstanz verschwindet - Zahn\u00e4rzte am Kurhaus | Wiesbaden\" \/>\n<meta property=\"og:description\" content=\"Wenn nach und nach immer mehr Zahnsubstanz verschwindet Immer h\u00e4ufiger finden sich nicht nur vereinzelte und kleinere Verluste der Zahnsubstanz, die lediglich einer lokalen Erg\u00e4nzung bed\u00fcrfen. In diesen F\u00e4llen stellt Ihr Zahnarzt fest, dass der Zahnschmelz und das darunter befindliche Zahnbein (Dentin) oft schon erheblich reduziert worden sind. Deutliche Ver\u00e4nderung der Bisskanten [M] Betrifft dies [&hellip;]\" \/>\n<meta property=\"og:url\" content=\"https:\/\/www.zahnaerzte-am-kurhaus.de\/en\/infocenter\/before-and-after-book\/wenn-nach-und-nach-immer-mehr-zahnsubstanz-verschwindet\/\" \/>\n<meta property=\"og:site_name\" content=\"Zahn\u00e4rzte am Kurhaus | Wiesbaden\" \/>\n<meta property=\"og:image\" content=\"https:\/\/www.zahnaerzte-am-kurhaus.de\/wp-content\/uploads\/2022\/10\/background-kurhaus.jpg\" \/>\n\t<meta property=\"og:image:width\" content=\"1980\" \/>\n\t<meta property=\"og:image:height\" content=\"691\" \/>\n\t<meta property=\"og:image:type\" content=\"image\/jpeg\" \/>\n<meta name=\"twitter:card\" content=\"summary_large_image\" \/>\n<script type=\"application\/ld+json\" class=\"yoast-schema-graph\">{\"@context\":\"https:\/\/schema.org\",\"@graph\":[{\"@type\":\"WebPage\",\"@id\":\"https:\/\/www.zahnaerzte-am-kurhaus.de\/en\/infocenter\/before-and-after-book\/wenn-nach-und-nach-immer-mehr-zahnsubstanz-verschwindet\/\",\"url\":\"https:\/\/www.zahnaerzte-am-kurhaus.de\/en\/infocenter\/before-and-after-book\/wenn-nach-und-nach-immer-mehr-zahnsubstanz-verschwindet\/\",\"name\":\"Wenn nach und nach immer mehr Zahnsubstanz verschwindet - Zahn\u00e4rzte am Kurhaus | Wiesbaden\",\"isPartOf\":{\"@id\":\"https:\/\/www.zahnaerzte-am-kurhaus.de\/#website\"},\"primaryImageOfPage\":{\"@id\":\"https:\/\/www.zahnaerzte-am-kurhaus.de\/en\/infocenter\/before-and-after-book\/wenn-nach-und-nach-immer-mehr-zahnsubstanz-verschwindet\/#primaryimage\"},\"image\":{\"@id\":\"https:\/\/www.zahnaerzte-am-kurhaus.de\/en\/infocenter\/before-and-after-book\/wenn-nach-und-nach-immer-mehr-zahnsubstanz-verschwindet\/#primaryimage\"},\"thumbnailUrl\":\"https:\/\/www.zahnaerzte-am-kurhaus.de\/wp-content\/uploads\/2022\/10\/background-kurhaus.jpg\",\"datePublished\":\"2023-01-09T12:41:33+00:00\",\"breadcrumb\":{\"@id\":\"https:\/\/www.zahnaerzte-am-kurhaus.de\/en\/infocenter\/before-and-after-book\/wenn-nach-und-nach-immer-mehr-zahnsubstanz-verschwindet\/#breadcrumb\"},\"inLanguage\":\"en-US\",\"potentialAction\":[{\"@type\":\"ReadAction\",\"target\":[\"https:\/\/www.zahnaerzte-am-kurhaus.de\/en\/infocenter\/before-and-after-book\/wenn-nach-und-nach-immer-mehr-zahnsubstanz-verschwindet\/\"]}]},{\"@type\":\"ImageObject\",\"inLanguage\":\"en-US\",\"@id\":\"https:\/\/www.zahnaerzte-am-kurhaus.de\/en\/infocenter\/before-and-after-book\/wenn-nach-und-nach-immer-mehr-zahnsubstanz-verschwindet\/#primaryimage\",\"url\":\"https:\/\/www.zahnaerzte-am-kurhaus.de\/wp-content\/uploads\/2022\/10\/background-kurhaus.jpg\",\"contentUrl\":\"https:\/\/www.zahnaerzte-am-kurhaus.de\/wp-content\/uploads\/2022\/10\/background-kurhaus.jpg\",\"width\":1980,\"height\":691},{\"@type\":\"BreadcrumbList\",\"@id\":\"https:\/\/www.zahnaerzte-am-kurhaus.de\/en\/infocenter\/before-and-after-book\/wenn-nach-und-nach-immer-mehr-zahnsubstanz-verschwindet\/#breadcrumb\",\"itemListElement\":[{\"@type\":\"ListItem\",\"position\":1,\"name\":\"Startseite\",\"item\":\"https:\/\/www.zahnaerzte-am-kurhaus.de\/en\/\"},{\"@type\":\"ListItem\",\"position\":2,\"name\":\"Infocenter\",\"item\":\"https:\/\/www.zahnaerzte-am-kurhaus.de\/en\/infocenter\/\"},{\"@type\":\"ListItem\",\"position\":3,\"name\":\"Before and After Book\",\"item\":\"https:\/\/www.zahnaerzte-am-kurhaus.de\/en\/infocenter\/before-and-after-book\/\"},{\"@type\":\"ListItem\",\"position\":4,\"name\":\"Wenn nach und nach immer mehr Zahnsubstanz verschwindet\"}]},{\"@type\":\"WebSite\",\"@id\":\"https:\/\/www.zahnaerzte-am-kurhaus.de\/#website\",\"url\":\"https:\/\/www.zahnaerzte-am-kurhaus.de\/\",\"name\":\"Zahn\u00e4rzte am Kurhaus | Wiesbaden\",\"description\":\"\",\"potentialAction\":[{\"@type\":\"SearchAction\",\"target\":{\"@type\":\"EntryPoint\",\"urlTemplate\":\"https:\/\/www.zahnaerzte-am-kurhaus.de\/?s={search_term_string}\"},\"query-input\":{\"@type\":\"PropertyValueSpecification\",\"valueRequired\":true,\"valueName\":\"search_term_string\"}}],\"inLanguage\":\"en-US\"}]}<\/script>\n<!-- \/ Yoast SEO plugin. -->","yoast_head_json":{"title":"Wenn nach und nach immer mehr Zahnsubstanz verschwindet - Zahn\u00e4rzte am Kurhaus | Wiesbaden","robots":{"index":"index","follow":"follow","max-snippet":"max-snippet:-1","max-image-preview":"max-image-preview:large","max-video-preview":"max-video-preview:-1"},"canonical":"https:\/\/www.zahnaerzte-am-kurhaus.de\/en\/infocenter\/before-and-after-book\/wenn-nach-und-nach-immer-mehr-zahnsubstanz-verschwindet\/","og_locale":"en_US","og_type":"article","og_title":"Wenn nach und nach immer mehr Zahnsubstanz verschwindet - Zahn\u00e4rzte am Kurhaus | Wiesbaden","og_description":"Wenn nach und nach immer mehr Zahnsubstanz verschwindet Immer h\u00e4ufiger finden sich nicht nur vereinzelte und kleinere Verluste der Zahnsubstanz, die lediglich einer lokalen Erg\u00e4nzung bed\u00fcrfen. In diesen F\u00e4llen stellt Ihr Zahnarzt fest, dass der Zahnschmelz und das darunter befindliche Zahnbein (Dentin) oft schon erheblich reduziert worden sind. Deutliche Ver\u00e4nderung der Bisskanten [M] Betrifft dies [&hellip;]","og_url":"https:\/\/www.zahnaerzte-am-kurhaus.de\/en\/infocenter\/before-and-after-book\/wenn-nach-und-nach-immer-mehr-zahnsubstanz-verschwindet\/","og_site_name":"Zahn\u00e4rzte am Kurhaus | Wiesbaden","og_image":[{"width":1980,"height":691,"url":"https:\/\/www.zahnaerzte-am-kurhaus.de\/wp-content\/uploads\/2022\/10\/background-kurhaus.jpg","type":"image\/jpeg"}],"twitter_card":"summary_large_image","schema":{"@context":"https:\/\/schema.org","@graph":[{"@type":"WebPage","@id":"https:\/\/www.zahnaerzte-am-kurhaus.de\/en\/infocenter\/before-and-after-book\/wenn-nach-und-nach-immer-mehr-zahnsubstanz-verschwindet\/","url":"https:\/\/www.zahnaerzte-am-kurhaus.de\/en\/infocenter\/before-and-after-book\/wenn-nach-und-nach-immer-mehr-zahnsubstanz-verschwindet\/","name":"Wenn nach und nach immer mehr Zahnsubstanz verschwindet - Zahn\u00e4rzte am Kurhaus | Wiesbaden","isPartOf":{"@id":"https:\/\/www.zahnaerzte-am-kurhaus.de\/#website"},"primaryImageOfPage":{"@id":"https:\/\/www.zahnaerzte-am-kurhaus.de\/en\/infocenter\/before-and-after-book\/wenn-nach-und-nach-immer-mehr-zahnsubstanz-verschwindet\/#primaryimage"},"image":{"@id":"https:\/\/www.zahnaerzte-am-kurhaus.de\/en\/infocenter\/before-and-after-book\/wenn-nach-und-nach-immer-mehr-zahnsubstanz-verschwindet\/#primaryimage"},"thumbnailUrl":"https:\/\/www.zahnaerzte-am-kurhaus.de\/wp-content\/uploads\/2022\/10\/background-kurhaus.jpg","datePublished":"2023-01-09T12:41:33+00:00","breadcrumb":{"@id":"https:\/\/www.zahnaerzte-am-kurhaus.de\/en\/infocenter\/before-and-after-book\/wenn-nach-und-nach-immer-mehr-zahnsubstanz-verschwindet\/#breadcrumb"},"inLanguage":"en-US","potentialAction":[{"@type":"ReadAction","target":["https:\/\/www.zahnaerzte-am-kurhaus.de\/en\/infocenter\/before-and-after-book\/wenn-nach-und-nach-immer-mehr-zahnsubstanz-verschwindet\/"]}]},{"@type":"ImageObject","inLanguage":"en-US","@id":"https:\/\/www.zahnaerzte-am-kurhaus.de\/en\/infocenter\/before-and-after-book\/wenn-nach-und-nach-immer-mehr-zahnsubstanz-verschwindet\/#primaryimage","url":"https:\/\/www.zahnaerzte-am-kurhaus.de\/wp-content\/uploads\/2022\/10\/background-kurhaus.jpg","contentUrl":"https:\/\/www.zahnaerzte-am-kurhaus.de\/wp-content\/uploads\/2022\/10\/background-kurhaus.jpg","width":1980,"height":691},{"@type":"BreadcrumbList","@id":"https:\/\/www.zahnaerzte-am-kurhaus.de\/en\/infocenter\/before-and-after-book\/wenn-nach-und-nach-immer-mehr-zahnsubstanz-verschwindet\/#breadcrumb","itemListElement":[{"@type":"ListItem","position":1,"name":"Startseite","item":"https:\/\/www.zahnaerzte-am-kurhaus.de\/en\/"},{"@type":"ListItem","position":2,"name":"Infocenter","item":"https:\/\/www.zahnaerzte-am-kurhaus.de\/en\/infocenter\/"},{"@type":"ListItem","position":3,"name":"Before and After Book","item":"https:\/\/www.zahnaerzte-am-kurhaus.de\/en\/infocenter\/before-and-after-book\/"},{"@type":"ListItem","position":4,"name":"Wenn nach und nach immer mehr Zahnsubstanz verschwindet"}]},{"@type":"WebSite","@id":"https:\/\/www.zahnaerzte-am-kurhaus.de\/#website","url":"https:\/\/www.zahnaerzte-am-kurhaus.de\/","name":"Zahn\u00e4rzte am Kurhaus | Wiesbaden","description":"","potentialAction":[{"@type":"SearchAction","target":{"@type":"EntryPoint","urlTemplate":"https:\/\/www.zahnaerzte-am-kurhaus.de\/?s={search_term_string}"},"query-input":{"@type":"PropertyValueSpecification","valueRequired":true,"valueName":"search_term_string"}}],"inLanguage":"en-US"}]}},"_links":{"self":[{"href":"https:\/\/www.zahnaerzte-am-kurhaus.de\/en\/wp-json\/wp\/v2\/pages\/2272","targetHints":{"allow":["GET"]}}],"collection":[{"href":"https:\/\/www.zahnaerzte-am-kurhaus.de\/en\/wp-json\/wp\/v2\/pages"}],"about":[{"href":"https:\/\/www.zahnaerzte-am-kurhaus.de\/en\/wp-json\/wp\/v2\/types\/page"}],"author":[{"embeddable":true,"href":"https:\/\/www.zahnaerzte-am-kurhaus.de\/en\/wp-json\/wp\/v2\/users\/3"}],"replies":[{"embeddable":true,"href":"https:\/\/www.zahnaerzte-am-kurhaus.de\/en\/wp-json\/wp\/v2\/comments?post=2272"}],"version-history":[{"count":1,"href":"https:\/\/www.zahnaerzte-am-kurhaus.de\/en\/wp-json\/wp\/v2\/pages\/2272\/revisions"}],"predecessor-version":[{"id":2283,"href":"https:\/\/www.zahnaerzte-am-kurhaus.de\/en\/wp-json\/wp\/v2\/pages\/2272\/revisions\/2283"}],"up":[{"embeddable":true,"href":"https:\/\/www.zahnaerzte-am-kurhaus.de\/en\/wp-json\/wp\/v2\/pages\/2253"}],"wp:featuredmedia":[{"embeddable":true,"href":"https:\/\/www.zahnaerzte-am-kurhaus.de\/en\/wp-json\/wp\/v2\/media\/1491"}],"wp:attachment":[{"href":"https:\/\/www.zahnaerzte-am-kurhaus.de\/en\/wp-json\/wp\/v2\/media?parent=2272"}],"curies":[{"name":"wp","href":"https:\/\/api.w.org\/{rel}","templated":true}]}}