{"id":2269,"date":"2023-01-09T13:41:15","date_gmt":"2023-01-09T12:41:15","guid":{"rendered":"https:\/\/kurhaus.ab-healthmedia.com\/?page_id=2269"},"modified":"2023-01-09T13:41:15","modified_gmt":"2023-01-09T12:41:15","slug":"einleitung","status":"publish","type":"page","link":"https:\/\/www.zahnaerzte-am-kurhaus.de\/en\/infocenter\/before-and-after-book\/einleitung\/","title":{"rendered":"Einleitung"},"content":{"rendered":"<h1>Einleitung<\/h1>\n<p>Zahn\u00e4rzte am Kurhaus<\/p>\n<p>Vorher-Nachher-Vergleich<\/p>\n<h2>M\u00f6glichkeiten der modernen \u00e4sthetischen Zahnmedizin<\/h2>\n<h3>Behandlungsbeispiele der Zahn\u00e4rzte am Kurhaus in Wiesbaden<\/h3>\n<p>Liebe Patienten,<\/p>\n<p>die Behandlungsmethoden in der Zahnmedizin haben sich in den vergangenen Jahren rasant weiterentwickelt. Moderne Materialien, hochaufl\u00f6sende Lupenbrillen und Mikroskope erm\u00f6glichen substanzschonende Techniken. Die Pr\u00e4zision kann durch die deutlich bessere Sicht erheblich gesteigert werden.<\/p>\n<p>Auch gibt es mehr und bessere diagnostische M\u00f6glichkeiten: Im Rahmen unserer\u00a0Kariesbehandlung\u00a0in unserer\u00a0Wiesbadener\u00a0Praxis arbeiten unsere\u00a0Zahn\u00e4rzte\u00a0mit einer sensitiven Kamera (DIAGNOCAM), mit deren Hilfe\u00a0Kariesl\u00e4sionen\u00a0strahlungsfrei entdeckt werden k\u00f6nnen. Die brandneuen R\u00f6ntgenr\u00f6hren reduzieren zusammen mit der Digitaltechnik die Strahlenbelastung auf ein Minimum. Mit dem DVT lassen sich alle Kieferbereiche auch dreidimensional darstellen und damit Diagnostik und Planung optimieren.<\/p>\n<p>Unsere\u00a0<em>Zahn\u00e4rzte<\/em>\u00a0empfehlen: Sollte der Behandlungsstress einmal zu gro\u00df werden und eine Narkose zu aufwendig sein, kann mithilfe von Lachgas das Prozedere deutlich angenehmer und entspannter gestaltet werden. Denn wir legen besonderen Wert darauf, dass Sie sich w\u00e4hrend Ihres Aufenthalts in unserer\u00a0Wiesbadener\u00a0Praxis wohlf\u00fchlen.<\/p>\n<p>Mit den verbesserten Techniken gelingt es h\u00e4ufiger, die vorhandene gesunde Zahnsubstanz zu schonen und Z\u00e4hne gesund zu erhalten. Mit Ihrer Mithilfe sogar ein Leben lang.<\/p>\n<p>Dieses Buch zeigt Ihnen, wie unser\u00a0Zahn\u00e4rzte-Team typische und h\u00e4ufige Probleme l\u00f6sen kann. Alle diese F\u00e4lle sind ausschlie\u00dflich in unserer Praxis in\u00a0<em>Wiesbaden<\/em>\u00a0behandelt worden.<\/p>\n<p>Unser gesamtes Team bildet sich kontinuierlich weiter, damit wir Ihnen auch in der Zukunft die bestm\u00f6glichen Behandlungsoptionen offerieren k\u00f6nnen. Die Spezialisierung unserer Behandler erm\u00f6glicht es uns, gemeinsam mit Ihnen auch anspruchsvolle und komplexe Situationen zu l\u00f6sen.<\/p>\n<p>Ihre ZAHN\u00c4RZTE AM KURHAUS in Wiesbaden<\/p>\n","protected":false},"excerpt":{"rendered":"<p>Einleitung Zahn\u00e4rzte am Kurhaus Vorher-Nachher-Vergleich M\u00f6glichkeiten der modernen \u00e4sthetischen Zahnmedizin Behandlungsbeispiele der Zahn\u00e4rzte am Kurhaus in Wiesbaden Liebe Patienten, die Behandlungsmethoden in der Zahnmedizin haben sich in den vergangenen Jahren rasant weiterentwickelt. Moderne Materialien, hochaufl\u00f6sende Lupenbrillen und Mikroskope erm\u00f6glichen substanzschonende Techniken. Die Pr\u00e4zision kann durch die deutlich bessere Sicht erheblich gesteigert werden. Auch gibt es [&hellip;]<\/p>\n","protected":false},"author":3,"featured_media":1491,"parent":2253,"menu_order":0,"comment_status":"closed","ping_status":"closed","template":"page-vorher-nachher.php","meta":{"_acf_changed":false,"footnotes":""},"class_list":["post-2269","page","type-page","status-publish","has-post-thumbnail","hentry"],"acf":[],"yoast_head":"<!-- This site is optimized with the Yoast SEO plugin v26.6 - https:\/\/yoast.com\/wordpress\/plugins\/seo\/ -->\n<title>Einleitung - Zahn\u00e4rzte am Kurhaus | Wiesbaden<\/title>\n<meta name=\"robots\" content=\"index, follow, max-snippet:-1, max-image-preview:large, max-video-preview:-1\" \/>\n<link rel=\"canonical\" href=\"https:\/\/www.zahnaerzte-am-kurhaus.de\/infocenter\/vorher-nachher-buch\/einleitung\/\" \/>\n<meta property=\"og:locale\" content=\"en_US\" \/>\n<meta property=\"og:type\" content=\"article\" \/>\n<meta property=\"og:title\" content=\"Einleitung - Zahn\u00e4rzte am Kurhaus | Wiesbaden\" \/>\n<meta property=\"og:description\" content=\"Einleitung Zahn\u00e4rzte am Kurhaus Vorher-Nachher-Vergleich M\u00f6glichkeiten der modernen \u00e4sthetischen Zahnmedizin Behandlungsbeispiele der Zahn\u00e4rzte am Kurhaus in Wiesbaden Liebe Patienten, die Behandlungsmethoden in der Zahnmedizin haben sich in den vergangenen Jahren rasant weiterentwickelt. Moderne Materialien, hochaufl\u00f6sende Lupenbrillen und Mikroskope erm\u00f6glichen substanzschonende Techniken. Die Pr\u00e4zision kann durch die deutlich bessere Sicht erheblich gesteigert werden. Auch gibt es [&hellip;]\" \/>\n<meta property=\"og:url\" content=\"https:\/\/www.zahnaerzte-am-kurhaus.de\/infocenter\/vorher-nachher-buch\/einleitung\/\" \/>\n<meta property=\"og:site_name\" content=\"Zahn\u00e4rzte am Kurhaus | Wiesbaden\" \/>\n<meta property=\"og:image\" content=\"https:\/\/www.zahnaerzte-am-kurhaus.de\/wp-content\/uploads\/2022\/10\/background-kurhaus.jpg\" \/>\n\t<meta property=\"og:image:width\" content=\"1980\" \/>\n\t<meta property=\"og:image:height\" content=\"691\" \/>\n\t<meta property=\"og:image:type\" content=\"image\/jpeg\" \/>\n<meta name=\"twitter:card\" content=\"summary_large_image\" \/>\n<script type=\"application\/ld+json\" class=\"yoast-schema-graph\">{\"@context\":\"https:\/\/schema.org\",\"@graph\":[{\"@type\":\"WebPage\",\"@id\":\"https:\/\/www.zahnaerzte-am-kurhaus.de\/infocenter\/vorher-nachher-buch\/einleitung\/\",\"url\":\"https:\/\/www.zahnaerzte-am-kurhaus.de\/infocenter\/vorher-nachher-buch\/einleitung\/\",\"name\":\"Einleitung - Zahn\u00e4rzte am Kurhaus | Wiesbaden\",\"isPartOf\":{\"@id\":\"https:\/\/www.zahnaerzte-am-kurhaus.de\/#website\"},\"primaryImageOfPage\":{\"@id\":\"https:\/\/www.zahnaerzte-am-kurhaus.de\/infocenter\/vorher-nachher-buch\/einleitung\/#primaryimage\"},\"image\":{\"@id\":\"https:\/\/www.zahnaerzte-am-kurhaus.de\/infocenter\/vorher-nachher-buch\/einleitung\/#primaryimage\"},\"thumbnailUrl\":\"https:\/\/www.zahnaerzte-am-kurhaus.de\/wp-content\/uploads\/2022\/10\/background-kurhaus.jpg\",\"datePublished\":\"2023-01-09T12:41:15+00:00\",\"breadcrumb\":{\"@id\":\"https:\/\/www.zahnaerzte-am-kurhaus.de\/infocenter\/vorher-nachher-buch\/einleitung\/#breadcrumb\"},\"inLanguage\":\"en-US\",\"potentialAction\":[{\"@type\":\"ReadAction\",\"target\":[\"https:\/\/www.zahnaerzte-am-kurhaus.de\/infocenter\/vorher-nachher-buch\/einleitung\/\"]}]},{\"@type\":\"ImageObject\",\"inLanguage\":\"en-US\",\"@id\":\"https:\/\/www.zahnaerzte-am-kurhaus.de\/infocenter\/vorher-nachher-buch\/einleitung\/#primaryimage\",\"url\":\"https:\/\/www.zahnaerzte-am-kurhaus.de\/wp-content\/uploads\/2022\/10\/background-kurhaus.jpg\",\"contentUrl\":\"https:\/\/www.zahnaerzte-am-kurhaus.de\/wp-content\/uploads\/2022\/10\/background-kurhaus.jpg\",\"width\":1980,\"height\":691},{\"@type\":\"BreadcrumbList\",\"@id\":\"https:\/\/www.zahnaerzte-am-kurhaus.de\/infocenter\/vorher-nachher-buch\/einleitung\/#breadcrumb\",\"itemListElement\":[{\"@type\":\"ListItem\",\"position\":1,\"name\":\"Startseite\",\"item\":\"https:\/\/www.zahnaerzte-am-kurhaus.de\/en\/\"},{\"@type\":\"ListItem\",\"position\":2,\"name\":\"Infocenter\",\"item\":\"https:\/\/www.zahnaerzte-am-kurhaus.de\/en\/infocenter\/\"},{\"@type\":\"ListItem\",\"position\":3,\"name\":\"Before and After Book\",\"item\":\"https:\/\/www.zahnaerzte-am-kurhaus.de\/en\/infocenter\/before-and-after-book\/\"},{\"@type\":\"ListItem\",\"position\":4,\"name\":\"Einleitung\"}]},{\"@type\":\"WebSite\",\"@id\":\"https:\/\/www.zahnaerzte-am-kurhaus.de\/#website\",\"url\":\"https:\/\/www.zahnaerzte-am-kurhaus.de\/\",\"name\":\"Zahn\u00e4rzte am Kurhaus | Wiesbaden\",\"description\":\"\",\"potentialAction\":[{\"@type\":\"SearchAction\",\"target\":{\"@type\":\"EntryPoint\",\"urlTemplate\":\"https:\/\/www.zahnaerzte-am-kurhaus.de\/?s={search_term_string}\"},\"query-input\":{\"@type\":\"PropertyValueSpecification\",\"valueRequired\":true,\"valueName\":\"search_term_string\"}}],\"inLanguage\":\"en-US\"}]}<\/script>\n<!-- \/ Yoast SEO plugin. -->","yoast_head_json":{"title":"Einleitung - Zahn\u00e4rzte am Kurhaus | Wiesbaden","robots":{"index":"index","follow":"follow","max-snippet":"max-snippet:-1","max-image-preview":"max-image-preview:large","max-video-preview":"max-video-preview:-1"},"canonical":"https:\/\/www.zahnaerzte-am-kurhaus.de\/infocenter\/vorher-nachher-buch\/einleitung\/","og_locale":"en_US","og_type":"article","og_title":"Einleitung - Zahn\u00e4rzte am Kurhaus | Wiesbaden","og_description":"Einleitung Zahn\u00e4rzte am Kurhaus Vorher-Nachher-Vergleich M\u00f6glichkeiten der modernen \u00e4sthetischen Zahnmedizin Behandlungsbeispiele der Zahn\u00e4rzte am Kurhaus in Wiesbaden Liebe Patienten, die Behandlungsmethoden in der Zahnmedizin haben sich in den vergangenen Jahren rasant weiterentwickelt. Moderne Materialien, hochaufl\u00f6sende Lupenbrillen und Mikroskope erm\u00f6glichen substanzschonende Techniken. Die Pr\u00e4zision kann durch die deutlich bessere Sicht erheblich gesteigert werden. Auch gibt es [&hellip;]","og_url":"https:\/\/www.zahnaerzte-am-kurhaus.de\/infocenter\/vorher-nachher-buch\/einleitung\/","og_site_name":"Zahn\u00e4rzte am Kurhaus | Wiesbaden","og_image":[{"width":1980,"height":691,"url":"https:\/\/www.zahnaerzte-am-kurhaus.de\/wp-content\/uploads\/2022\/10\/background-kurhaus.jpg","type":"image\/jpeg"}],"twitter_card":"summary_large_image","schema":{"@context":"https:\/\/schema.org","@graph":[{"@type":"WebPage","@id":"https:\/\/www.zahnaerzte-am-kurhaus.de\/infocenter\/vorher-nachher-buch\/einleitung\/","url":"https:\/\/www.zahnaerzte-am-kurhaus.de\/infocenter\/vorher-nachher-buch\/einleitung\/","name":"Einleitung - Zahn\u00e4rzte am Kurhaus | Wiesbaden","isPartOf":{"@id":"https:\/\/www.zahnaerzte-am-kurhaus.de\/#website"},"primaryImageOfPage":{"@id":"https:\/\/www.zahnaerzte-am-kurhaus.de\/infocenter\/vorher-nachher-buch\/einleitung\/#primaryimage"},"image":{"@id":"https:\/\/www.zahnaerzte-am-kurhaus.de\/infocenter\/vorher-nachher-buch\/einleitung\/#primaryimage"},"thumbnailUrl":"https:\/\/www.zahnaerzte-am-kurhaus.de\/wp-content\/uploads\/2022\/10\/background-kurhaus.jpg","datePublished":"2023-01-09T12:41:15+00:00","breadcrumb":{"@id":"https:\/\/www.zahnaerzte-am-kurhaus.de\/infocenter\/vorher-nachher-buch\/einleitung\/#breadcrumb"},"inLanguage":"en-US","potentialAction":[{"@type":"ReadAction","target":["https:\/\/www.zahnaerzte-am-kurhaus.de\/infocenter\/vorher-nachher-buch\/einleitung\/"]}]},{"@type":"ImageObject","inLanguage":"en-US","@id":"https:\/\/www.zahnaerzte-am-kurhaus.de\/infocenter\/vorher-nachher-buch\/einleitung\/#primaryimage","url":"https:\/\/www.zahnaerzte-am-kurhaus.de\/wp-content\/uploads\/2022\/10\/background-kurhaus.jpg","contentUrl":"https:\/\/www.zahnaerzte-am-kurhaus.de\/wp-content\/uploads\/2022\/10\/background-kurhaus.jpg","width":1980,"height":691},{"@type":"BreadcrumbList","@id":"https:\/\/www.zahnaerzte-am-kurhaus.de\/infocenter\/vorher-nachher-buch\/einleitung\/#breadcrumb","itemListElement":[{"@type":"ListItem","position":1,"name":"Startseite","item":"https:\/\/www.zahnaerzte-am-kurhaus.de\/en\/"},{"@type":"ListItem","position":2,"name":"Infocenter","item":"https:\/\/www.zahnaerzte-am-kurhaus.de\/en\/infocenter\/"},{"@type":"ListItem","position":3,"name":"Before and After Book","item":"https:\/\/www.zahnaerzte-am-kurhaus.de\/en\/infocenter\/before-and-after-book\/"},{"@type":"ListItem","position":4,"name":"Einleitung"}]},{"@type":"WebSite","@id":"https:\/\/www.zahnaerzte-am-kurhaus.de\/#website","url":"https:\/\/www.zahnaerzte-am-kurhaus.de\/","name":"Zahn\u00e4rzte am Kurhaus | Wiesbaden","description":"","potentialAction":[{"@type":"SearchAction","target":{"@type":"EntryPoint","urlTemplate":"https:\/\/www.zahnaerzte-am-kurhaus.de\/?s={search_term_string}"},"query-input":{"@type":"PropertyValueSpecification","valueRequired":true,"valueName":"search_term_string"}}],"inLanguage":"en-US"}]}},"_links":{"self":[{"href":"https:\/\/www.zahnaerzte-am-kurhaus.de\/en\/wp-json\/wp\/v2\/pages\/2269","targetHints":{"allow":["GET"]}}],"collection":[{"href":"https:\/\/www.zahnaerzte-am-kurhaus.de\/en\/wp-json\/wp\/v2\/pages"}],"about":[{"href":"https:\/\/www.zahnaerzte-am-kurhaus.de\/en\/wp-json\/wp\/v2\/types\/page"}],"author":[{"embeddable":true,"href":"https:\/\/www.zahnaerzte-am-kurhaus.de\/en\/wp-json\/wp\/v2\/users\/3"}],"replies":[{"embeddable":true,"href":"https:\/\/www.zahnaerzte-am-kurhaus.de\/en\/wp-json\/wp\/v2\/comments?post=2269"}],"version-history":[{"count":1,"href":"https:\/\/www.zahnaerzte-am-kurhaus.de\/en\/wp-json\/wp\/v2\/pages\/2269\/revisions"}],"predecessor-version":[{"id":2280,"href":"https:\/\/www.zahnaerzte-am-kurhaus.de\/en\/wp-json\/wp\/v2\/pages\/2269\/revisions\/2280"}],"up":[{"embeddable":true,"href":"https:\/\/www.zahnaerzte-am-kurhaus.de\/en\/wp-json\/wp\/v2\/pages\/2253"}],"wp:featuredmedia":[{"embeddable":true,"href":"https:\/\/www.zahnaerzte-am-kurhaus.de\/en\/wp-json\/wp\/v2\/media\/1491"}],"wp:attachment":[{"href":"https:\/\/www.zahnaerzte-am-kurhaus.de\/en\/wp-json\/wp\/v2\/media?parent=2269"}],"curies":[{"name":"wp","href":"https:\/\/api.w.org\/{rel}","templated":true}]}}