{"id":2265,"date":"2023-01-09T13:40:19","date_gmt":"2023-01-09T12:40:19","guid":{"rendered":"https:\/\/kurhaus.ab-healthmedia.com\/?page_id=2265"},"modified":"2023-01-09T13:40:19","modified_gmt":"2023-01-09T12:40:19","slug":"aesthetikanalyse","status":"publish","type":"page","link":"https:\/\/www.zahnaerzte-am-kurhaus.de\/en\/infocenter\/before-and-after-book\/aesthetikanalyse\/","title":{"rendered":"\u00c4sthetikanalyse"},"content":{"rendered":"<h1>\u00c4sthetikanalyse<\/h1>\n<p><img loading=\"lazy\" decoding=\"async\" class=\"alignnone wp-image-504\" src=\"https:\/\/www.zahnaerzte-am-kurhaus.de\/wp-content\/uploads\/2022\/08\/Aesthetikanalyse1-240x300.jpeg\" alt=\"\" width=\"242\" height=\"302\" \/><img loading=\"lazy\" decoding=\"async\" class=\"alignnone size-medium wp-image-511\" src=\"https:\/\/www.zahnaerzte-am-kurhaus.de\/wp-content\/uploads\/2022\/08\/aesth-159x300.jpeg\" alt=\"\" width=\"159\" height=\"300\" \/><\/p>\n<p>Augen, Ohren, Haaransatz, Mund und Nase gliedern oder umrahmen unser Gesicht. Ihre Anordnung zueinander kann mithilfe einer Fotoanalyse bestimmt werden. Die gemessenen individuellen Proportionen geben gute Hinweise darauf, wo die ideale Position der Schneidez\u00e4hne sein k\u00f6nnte. Dabei ist nicht nur die vertikale Zahnl\u00e4nge, sondern auch die horizontale Position zur Unterst\u00fctzung der Oberlippe wichtig.<\/p>\n<p><img loading=\"lazy\" decoding=\"async\" class=\"alignnone wp-image-505\" src=\"https:\/\/www.zahnaerzte-am-kurhaus.de\/wp-content\/uploads\/2022\/08\/Aesthetikanalyse2-300x200.jpeg\" alt=\"\" width=\"404\" height=\"269\" \/><\/p>\n<p>Die mittleren Schneidez\u00e4hne ber\u00fchren sich idealerweise in der Gesichtsmitte. Diese befindet sich in der Mitte zwischen beiden Augenpupillen.<\/p>\n<p>H\u00e4ufig weicht die Nase in ihrer Verlaufsrichtung leicht zu einer Seite ab.<\/p>\n<p>Die Schneidekanten verlaufen parallel zur Pupillenverbindungsline.<\/p>\n<p><img loading=\"lazy\" decoding=\"async\" class=\"alignnone wp-image-506\" src=\"https:\/\/www.zahnaerzte-am-kurhaus.de\/wp-content\/uploads\/2022\/08\/Aesthetikanalyse3.jpeg\" alt=\"\" width=\"422\" height=\"289\" \/><\/p>\n<p>Schon in der Antike und sp\u00e4ter auch von Michelangelo und Leonardo da Vinci wurden die K\u00f6rperproportionen genauestens studiert. Oft verhalten sie sich in bestimmten Relationen zueinander. Sie wurden bereits von Euklid 300 v. Chr. beschrieben und sp\u00e4ter als \u201eGoldener Schnitt\u201c bekannt. Erstaunlicherweise findet sich dieses Ph\u00e4nomen auch im Mund-\/Gesichtsbereich wieder.<\/p>\n<p><img loading=\"lazy\" decoding=\"async\" class=\"alignnone wp-image-507\" src=\"https:\/\/www.zahnaerzte-am-kurhaus.de\/wp-content\/uploads\/2022\/08\/Aesthetikanalyse4-300x200.jpeg\" alt=\"\" width=\"413\" height=\"275\" \/><\/p>\n<p>Die Lippen in ihrer geschwungenen Form umrahmen die Z\u00e4hne. Folgen dabei die Schneidekanten der oberen Schneidez\u00e4hne ungef\u00e4hr dem Unterlippenschwung und dem Zahnfleischsaum der Oberlippe, wird dies als besonders harmonisch empfunden.<\/p>\n<p>Das Zahnfleisch f\u00fcllt mit seinen Papillen die Zahnzwischenr\u00e4ume m\u00f6glichst aus. Auch die Papillenspitzen folgen dabei dem Schwung der Oberlippe. Bei entspannter leichter Mund\u00f6ffnung sollen ungef\u00e4hr 2 mm der Schneidez\u00e4hne bereits erkennbar sein.<\/p>\n<p><img loading=\"lazy\" decoding=\"async\" class=\"alignnone wp-image-508\" src=\"https:\/\/www.zahnaerzte-am-kurhaus.de\/wp-content\/uploads\/2022\/08\/Aesthetikanalyse5-300x200.jpeg\" alt=\"\" width=\"404\" height=\"269\" \/><\/p>\n<p>Der <strong>\u201eGoldene Schnitt\u201c<\/strong>\u00a0findet sich h\u00e4ufig auch bei der Zahnform wieder: L\u00e4nge und Breite haben zumeist ein Verh\u00e4ltnis von 1,681 zu 1.<\/p>\n<p>Auch der sichtbare Zahnanteil verringert sich in diesem Verh\u00e4ltnis zur Seite hin: Der mittlere Schneidezahn dominiert deutlich, die Nachbarz\u00e4hne werden scheinbar immer schm\u00e4ler, wenn man alle Z\u00e4hne frontal betrachtet.<\/p>\n<p><img loading=\"lazy\" decoding=\"async\" class=\"alignnone wp-image-509\" src=\"https:\/\/www.zahnaerzte-am-kurhaus.de\/wp-content\/uploads\/2022\/08\/Aesthetikanalyse6-300x91.jpeg\" alt=\"\" width=\"396\" height=\"120\" \/><\/p>\n<p>In den Grafiken rechts sehen Sie eine Zusammenstellung der wichtigsten \u00e4sthetischen Grundregeln. Nat\u00fcrlich sind diese nur Mittelwerte, erlauben aber einen systematischen Vergleich mit der aktuellen Situation. Sie sind ein guter Startpunkt zum Aufbau eines nat\u00fcrlich wirkenden und strahlenden L\u00e4chelns.<\/p>\n<p><img loading=\"lazy\" decoding=\"async\" class=\"alignnone wp-image-510 alignleft\" src=\"https:\/\/www.zahnaerzte-am-kurhaus.de\/wp-content\/uploads\/2022\/08\/Aesthetikanalyse7-300x180.jpeg\" alt=\"\" width=\"388\" height=\"233\" \/><\/p>\n<p>&nbsp;<\/p>\n<p>&nbsp;<\/p>\n<p>&nbsp;<\/p>\n<p>&nbsp;<\/p>\n<p>&nbsp;<\/p>\n<p>&nbsp;<\/p>\n<p>&nbsp;<\/p>\n<p>Dabei sind die Form und der Verlauf des Zahnfleischs (\u201erote \u00c4sthetik\u201c) ebenso wichtig wie Form, Farbe und Oberfl\u00e4chenstruktur der Z\u00e4hne.<\/p>\n","protected":false},"excerpt":{"rendered":"<p>\u00c4sthetikanalyse Augen, Ohren, Haaransatz, Mund und Nase gliedern oder umrahmen unser Gesicht. Ihre Anordnung zueinander kann mithilfe einer Fotoanalyse bestimmt werden. Die gemessenen individuellen Proportionen geben gute Hinweise darauf, wo die ideale Position der Schneidez\u00e4hne sein k\u00f6nnte. Dabei ist nicht nur die vertikale Zahnl\u00e4nge, sondern auch die horizontale Position zur Unterst\u00fctzung der Oberlippe wichtig. Die [&hellip;]<\/p>\n","protected":false},"author":3,"featured_media":1491,"parent":2253,"menu_order":0,"comment_status":"closed","ping_status":"closed","template":"page-vorher-nachher.php","meta":{"_acf_changed":false,"footnotes":""},"class_list":["post-2265","page","type-page","status-publish","has-post-thumbnail","hentry"],"acf":[],"yoast_head":"<!-- This site is optimized with the Yoast SEO plugin v26.6 - https:\/\/yoast.com\/wordpress\/plugins\/seo\/ -->\n<title>\u00c4sthetikanalyse - Zahn\u00e4rzte am Kurhaus | Wiesbaden<\/title>\n<meta name=\"robots\" content=\"index, follow, max-snippet:-1, max-image-preview:large, max-video-preview:-1\" \/>\n<link rel=\"canonical\" href=\"https:\/\/www.zahnaerzte-am-kurhaus.de\/infocenter\/vorher-nachher-buch\/aesthetikanalyse\/\" \/>\n<meta property=\"og:locale\" content=\"en_US\" \/>\n<meta property=\"og:type\" content=\"article\" \/>\n<meta property=\"og:title\" content=\"\u00c4sthetikanalyse - Zahn\u00e4rzte am Kurhaus | Wiesbaden\" \/>\n<meta property=\"og:description\" content=\"\u00c4sthetikanalyse Augen, Ohren, Haaransatz, Mund und Nase gliedern oder umrahmen unser Gesicht. Ihre Anordnung zueinander kann mithilfe einer Fotoanalyse bestimmt werden. Die gemessenen individuellen Proportionen geben gute Hinweise darauf, wo die ideale Position der Schneidez\u00e4hne sein k\u00f6nnte. Dabei ist nicht nur die vertikale Zahnl\u00e4nge, sondern auch die horizontale Position zur Unterst\u00fctzung der Oberlippe wichtig. Die [&hellip;]\" \/>\n<meta property=\"og:url\" content=\"https:\/\/www.zahnaerzte-am-kurhaus.de\/infocenter\/vorher-nachher-buch\/aesthetikanalyse\/\" \/>\n<meta property=\"og:site_name\" content=\"Zahn\u00e4rzte am Kurhaus | Wiesbaden\" \/>\n<meta property=\"og:image\" content=\"https:\/\/www.zahnaerzte-am-kurhaus.de\/wp-content\/uploads\/2022\/10\/background-kurhaus.jpg\" \/>\n\t<meta property=\"og:image:width\" content=\"1980\" \/>\n\t<meta property=\"og:image:height\" content=\"691\" \/>\n\t<meta property=\"og:image:type\" content=\"image\/jpeg\" \/>\n<meta name=\"twitter:card\" content=\"summary_large_image\" \/>\n<meta name=\"twitter:label1\" content=\"Est. reading time\" \/>\n\t<meta name=\"twitter:data1\" content=\"4 minutes\" \/>\n<script type=\"application\/ld+json\" class=\"yoast-schema-graph\">{\"@context\":\"https:\/\/schema.org\",\"@graph\":[{\"@type\":\"WebPage\",\"@id\":\"https:\/\/www.zahnaerzte-am-kurhaus.de\/infocenter\/vorher-nachher-buch\/aesthetikanalyse\/\",\"url\":\"https:\/\/www.zahnaerzte-am-kurhaus.de\/infocenter\/vorher-nachher-buch\/aesthetikanalyse\/\",\"name\":\"\u00c4sthetikanalyse - Zahn\u00e4rzte am Kurhaus | Wiesbaden\",\"isPartOf\":{\"@id\":\"https:\/\/www.zahnaerzte-am-kurhaus.de\/#website\"},\"primaryImageOfPage\":{\"@id\":\"https:\/\/www.zahnaerzte-am-kurhaus.de\/infocenter\/vorher-nachher-buch\/aesthetikanalyse\/#primaryimage\"},\"image\":{\"@id\":\"https:\/\/www.zahnaerzte-am-kurhaus.de\/infocenter\/vorher-nachher-buch\/aesthetikanalyse\/#primaryimage\"},\"thumbnailUrl\":\"https:\/\/www.zahnaerzte-am-kurhaus.de\/wp-content\/uploads\/2022\/10\/background-kurhaus.jpg\",\"datePublished\":\"2023-01-09T12:40:19+00:00\",\"breadcrumb\":{\"@id\":\"https:\/\/www.zahnaerzte-am-kurhaus.de\/infocenter\/vorher-nachher-buch\/aesthetikanalyse\/#breadcrumb\"},\"inLanguage\":\"en-US\",\"potentialAction\":[{\"@type\":\"ReadAction\",\"target\":[\"https:\/\/www.zahnaerzte-am-kurhaus.de\/infocenter\/vorher-nachher-buch\/aesthetikanalyse\/\"]}]},{\"@type\":\"ImageObject\",\"inLanguage\":\"en-US\",\"@id\":\"https:\/\/www.zahnaerzte-am-kurhaus.de\/infocenter\/vorher-nachher-buch\/aesthetikanalyse\/#primaryimage\",\"url\":\"https:\/\/www.zahnaerzte-am-kurhaus.de\/wp-content\/uploads\/2022\/10\/background-kurhaus.jpg\",\"contentUrl\":\"https:\/\/www.zahnaerzte-am-kurhaus.de\/wp-content\/uploads\/2022\/10\/background-kurhaus.jpg\",\"width\":1980,\"height\":691},{\"@type\":\"BreadcrumbList\",\"@id\":\"https:\/\/www.zahnaerzte-am-kurhaus.de\/infocenter\/vorher-nachher-buch\/aesthetikanalyse\/#breadcrumb\",\"itemListElement\":[{\"@type\":\"ListItem\",\"position\":1,\"name\":\"Startseite\",\"item\":\"https:\/\/www.zahnaerzte-am-kurhaus.de\/en\/\"},{\"@type\":\"ListItem\",\"position\":2,\"name\":\"Infocenter\",\"item\":\"https:\/\/www.zahnaerzte-am-kurhaus.de\/en\/infocenter\/\"},{\"@type\":\"ListItem\",\"position\":3,\"name\":\"Before and After Book\",\"item\":\"https:\/\/www.zahnaerzte-am-kurhaus.de\/en\/infocenter\/before-and-after-book\/\"},{\"@type\":\"ListItem\",\"position\":4,\"name\":\"\u00c4sthetikanalyse\"}]},{\"@type\":\"WebSite\",\"@id\":\"https:\/\/www.zahnaerzte-am-kurhaus.de\/#website\",\"url\":\"https:\/\/www.zahnaerzte-am-kurhaus.de\/\",\"name\":\"Zahn\u00e4rzte am Kurhaus | Wiesbaden\",\"description\":\"\",\"potentialAction\":[{\"@type\":\"SearchAction\",\"target\":{\"@type\":\"EntryPoint\",\"urlTemplate\":\"https:\/\/www.zahnaerzte-am-kurhaus.de\/?s={search_term_string}\"},\"query-input\":{\"@type\":\"PropertyValueSpecification\",\"valueRequired\":true,\"valueName\":\"search_term_string\"}}],\"inLanguage\":\"en-US\"}]}<\/script>\n<!-- \/ Yoast SEO plugin. -->","yoast_head_json":{"title":"\u00c4sthetikanalyse - Zahn\u00e4rzte am Kurhaus | Wiesbaden","robots":{"index":"index","follow":"follow","max-snippet":"max-snippet:-1","max-image-preview":"max-image-preview:large","max-video-preview":"max-video-preview:-1"},"canonical":"https:\/\/www.zahnaerzte-am-kurhaus.de\/infocenter\/vorher-nachher-buch\/aesthetikanalyse\/","og_locale":"en_US","og_type":"article","og_title":"\u00c4sthetikanalyse - Zahn\u00e4rzte am Kurhaus | Wiesbaden","og_description":"\u00c4sthetikanalyse Augen, Ohren, Haaransatz, Mund und Nase gliedern oder umrahmen unser Gesicht. Ihre Anordnung zueinander kann mithilfe einer Fotoanalyse bestimmt werden. Die gemessenen individuellen Proportionen geben gute Hinweise darauf, wo die ideale Position der Schneidez\u00e4hne sein k\u00f6nnte. Dabei ist nicht nur die vertikale Zahnl\u00e4nge, sondern auch die horizontale Position zur Unterst\u00fctzung der Oberlippe wichtig. Die [&hellip;]","og_url":"https:\/\/www.zahnaerzte-am-kurhaus.de\/infocenter\/vorher-nachher-buch\/aesthetikanalyse\/","og_site_name":"Zahn\u00e4rzte am Kurhaus | Wiesbaden","og_image":[{"width":1980,"height":691,"url":"https:\/\/www.zahnaerzte-am-kurhaus.de\/wp-content\/uploads\/2022\/10\/background-kurhaus.jpg","type":"image\/jpeg"}],"twitter_card":"summary_large_image","twitter_misc":{"Est. reading time":"4 minutes"},"schema":{"@context":"https:\/\/schema.org","@graph":[{"@type":"WebPage","@id":"https:\/\/www.zahnaerzte-am-kurhaus.de\/infocenter\/vorher-nachher-buch\/aesthetikanalyse\/","url":"https:\/\/www.zahnaerzte-am-kurhaus.de\/infocenter\/vorher-nachher-buch\/aesthetikanalyse\/","name":"\u00c4sthetikanalyse - Zahn\u00e4rzte am Kurhaus | Wiesbaden","isPartOf":{"@id":"https:\/\/www.zahnaerzte-am-kurhaus.de\/#website"},"primaryImageOfPage":{"@id":"https:\/\/www.zahnaerzte-am-kurhaus.de\/infocenter\/vorher-nachher-buch\/aesthetikanalyse\/#primaryimage"},"image":{"@id":"https:\/\/www.zahnaerzte-am-kurhaus.de\/infocenter\/vorher-nachher-buch\/aesthetikanalyse\/#primaryimage"},"thumbnailUrl":"https:\/\/www.zahnaerzte-am-kurhaus.de\/wp-content\/uploads\/2022\/10\/background-kurhaus.jpg","datePublished":"2023-01-09T12:40:19+00:00","breadcrumb":{"@id":"https:\/\/www.zahnaerzte-am-kurhaus.de\/infocenter\/vorher-nachher-buch\/aesthetikanalyse\/#breadcrumb"},"inLanguage":"en-US","potentialAction":[{"@type":"ReadAction","target":["https:\/\/www.zahnaerzte-am-kurhaus.de\/infocenter\/vorher-nachher-buch\/aesthetikanalyse\/"]}]},{"@type":"ImageObject","inLanguage":"en-US","@id":"https:\/\/www.zahnaerzte-am-kurhaus.de\/infocenter\/vorher-nachher-buch\/aesthetikanalyse\/#primaryimage","url":"https:\/\/www.zahnaerzte-am-kurhaus.de\/wp-content\/uploads\/2022\/10\/background-kurhaus.jpg","contentUrl":"https:\/\/www.zahnaerzte-am-kurhaus.de\/wp-content\/uploads\/2022\/10\/background-kurhaus.jpg","width":1980,"height":691},{"@type":"BreadcrumbList","@id":"https:\/\/www.zahnaerzte-am-kurhaus.de\/infocenter\/vorher-nachher-buch\/aesthetikanalyse\/#breadcrumb","itemListElement":[{"@type":"ListItem","position":1,"name":"Startseite","item":"https:\/\/www.zahnaerzte-am-kurhaus.de\/en\/"},{"@type":"ListItem","position":2,"name":"Infocenter","item":"https:\/\/www.zahnaerzte-am-kurhaus.de\/en\/infocenter\/"},{"@type":"ListItem","position":3,"name":"Before and After Book","item":"https:\/\/www.zahnaerzte-am-kurhaus.de\/en\/infocenter\/before-and-after-book\/"},{"@type":"ListItem","position":4,"name":"\u00c4sthetikanalyse"}]},{"@type":"WebSite","@id":"https:\/\/www.zahnaerzte-am-kurhaus.de\/#website","url":"https:\/\/www.zahnaerzte-am-kurhaus.de\/","name":"Zahn\u00e4rzte am Kurhaus | Wiesbaden","description":"","potentialAction":[{"@type":"SearchAction","target":{"@type":"EntryPoint","urlTemplate":"https:\/\/www.zahnaerzte-am-kurhaus.de\/?s={search_term_string}"},"query-input":{"@type":"PropertyValueSpecification","valueRequired":true,"valueName":"search_term_string"}}],"inLanguage":"en-US"}]}},"_links":{"self":[{"href":"https:\/\/www.zahnaerzte-am-kurhaus.de\/en\/wp-json\/wp\/v2\/pages\/2265","targetHints":{"allow":["GET"]}}],"collection":[{"href":"https:\/\/www.zahnaerzte-am-kurhaus.de\/en\/wp-json\/wp\/v2\/pages"}],"about":[{"href":"https:\/\/www.zahnaerzte-am-kurhaus.de\/en\/wp-json\/wp\/v2\/types\/page"}],"author":[{"embeddable":true,"href":"https:\/\/www.zahnaerzte-am-kurhaus.de\/en\/wp-json\/wp\/v2\/users\/3"}],"replies":[{"embeddable":true,"href":"https:\/\/www.zahnaerzte-am-kurhaus.de\/en\/wp-json\/wp\/v2\/comments?post=2265"}],"version-history":[{"count":1,"href":"https:\/\/www.zahnaerzte-am-kurhaus.de\/en\/wp-json\/wp\/v2\/pages\/2265\/revisions"}],"predecessor-version":[{"id":2276,"href":"https:\/\/www.zahnaerzte-am-kurhaus.de\/en\/wp-json\/wp\/v2\/pages\/2265\/revisions\/2276"}],"up":[{"embeddable":true,"href":"https:\/\/www.zahnaerzte-am-kurhaus.de\/en\/wp-json\/wp\/v2\/pages\/2253"}],"wp:featuredmedia":[{"embeddable":true,"href":"https:\/\/www.zahnaerzte-am-kurhaus.de\/en\/wp-json\/wp\/v2\/media\/1491"}],"wp:attachment":[{"href":"https:\/\/www.zahnaerzte-am-kurhaus.de\/en\/wp-json\/wp\/v2\/media?parent=2265"}],"curies":[{"name":"wp","href":"https:\/\/api.w.org\/{rel}","templated":true}]}}