{"id":2186,"date":"2022-09-20T18:18:49","date_gmt":"2022-09-20T16:18:49","guid":{"rendered":"https:\/\/kurhaus.ab-healthmedia.com\/zahnreinigung\/"},"modified":"2022-09-20T18:18:49","modified_gmt":"2022-09-20T16:18:49","slug":"zahnreinigung","status":"publish","type":"page","link":"https:\/\/www.zahnaerzte-am-kurhaus.de\/en\/services\/prophylaxis\/zahnreinigung\/","title":{"rendered":"Zahnreinigung"},"content":{"rendered":"<h1>Prophylaxe, Zahnreinigung<\/h1>\n<p>Karies und Parodontitis geh\u00f6ren zu den h\u00e4ufigsten Erkrankungen in der Mundh\u00f6hle. Durch eine gute Mundhygiene und gesunde Ern\u00e4hrung tragen wir einen Teil zur Gesunderhaltung bei. Trotz intensiver Bem\u00fchungen reichen diese Ma\u00dfnahmen jedoch sehr h\u00e4ufig\u00a0nicht aus, um Z\u00e4hne und Zahnfleisch dauerhaft gesund zu erhalten.<\/p>\n<p><strong>Die\u00a0professionelle Zahnreinigung<\/strong>\u00a0(PZR) wird durch Ihre\u00a0Mundhygienikerin Andrea Noetzel, Marianne Kimpel oder Paulina Nita\u00a0durchgef\u00fchrt. Die PZR beinhaltet eine intensive Reinigung der Z\u00e4hne und\u00a0die Beurteilung der Mundhygiene- und Zahnfleischsituation.<\/p>\n<p>Die Art und der Umfang einer professionellen Zahnreinigung werden individuell f\u00fcr jeden Patienten festgelegt.<\/p>\n<p>Die Dauer und H\u00e4ufigkeit der professionellen Zahnreinigung sind abh\u00e4ngig von der individuellen Mundhygienesituation und dem zuvor ermittelten Erkrankungsrisiko hinsichtlich Karies und Parodontitis. \u00dcblich sind in der Regel Intervalle von vier bis sechs Monaten zwischen den Zahnreinigungsterminen.<\/p>\n<p>Die Behandlung erfolgt mit grazilen, aber sehr wirkungsvollen Hand- und Ultraschallinstrumenten. Mithilfe dieser Instrumente werden mit gro\u00dfer Sorgfalt die harten und weichen Bel\u00e4ge auch in schwierig zu erreichenden Schlupfwinkeln und unterhalb des Zahnfleischrandes entfernt.<\/p>\n<p>Durch die abschlie\u00dfende Politur mit fluoridierenden Pasten werden die Oberfl\u00e4chen Ihrer Z\u00e4hne blitzblank und gl\u00e4nzend. Die Neubildung von Bel\u00e4gen wird so deutlich erschwert.<\/p>\n<p>Eine abschlie\u00dfende Applikation von fluoridhaltigen L\u00f6sungen oder Lacken sorgt f\u00fcr einen zus\u00e4tzlichen Schutzmantel und kann die Empfindlichkeit von sensiblen Z\u00e4hnen reduzieren.<\/p>\n<p>Ihre Mundhygienikerin ber\u00e4t Sie, welche B\u00fcrsten und andere Hilfsmittel f\u00fcr die Reinigung Ihrer Z\u00e4hne am effektivsten sind.<\/p>\n<p>Hierzu steht ein umfangreiches Sortiment, bestehend aus Zahnpasten, Zahnb\u00fcrsten, Zahnseiden, Zahnzwischenraumb\u00fcrsten und Zungenreinigern zur Auswahl.<\/p>\n<p>Ebenfalls erhalten Sie Informationen \u00fcber den h\u00e4uslichen Einsatz von Fluoridierungsma\u00dfnahmen.<\/p>\n<p>Unsere Mundhygienikerinnen beraten Sie gerne. Sollten Sie weitere Fragen haben, stehen wir Ihnen jederzeit zur Verf\u00fcgung: Rufen Sie einfach an oder schreiben Sie uns eine E-Mail.<\/p>\n","protected":false},"excerpt":{"rendered":"<p>Prophylaxe, Zahnreinigung Karies und Parodontitis geh\u00f6ren zu den h\u00e4ufigsten Erkrankungen in der Mundh\u00f6hle. Durch eine gute Mundhygiene und gesunde Ern\u00e4hrung tragen wir einen Teil zur Gesunderhaltung bei. Trotz intensiver Bem\u00fchungen reichen diese Ma\u00dfnahmen jedoch sehr h\u00e4ufig\u00a0nicht aus, um Z\u00e4hne und Zahnfleisch dauerhaft gesund zu erhalten. Die\u00a0professionelle Zahnreinigung\u00a0(PZR) wird durch Ihre\u00a0Mundhygienikerin Andrea Noetzel, Marianne Kimpel oder [&hellip;]<\/p>\n","protected":false},"author":3,"featured_media":2018,"parent":2313,"menu_order":0,"comment_status":"closed","ping_status":"closed","template":"","meta":{"_acf_changed":false,"footnotes":""},"class_list":["post-2186","page","type-page","status-publish","has-post-thumbnail","hentry"],"acf":[],"yoast_head":"<!-- This site is optimized with the Yoast SEO plugin v26.6 - https:\/\/yoast.com\/wordpress\/plugins\/seo\/ -->\n<title>Zahnreinigung - Zahn\u00e4rzte am Kurhaus | Wiesbaden<\/title>\n<meta name=\"robots\" content=\"index, follow, max-snippet:-1, max-image-preview:large, max-video-preview:-1\" \/>\n<link rel=\"canonical\" href=\"https:\/\/www.zahnaerzte-am-kurhaus.de\/leistungen\/prophylaxe\/zahnreinigung\/\" \/>\n<meta property=\"og:locale\" content=\"en_US\" \/>\n<meta property=\"og:type\" content=\"article\" \/>\n<meta property=\"og:title\" content=\"Zahnreinigung - Zahn\u00e4rzte am Kurhaus | Wiesbaden\" \/>\n<meta property=\"og:description\" content=\"Prophylaxe, Zahnreinigung Karies und Parodontitis geh\u00f6ren zu den h\u00e4ufigsten Erkrankungen in der Mundh\u00f6hle. Durch eine gute Mundhygiene und gesunde Ern\u00e4hrung tragen wir einen Teil zur Gesunderhaltung bei. Trotz intensiver Bem\u00fchungen reichen diese Ma\u00dfnahmen jedoch sehr h\u00e4ufig\u00a0nicht aus, um Z\u00e4hne und Zahnfleisch dauerhaft gesund zu erhalten. Die\u00a0professionelle Zahnreinigung\u00a0(PZR) wird durch Ihre\u00a0Mundhygienikerin Andrea Noetzel, Marianne Kimpel oder [&hellip;]\" \/>\n<meta property=\"og:url\" content=\"https:\/\/www.zahnaerzte-am-kurhaus.de\/leistungen\/prophylaxe\/zahnreinigung\/\" \/>\n<meta property=\"og:site_name\" content=\"Zahn\u00e4rzte am Kurhaus | Wiesbaden\" \/>\n<meta property=\"og:image\" content=\"https:\/\/www.zahnaerzte-am-kurhaus.de\/wp-content\/uploads\/2022\/10\/background-kurhaus.jpg\" \/>\n\t<meta property=\"og:image:width\" content=\"1980\" \/>\n\t<meta property=\"og:image:height\" content=\"691\" \/>\n\t<meta property=\"og:image:type\" content=\"image\/jpeg\" \/>\n<meta name=\"twitter:card\" content=\"summary_large_image\" \/>\n<meta name=\"twitter:label1\" content=\"Est. reading time\" \/>\n\t<meta name=\"twitter:data1\" content=\"2 minutes\" \/>\n<script type=\"application\/ld+json\" class=\"yoast-schema-graph\">{\"@context\":\"https:\/\/schema.org\",\"@graph\":[{\"@type\":\"WebPage\",\"@id\":\"https:\/\/www.zahnaerzte-am-kurhaus.de\/leistungen\/prophylaxe\/zahnreinigung\/\",\"url\":\"https:\/\/www.zahnaerzte-am-kurhaus.de\/leistungen\/prophylaxe\/zahnreinigung\/\",\"name\":\"Zahnreinigung - Zahn\u00e4rzte am Kurhaus | Wiesbaden\",\"isPartOf\":{\"@id\":\"https:\/\/www.zahnaerzte-am-kurhaus.de\/#website\"},\"primaryImageOfPage\":{\"@id\":\"https:\/\/www.zahnaerzte-am-kurhaus.de\/leistungen\/prophylaxe\/zahnreinigung\/#primaryimage\"},\"image\":{\"@id\":\"https:\/\/www.zahnaerzte-am-kurhaus.de\/leistungen\/prophylaxe\/zahnreinigung\/#primaryimage\"},\"thumbnailUrl\":\"https:\/\/www.zahnaerzte-am-kurhaus.de\/wp-content\/uploads\/2022\/10\/background-kurhaus.jpg\",\"datePublished\":\"2022-09-20T16:18:49+00:00\",\"breadcrumb\":{\"@id\":\"https:\/\/www.zahnaerzte-am-kurhaus.de\/leistungen\/prophylaxe\/zahnreinigung\/#breadcrumb\"},\"inLanguage\":\"en-US\",\"potentialAction\":[{\"@type\":\"ReadAction\",\"target\":[\"https:\/\/www.zahnaerzte-am-kurhaus.de\/leistungen\/prophylaxe\/zahnreinigung\/\"]}]},{\"@type\":\"ImageObject\",\"inLanguage\":\"en-US\",\"@id\":\"https:\/\/www.zahnaerzte-am-kurhaus.de\/leistungen\/prophylaxe\/zahnreinigung\/#primaryimage\",\"url\":\"https:\/\/www.zahnaerzte-am-kurhaus.de\/wp-content\/uploads\/2022\/10\/background-kurhaus.jpg\",\"contentUrl\":\"https:\/\/www.zahnaerzte-am-kurhaus.de\/wp-content\/uploads\/2022\/10\/background-kurhaus.jpg\",\"width\":1980,\"height\":691},{\"@type\":\"BreadcrumbList\",\"@id\":\"https:\/\/www.zahnaerzte-am-kurhaus.de\/leistungen\/prophylaxe\/zahnreinigung\/#breadcrumb\",\"itemListElement\":[{\"@type\":\"ListItem\",\"position\":1,\"name\":\"Startseite\",\"item\":\"https:\/\/www.zahnaerzte-am-kurhaus.de\/en\/\"},{\"@type\":\"ListItem\",\"position\":2,\"name\":\"Services\",\"item\":\"https:\/\/www.zahnaerzte-am-kurhaus.de\/en\/services\/\"},{\"@type\":\"ListItem\",\"position\":3,\"name\":\"Prophylaxis\",\"item\":\"https:\/\/www.zahnaerzte-am-kurhaus.de\/leistungen\/prophylaxe\/\"},{\"@type\":\"ListItem\",\"position\":4,\"name\":\"Zahnreinigung\"}]},{\"@type\":\"WebSite\",\"@id\":\"https:\/\/www.zahnaerzte-am-kurhaus.de\/#website\",\"url\":\"https:\/\/www.zahnaerzte-am-kurhaus.de\/\",\"name\":\"Zahn\u00e4rzte am Kurhaus | Wiesbaden\",\"description\":\"\",\"potentialAction\":[{\"@type\":\"SearchAction\",\"target\":{\"@type\":\"EntryPoint\",\"urlTemplate\":\"https:\/\/www.zahnaerzte-am-kurhaus.de\/?s={search_term_string}\"},\"query-input\":{\"@type\":\"PropertyValueSpecification\",\"valueRequired\":true,\"valueName\":\"search_term_string\"}}],\"inLanguage\":\"en-US\"}]}<\/script>\n<!-- \/ Yoast SEO plugin. -->","yoast_head_json":{"title":"Zahnreinigung - Zahn\u00e4rzte am Kurhaus | Wiesbaden","robots":{"index":"index","follow":"follow","max-snippet":"max-snippet:-1","max-image-preview":"max-image-preview:large","max-video-preview":"max-video-preview:-1"},"canonical":"https:\/\/www.zahnaerzte-am-kurhaus.de\/leistungen\/prophylaxe\/zahnreinigung\/","og_locale":"en_US","og_type":"article","og_title":"Zahnreinigung - Zahn\u00e4rzte am Kurhaus | Wiesbaden","og_description":"Prophylaxe, Zahnreinigung Karies und Parodontitis geh\u00f6ren zu den h\u00e4ufigsten Erkrankungen in der Mundh\u00f6hle. Durch eine gute Mundhygiene und gesunde Ern\u00e4hrung tragen wir einen Teil zur Gesunderhaltung bei. Trotz intensiver Bem\u00fchungen reichen diese Ma\u00dfnahmen jedoch sehr h\u00e4ufig\u00a0nicht aus, um Z\u00e4hne und Zahnfleisch dauerhaft gesund zu erhalten. Die\u00a0professionelle Zahnreinigung\u00a0(PZR) wird durch Ihre\u00a0Mundhygienikerin Andrea Noetzel, Marianne Kimpel oder [&hellip;]","og_url":"https:\/\/www.zahnaerzte-am-kurhaus.de\/leistungen\/prophylaxe\/zahnreinigung\/","og_site_name":"Zahn\u00e4rzte am Kurhaus | Wiesbaden","og_image":[{"width":1980,"height":691,"url":"https:\/\/www.zahnaerzte-am-kurhaus.de\/wp-content\/uploads\/2022\/10\/background-kurhaus.jpg","type":"image\/jpeg"}],"twitter_card":"summary_large_image","twitter_misc":{"Est. reading time":"2 minutes"},"schema":{"@context":"https:\/\/schema.org","@graph":[{"@type":"WebPage","@id":"https:\/\/www.zahnaerzte-am-kurhaus.de\/leistungen\/prophylaxe\/zahnreinigung\/","url":"https:\/\/www.zahnaerzte-am-kurhaus.de\/leistungen\/prophylaxe\/zahnreinigung\/","name":"Zahnreinigung - Zahn\u00e4rzte am Kurhaus | Wiesbaden","isPartOf":{"@id":"https:\/\/www.zahnaerzte-am-kurhaus.de\/#website"},"primaryImageOfPage":{"@id":"https:\/\/www.zahnaerzte-am-kurhaus.de\/leistungen\/prophylaxe\/zahnreinigung\/#primaryimage"},"image":{"@id":"https:\/\/www.zahnaerzte-am-kurhaus.de\/leistungen\/prophylaxe\/zahnreinigung\/#primaryimage"},"thumbnailUrl":"https:\/\/www.zahnaerzte-am-kurhaus.de\/wp-content\/uploads\/2022\/10\/background-kurhaus.jpg","datePublished":"2022-09-20T16:18:49+00:00","breadcrumb":{"@id":"https:\/\/www.zahnaerzte-am-kurhaus.de\/leistungen\/prophylaxe\/zahnreinigung\/#breadcrumb"},"inLanguage":"en-US","potentialAction":[{"@type":"ReadAction","target":["https:\/\/www.zahnaerzte-am-kurhaus.de\/leistungen\/prophylaxe\/zahnreinigung\/"]}]},{"@type":"ImageObject","inLanguage":"en-US","@id":"https:\/\/www.zahnaerzte-am-kurhaus.de\/leistungen\/prophylaxe\/zahnreinigung\/#primaryimage","url":"https:\/\/www.zahnaerzte-am-kurhaus.de\/wp-content\/uploads\/2022\/10\/background-kurhaus.jpg","contentUrl":"https:\/\/www.zahnaerzte-am-kurhaus.de\/wp-content\/uploads\/2022\/10\/background-kurhaus.jpg","width":1980,"height":691},{"@type":"BreadcrumbList","@id":"https:\/\/www.zahnaerzte-am-kurhaus.de\/leistungen\/prophylaxe\/zahnreinigung\/#breadcrumb","itemListElement":[{"@type":"ListItem","position":1,"name":"Startseite","item":"https:\/\/www.zahnaerzte-am-kurhaus.de\/en\/"},{"@type":"ListItem","position":2,"name":"Services","item":"https:\/\/www.zahnaerzte-am-kurhaus.de\/en\/services\/"},{"@type":"ListItem","position":3,"name":"Prophylaxis","item":"https:\/\/www.zahnaerzte-am-kurhaus.de\/leistungen\/prophylaxe\/"},{"@type":"ListItem","position":4,"name":"Zahnreinigung"}]},{"@type":"WebSite","@id":"https:\/\/www.zahnaerzte-am-kurhaus.de\/#website","url":"https:\/\/www.zahnaerzte-am-kurhaus.de\/","name":"Zahn\u00e4rzte am Kurhaus | Wiesbaden","description":"","potentialAction":[{"@type":"SearchAction","target":{"@type":"EntryPoint","urlTemplate":"https:\/\/www.zahnaerzte-am-kurhaus.de\/?s={search_term_string}"},"query-input":{"@type":"PropertyValueSpecification","valueRequired":true,"valueName":"search_term_string"}}],"inLanguage":"en-US"}]}},"_links":{"self":[{"href":"https:\/\/www.zahnaerzte-am-kurhaus.de\/en\/wp-json\/wp\/v2\/pages\/2186","targetHints":{"allow":["GET"]}}],"collection":[{"href":"https:\/\/www.zahnaerzte-am-kurhaus.de\/en\/wp-json\/wp\/v2\/pages"}],"about":[{"href":"https:\/\/www.zahnaerzte-am-kurhaus.de\/en\/wp-json\/wp\/v2\/types\/page"}],"author":[{"embeddable":true,"href":"https:\/\/www.zahnaerzte-am-kurhaus.de\/en\/wp-json\/wp\/v2\/users\/3"}],"replies":[{"embeddable":true,"href":"https:\/\/www.zahnaerzte-am-kurhaus.de\/en\/wp-json\/wp\/v2\/comments?post=2186"}],"version-history":[{"count":0,"href":"https:\/\/www.zahnaerzte-am-kurhaus.de\/en\/wp-json\/wp\/v2\/pages\/2186\/revisions"}],"up":[{"embeddable":true,"href":"https:\/\/www.zahnaerzte-am-kurhaus.de\/en\/wp-json\/wp\/v2\/pages\/2313"}],"wp:featuredmedia":[{"embeddable":true,"href":"https:\/\/www.zahnaerzte-am-kurhaus.de\/en\/wp-json\/wp\/v2\/media\/2018"}],"wp:attachment":[{"href":"https:\/\/www.zahnaerzte-am-kurhaus.de\/en\/wp-json\/wp\/v2\/media?parent=2186"}],"curies":[{"name":"wp","href":"https:\/\/api.w.org\/{rel}","templated":true}]}}