{"id":2171,"date":"2022-09-21T14:45:13","date_gmt":"2022-09-21T12:45:13","guid":{"rendered":"https:\/\/kurhaus.ab-healthmedia.com\/moegliche-folgen-einer-parodontitis\/"},"modified":"2023-01-09T13:32:15","modified_gmt":"2023-01-09T12:32:15","slug":"moegliche-folgen-einer-parodontitis","status":"publish","type":"page","link":"https:\/\/www.zahnaerzte-am-kurhaus.de\/en\/services\/periodontology\/moegliche-folgen-einer-parodontitis\/","title":{"rendered":"M\u00f6gliche Folgen einer Parodontitis"},"content":{"rendered":"<h1>M\u00f6gliche Folgen einer Parodontitis<\/h1>\n<p>Die bakteriell verursachte entz\u00fcndliche Erkrankung des Zahnbetts kann auch gesundheitliche Folgen im K\u00f6rper au\u00dferhalb der Mundh\u00f6hle haben. Auf diese Wechselwirkungen weisen immer mehr wissenschaftliche Untersuchungen hin.<\/p>\n<p>Bakterien einer Zahnfleischerkrankung k\u00f6nnen die Entstehung koronarer Herzerkrankungen\u00a0oder einer\u00a0Endokarditis\u00a0beg\u00fcnstigen. Dies trifft insbesondere auf Patienten mit k\u00fcnstlichen Herzklappen oder bereits durchgemachter Endokarditis zu.<\/p>\n<p>Eine Parodontitis kann auch die Entstehung eines\u00a0Diabetes\u00a0beg\u00fcnstigen oder verschlechtern. Rund acht Millionen Menschen sind an Diabetes erkrankt. Somit ist eine enge Zusammenarbeit zwischen den betreuenden \u00c4rzten und den Zahnmedizienern besonders wichtig. Bitte informieren Sie uns \u00fcber Ihren Diabetestyp, die Dauer der Diabeteserkrankung und Ihre Blutzuckerwerte, damit wir Ihre Behandlung darauf abstimmen k\u00f6nnen.<\/p>\n<p>Durch die hormonellen Umstellungen w\u00e4hrend der Schwangerschaft k\u00f6nnen Zahnfleischentz\u00fcndungen verst\u00e4rkt oder sogar ausgel\u00f6st werden. Aktuelle Studien zeigen, dass eine Parodontitis das Risiko einer Fr\u00fchgeburt\u00a0deutlich erh\u00f6hen kann.<\/p>\n","protected":false},"excerpt":{"rendered":"<p>M\u00f6gliche Folgen einer Parodontitis Die bakteriell verursachte entz\u00fcndliche Erkrankung des Zahnbetts kann auch gesundheitliche Folgen im K\u00f6rper au\u00dferhalb der Mundh\u00f6hle haben. Auf diese Wechselwirkungen weisen immer mehr wissenschaftliche Untersuchungen hin. Bakterien einer Zahnfleischerkrankung k\u00f6nnen die Entstehung koronarer Herzerkrankungen\u00a0oder einer\u00a0Endokarditis\u00a0beg\u00fcnstigen. Dies trifft insbesondere auf Patienten mit k\u00fcnstlichen Herzklappen oder bereits durchgemachter Endokarditis zu. Eine Parodontitis kann [&hellip;]<\/p>\n","protected":false},"author":3,"featured_media":2018,"parent":2311,"menu_order":0,"comment_status":"closed","ping_status":"closed","template":"","meta":{"_acf_changed":false,"footnotes":""},"class_list":["post-2171","page","type-page","status-publish","has-post-thumbnail","hentry"],"acf":[],"yoast_head":"<!-- This site is optimized with the Yoast SEO plugin v26.6 - https:\/\/yoast.com\/wordpress\/plugins\/seo\/ -->\n<title>M\u00f6gliche Folgen einer Parodontitis - Zahn\u00e4rzte am Kurhaus | Wiesbaden<\/title>\n<meta name=\"robots\" content=\"index, follow, max-snippet:-1, max-image-preview:large, max-video-preview:-1\" \/>\n<link rel=\"canonical\" href=\"https:\/\/www.zahnaerzte-am-kurhaus.de\/leistungen\/parodontitis-wiesbaden\/moegliche-folgen-einer-parodontitis\/\" \/>\n<meta property=\"og:locale\" content=\"en_US\" \/>\n<meta property=\"og:type\" content=\"article\" \/>\n<meta property=\"og:title\" content=\"M\u00f6gliche Folgen einer Parodontitis - Zahn\u00e4rzte am Kurhaus | Wiesbaden\" \/>\n<meta property=\"og:description\" content=\"M\u00f6gliche Folgen einer Parodontitis Die bakteriell verursachte entz\u00fcndliche Erkrankung des Zahnbetts kann auch gesundheitliche Folgen im K\u00f6rper au\u00dferhalb der Mundh\u00f6hle haben. Auf diese Wechselwirkungen weisen immer mehr wissenschaftliche Untersuchungen hin. Bakterien einer Zahnfleischerkrankung k\u00f6nnen die Entstehung koronarer Herzerkrankungen\u00a0oder einer\u00a0Endokarditis\u00a0beg\u00fcnstigen. Dies trifft insbesondere auf Patienten mit k\u00fcnstlichen Herzklappen oder bereits durchgemachter Endokarditis zu. Eine Parodontitis kann [&hellip;]\" \/>\n<meta property=\"og:url\" content=\"https:\/\/www.zahnaerzte-am-kurhaus.de\/leistungen\/parodontitis-wiesbaden\/moegliche-folgen-einer-parodontitis\/\" \/>\n<meta property=\"og:site_name\" content=\"Zahn\u00e4rzte am Kurhaus | Wiesbaden\" \/>\n<meta property=\"article:modified_time\" content=\"2023-01-09T12:32:15+00:00\" \/>\n<meta property=\"og:image\" content=\"https:\/\/www.zahnaerzte-am-kurhaus.de\/wp-content\/uploads\/2022\/10\/background-kurhaus.jpg\" \/>\n\t<meta property=\"og:image:width\" content=\"1980\" \/>\n\t<meta property=\"og:image:height\" content=\"691\" \/>\n\t<meta property=\"og:image:type\" content=\"image\/jpeg\" \/>\n<meta name=\"twitter:card\" content=\"summary_large_image\" \/>\n<meta name=\"twitter:label1\" content=\"Est. reading time\" \/>\n\t<meta name=\"twitter:data1\" content=\"1 minute\" \/>\n<script type=\"application\/ld+json\" class=\"yoast-schema-graph\">{\"@context\":\"https:\/\/schema.org\",\"@graph\":[{\"@type\":\"WebPage\",\"@id\":\"https:\/\/www.zahnaerzte-am-kurhaus.de\/leistungen\/parodontitis-wiesbaden\/moegliche-folgen-einer-parodontitis\/\",\"url\":\"https:\/\/www.zahnaerzte-am-kurhaus.de\/leistungen\/parodontitis-wiesbaden\/moegliche-folgen-einer-parodontitis\/\",\"name\":\"M\u00f6gliche Folgen einer Parodontitis - Zahn\u00e4rzte am Kurhaus | Wiesbaden\",\"isPartOf\":{\"@id\":\"https:\/\/www.zahnaerzte-am-kurhaus.de\/#website\"},\"primaryImageOfPage\":{\"@id\":\"https:\/\/www.zahnaerzte-am-kurhaus.de\/leistungen\/parodontitis-wiesbaden\/moegliche-folgen-einer-parodontitis\/#primaryimage\"},\"image\":{\"@id\":\"https:\/\/www.zahnaerzte-am-kurhaus.de\/leistungen\/parodontitis-wiesbaden\/moegliche-folgen-einer-parodontitis\/#primaryimage\"},\"thumbnailUrl\":\"https:\/\/www.zahnaerzte-am-kurhaus.de\/wp-content\/uploads\/2022\/10\/background-kurhaus.jpg\",\"datePublished\":\"2022-09-21T12:45:13+00:00\",\"dateModified\":\"2023-01-09T12:32:15+00:00\",\"breadcrumb\":{\"@id\":\"https:\/\/www.zahnaerzte-am-kurhaus.de\/leistungen\/parodontitis-wiesbaden\/moegliche-folgen-einer-parodontitis\/#breadcrumb\"},\"inLanguage\":\"en-US\",\"potentialAction\":[{\"@type\":\"ReadAction\",\"target\":[\"https:\/\/www.zahnaerzte-am-kurhaus.de\/leistungen\/parodontitis-wiesbaden\/moegliche-folgen-einer-parodontitis\/\"]}]},{\"@type\":\"ImageObject\",\"inLanguage\":\"en-US\",\"@id\":\"https:\/\/www.zahnaerzte-am-kurhaus.de\/leistungen\/parodontitis-wiesbaden\/moegliche-folgen-einer-parodontitis\/#primaryimage\",\"url\":\"https:\/\/www.zahnaerzte-am-kurhaus.de\/wp-content\/uploads\/2022\/10\/background-kurhaus.jpg\",\"contentUrl\":\"https:\/\/www.zahnaerzte-am-kurhaus.de\/wp-content\/uploads\/2022\/10\/background-kurhaus.jpg\",\"width\":1980,\"height\":691},{\"@type\":\"BreadcrumbList\",\"@id\":\"https:\/\/www.zahnaerzte-am-kurhaus.de\/leistungen\/parodontitis-wiesbaden\/moegliche-folgen-einer-parodontitis\/#breadcrumb\",\"itemListElement\":[{\"@type\":\"ListItem\",\"position\":1,\"name\":\"Startseite\",\"item\":\"https:\/\/www.zahnaerzte-am-kurhaus.de\/en\/\"},{\"@type\":\"ListItem\",\"position\":2,\"name\":\"Services\",\"item\":\"https:\/\/www.zahnaerzte-am-kurhaus.de\/en\/services\/\"},{\"@type\":\"ListItem\",\"position\":3,\"name\":\"Periodontology\",\"item\":\"https:\/\/www.zahnaerzte-am-kurhaus.de\/leistungen\/parodontitis-wiesbaden\/\"},{\"@type\":\"ListItem\",\"position\":4,\"name\":\"M\u00f6gliche Folgen einer Parodontitis\"}]},{\"@type\":\"WebSite\",\"@id\":\"https:\/\/www.zahnaerzte-am-kurhaus.de\/#website\",\"url\":\"https:\/\/www.zahnaerzte-am-kurhaus.de\/\",\"name\":\"Zahn\u00e4rzte am Kurhaus | Wiesbaden\",\"description\":\"\",\"potentialAction\":[{\"@type\":\"SearchAction\",\"target\":{\"@type\":\"EntryPoint\",\"urlTemplate\":\"https:\/\/www.zahnaerzte-am-kurhaus.de\/?s={search_term_string}\"},\"query-input\":{\"@type\":\"PropertyValueSpecification\",\"valueRequired\":true,\"valueName\":\"search_term_string\"}}],\"inLanguage\":\"en-US\"}]}<\/script>\n<!-- \/ Yoast SEO plugin. -->","yoast_head_json":{"title":"M\u00f6gliche Folgen einer Parodontitis - Zahn\u00e4rzte am Kurhaus | Wiesbaden","robots":{"index":"index","follow":"follow","max-snippet":"max-snippet:-1","max-image-preview":"max-image-preview:large","max-video-preview":"max-video-preview:-1"},"canonical":"https:\/\/www.zahnaerzte-am-kurhaus.de\/leistungen\/parodontitis-wiesbaden\/moegliche-folgen-einer-parodontitis\/","og_locale":"en_US","og_type":"article","og_title":"M\u00f6gliche Folgen einer Parodontitis - Zahn\u00e4rzte am Kurhaus | Wiesbaden","og_description":"M\u00f6gliche Folgen einer Parodontitis Die bakteriell verursachte entz\u00fcndliche Erkrankung des Zahnbetts kann auch gesundheitliche Folgen im K\u00f6rper au\u00dferhalb der Mundh\u00f6hle haben. Auf diese Wechselwirkungen weisen immer mehr wissenschaftliche Untersuchungen hin. Bakterien einer Zahnfleischerkrankung k\u00f6nnen die Entstehung koronarer Herzerkrankungen\u00a0oder einer\u00a0Endokarditis\u00a0beg\u00fcnstigen. Dies trifft insbesondere auf Patienten mit k\u00fcnstlichen Herzklappen oder bereits durchgemachter Endokarditis zu. Eine Parodontitis kann [&hellip;]","og_url":"https:\/\/www.zahnaerzte-am-kurhaus.de\/leistungen\/parodontitis-wiesbaden\/moegliche-folgen-einer-parodontitis\/","og_site_name":"Zahn\u00e4rzte am Kurhaus | Wiesbaden","article_modified_time":"2023-01-09T12:32:15+00:00","og_image":[{"width":1980,"height":691,"url":"https:\/\/www.zahnaerzte-am-kurhaus.de\/wp-content\/uploads\/2022\/10\/background-kurhaus.jpg","type":"image\/jpeg"}],"twitter_card":"summary_large_image","twitter_misc":{"Est. reading time":"1 minute"},"schema":{"@context":"https:\/\/schema.org","@graph":[{"@type":"WebPage","@id":"https:\/\/www.zahnaerzte-am-kurhaus.de\/leistungen\/parodontitis-wiesbaden\/moegliche-folgen-einer-parodontitis\/","url":"https:\/\/www.zahnaerzte-am-kurhaus.de\/leistungen\/parodontitis-wiesbaden\/moegliche-folgen-einer-parodontitis\/","name":"M\u00f6gliche Folgen einer Parodontitis - Zahn\u00e4rzte am Kurhaus | Wiesbaden","isPartOf":{"@id":"https:\/\/www.zahnaerzte-am-kurhaus.de\/#website"},"primaryImageOfPage":{"@id":"https:\/\/www.zahnaerzte-am-kurhaus.de\/leistungen\/parodontitis-wiesbaden\/moegliche-folgen-einer-parodontitis\/#primaryimage"},"image":{"@id":"https:\/\/www.zahnaerzte-am-kurhaus.de\/leistungen\/parodontitis-wiesbaden\/moegliche-folgen-einer-parodontitis\/#primaryimage"},"thumbnailUrl":"https:\/\/www.zahnaerzte-am-kurhaus.de\/wp-content\/uploads\/2022\/10\/background-kurhaus.jpg","datePublished":"2022-09-21T12:45:13+00:00","dateModified":"2023-01-09T12:32:15+00:00","breadcrumb":{"@id":"https:\/\/www.zahnaerzte-am-kurhaus.de\/leistungen\/parodontitis-wiesbaden\/moegliche-folgen-einer-parodontitis\/#breadcrumb"},"inLanguage":"en-US","potentialAction":[{"@type":"ReadAction","target":["https:\/\/www.zahnaerzte-am-kurhaus.de\/leistungen\/parodontitis-wiesbaden\/moegliche-folgen-einer-parodontitis\/"]}]},{"@type":"ImageObject","inLanguage":"en-US","@id":"https:\/\/www.zahnaerzte-am-kurhaus.de\/leistungen\/parodontitis-wiesbaden\/moegliche-folgen-einer-parodontitis\/#primaryimage","url":"https:\/\/www.zahnaerzte-am-kurhaus.de\/wp-content\/uploads\/2022\/10\/background-kurhaus.jpg","contentUrl":"https:\/\/www.zahnaerzte-am-kurhaus.de\/wp-content\/uploads\/2022\/10\/background-kurhaus.jpg","width":1980,"height":691},{"@type":"BreadcrumbList","@id":"https:\/\/www.zahnaerzte-am-kurhaus.de\/leistungen\/parodontitis-wiesbaden\/moegliche-folgen-einer-parodontitis\/#breadcrumb","itemListElement":[{"@type":"ListItem","position":1,"name":"Startseite","item":"https:\/\/www.zahnaerzte-am-kurhaus.de\/en\/"},{"@type":"ListItem","position":2,"name":"Services","item":"https:\/\/www.zahnaerzte-am-kurhaus.de\/en\/services\/"},{"@type":"ListItem","position":3,"name":"Periodontology","item":"https:\/\/www.zahnaerzte-am-kurhaus.de\/leistungen\/parodontitis-wiesbaden\/"},{"@type":"ListItem","position":4,"name":"M\u00f6gliche Folgen einer Parodontitis"}]},{"@type":"WebSite","@id":"https:\/\/www.zahnaerzte-am-kurhaus.de\/#website","url":"https:\/\/www.zahnaerzte-am-kurhaus.de\/","name":"Zahn\u00e4rzte am Kurhaus | Wiesbaden","description":"","potentialAction":[{"@type":"SearchAction","target":{"@type":"EntryPoint","urlTemplate":"https:\/\/www.zahnaerzte-am-kurhaus.de\/?s={search_term_string}"},"query-input":{"@type":"PropertyValueSpecification","valueRequired":true,"valueName":"search_term_string"}}],"inLanguage":"en-US"}]}},"_links":{"self":[{"href":"https:\/\/www.zahnaerzte-am-kurhaus.de\/en\/wp-json\/wp\/v2\/pages\/2171","targetHints":{"allow":["GET"]}}],"collection":[{"href":"https:\/\/www.zahnaerzte-am-kurhaus.de\/en\/wp-json\/wp\/v2\/pages"}],"about":[{"href":"https:\/\/www.zahnaerzte-am-kurhaus.de\/en\/wp-json\/wp\/v2\/types\/page"}],"author":[{"embeddable":true,"href":"https:\/\/www.zahnaerzte-am-kurhaus.de\/en\/wp-json\/wp\/v2\/users\/3"}],"replies":[{"embeddable":true,"href":"https:\/\/www.zahnaerzte-am-kurhaus.de\/en\/wp-json\/wp\/v2\/comments?post=2171"}],"version-history":[{"count":1,"href":"https:\/\/www.zahnaerzte-am-kurhaus.de\/en\/wp-json\/wp\/v2\/pages\/2171\/revisions"}],"predecessor-version":[{"id":2176,"href":"https:\/\/www.zahnaerzte-am-kurhaus.de\/en\/wp-json\/wp\/v2\/pages\/2171\/revisions\/2176"}],"up":[{"embeddable":true,"href":"https:\/\/www.zahnaerzte-am-kurhaus.de\/en\/wp-json\/wp\/v2\/pages\/2311"}],"wp:featuredmedia":[{"embeddable":true,"href":"https:\/\/www.zahnaerzte-am-kurhaus.de\/en\/wp-json\/wp\/v2\/media\/2018"}],"wp:attachment":[{"href":"https:\/\/www.zahnaerzte-am-kurhaus.de\/en\/wp-json\/wp\/v2\/media?parent=2171"}],"curies":[{"name":"wp","href":"https:\/\/api.w.org\/{rel}","templated":true}]}}