{"id":2153,"date":"2022-09-21T14:53:56","date_gmt":"2022-09-21T12:53:56","guid":{"rendered":"https:\/\/kurhaus.ab-healthmedia.com\/enttaeubungsspritze\/"},"modified":"2023-01-09T13:32:14","modified_gmt":"2023-01-09T12:32:14","slug":"enttaeubungsspritze","status":"publish","type":"page","link":"https:\/\/www.zahnaerzte-am-kurhaus.de\/en\/services\/pediatric-dentistry\/behandlungsarten\/enttaeubungsspritze\/","title":{"rendered":"Entt\u00e4ubungsspritze"},"content":{"rendered":"<h1>Entt\u00e4ubungspritze OraVerse<\/h1>\n<p>Einige Patienten empfinden das Taubheitsgef\u00fchl nach einer \u00f6rtlichen Bet\u00e4ubung (Lokalan\u00e4sthesie) als sehr unangenehm.<\/p>\n<p>Oft h\u00e4lt diese Gef\u00fchl mehrere Stunden nach der Behandlung an.<\/p>\n<p>Im Fall bestimmter zahnmedizinischer Eingriffe besteht nun die M\u00f6glichkeit, das langanhaltende Taubheitsgef\u00fchl nach einer Lokalan\u00e4sthesie um mehr als die H\u00e4lfte zu verk\u00fcrzen.<\/p>\n<p>Dies geschieht durch eine zweite, nicht sp\u00fcrbare Injektion unmittelbar nach der Behandlung.<\/p>\n<p>Der Vorteil:<\/p>\n<p>Vor allem Kinder empfinden das Taubheitsgef\u00fchl als sehr unangenehm und manchmal sogar als Schmerz.<\/p>\n<p>Dank der Entt\u00e4ubungsspritze kann man schneller wieder normal sprechen, essen und trinken \u2013 gerade bei Kindern minimiert es zudem das Risiko einer Selbstverletzung durch unbeabsichtigte Bisse in die bet\u00e4ubten Bereiche von Zunge, Lippe und Wangen.<\/p>\n<p>Der Einsatz einer Entt\u00e4ubungsspritze empfiehlt sich daher besonders bei Kindern oder bei gesundheitlich eingeschr\u00e4nkten Patienten wie z. B. Diabetikern, die auf eine regelm\u00e4\u00dfige Nahrungsaufnahme angewiesen sind.<\/p>\n<p>OraVerse mit dem Wirkstoff Phentolamin reduziert die Dauer einer dentalen Weichgewebsan\u00e4sthesie um die H\u00e4lfte und beschleunigt den Abtransport des vor Behandlungsbeginn verabreichten vasokonstriktorhaltigen Lokalan\u00e4sthetikums.<\/p>\n<p><img loading=\"lazy\" decoding=\"async\" class=\"aligncenter wp-image-1148 size-full\" src=\"https:\/\/www.zahnaerzte-am-kurhaus.de\/wp-content\/uploads\/2022\/09\/bild12.png\" alt=\"\" width=\"500\" height=\"704\" \/><\/p>\n","protected":false},"excerpt":{"rendered":"<p>Entt\u00e4ubungspritze OraVerse Einige Patienten empfinden das Taubheitsgef\u00fchl nach einer \u00f6rtlichen Bet\u00e4ubung (Lokalan\u00e4sthesie) als sehr unangenehm. Oft h\u00e4lt diese Gef\u00fchl mehrere Stunden nach der Behandlung an. Im Fall bestimmter zahnmedizinischer Eingriffe besteht nun die M\u00f6glichkeit, das langanhaltende Taubheitsgef\u00fchl nach einer Lokalan\u00e4sthesie um mehr als die H\u00e4lfte zu verk\u00fcrzen. Dies geschieht durch eine zweite, nicht sp\u00fcrbare Injektion [&hellip;]<\/p>\n","protected":false},"author":3,"featured_media":2018,"parent":2154,"menu_order":0,"comment_status":"closed","ping_status":"closed","template":"page-children.php","meta":{"_acf_changed":false,"footnotes":""},"class_list":["post-2153","page","type-page","status-publish","has-post-thumbnail","hentry"],"acf":[],"yoast_head":"<!-- This site is optimized with the Yoast SEO plugin v26.6 - https:\/\/yoast.com\/wordpress\/plugins\/seo\/ -->\n<title>Entt\u00e4ubungsspritze - Zahn\u00e4rzte am Kurhaus | Wiesbaden<\/title>\n<meta name=\"robots\" content=\"index, follow, max-snippet:-1, max-image-preview:large, max-video-preview:-1\" \/>\n<link rel=\"canonical\" href=\"https:\/\/www.zahnaerzte-am-kurhaus.de\/leistungen\/kinderzahnheilkunde\/behandlungsarten\/enttaeubungsspritze\/\" \/>\n<meta property=\"og:locale\" content=\"en_US\" \/>\n<meta property=\"og:type\" content=\"article\" \/>\n<meta property=\"og:title\" content=\"Entt\u00e4ubungsspritze - Zahn\u00e4rzte am Kurhaus | Wiesbaden\" \/>\n<meta property=\"og:description\" content=\"Entt\u00e4ubungspritze OraVerse Einige Patienten empfinden das Taubheitsgef\u00fchl nach einer \u00f6rtlichen Bet\u00e4ubung (Lokalan\u00e4sthesie) als sehr unangenehm. Oft h\u00e4lt diese Gef\u00fchl mehrere Stunden nach der Behandlung an. Im Fall bestimmter zahnmedizinischer Eingriffe besteht nun die M\u00f6glichkeit, das langanhaltende Taubheitsgef\u00fchl nach einer Lokalan\u00e4sthesie um mehr als die H\u00e4lfte zu verk\u00fcrzen. Dies geschieht durch eine zweite, nicht sp\u00fcrbare Injektion [&hellip;]\" \/>\n<meta property=\"og:url\" content=\"https:\/\/www.zahnaerzte-am-kurhaus.de\/leistungen\/kinderzahnheilkunde\/behandlungsarten\/enttaeubungsspritze\/\" \/>\n<meta property=\"og:site_name\" content=\"Zahn\u00e4rzte am Kurhaus | Wiesbaden\" \/>\n<meta property=\"article:modified_time\" content=\"2023-01-09T12:32:14+00:00\" \/>\n<meta property=\"og:image\" content=\"https:\/\/www.zahnaerzte-am-kurhaus.de\/wp-content\/uploads\/2022\/10\/background-kurhaus.jpg\" \/>\n\t<meta property=\"og:image:width\" content=\"1980\" \/>\n\t<meta property=\"og:image:height\" content=\"691\" \/>\n\t<meta property=\"og:image:type\" content=\"image\/jpeg\" \/>\n<meta name=\"twitter:card\" content=\"summary_large_image\" \/>\n<meta name=\"twitter:label1\" content=\"Est. reading time\" \/>\n\t<meta name=\"twitter:data1\" content=\"2 minutes\" \/>\n<script type=\"application\/ld+json\" class=\"yoast-schema-graph\">{\"@context\":\"https:\/\/schema.org\",\"@graph\":[{\"@type\":\"WebPage\",\"@id\":\"https:\/\/www.zahnaerzte-am-kurhaus.de\/leistungen\/kinderzahnheilkunde\/behandlungsarten\/enttaeubungsspritze\/\",\"url\":\"https:\/\/www.zahnaerzte-am-kurhaus.de\/leistungen\/kinderzahnheilkunde\/behandlungsarten\/enttaeubungsspritze\/\",\"name\":\"Entt\u00e4ubungsspritze - Zahn\u00e4rzte am Kurhaus | Wiesbaden\",\"isPartOf\":{\"@id\":\"https:\/\/www.zahnaerzte-am-kurhaus.de\/#website\"},\"primaryImageOfPage\":{\"@id\":\"https:\/\/www.zahnaerzte-am-kurhaus.de\/leistungen\/kinderzahnheilkunde\/behandlungsarten\/enttaeubungsspritze\/#primaryimage\"},\"image\":{\"@id\":\"https:\/\/www.zahnaerzte-am-kurhaus.de\/leistungen\/kinderzahnheilkunde\/behandlungsarten\/enttaeubungsspritze\/#primaryimage\"},\"thumbnailUrl\":\"https:\/\/www.zahnaerzte-am-kurhaus.de\/wp-content\/uploads\/2022\/10\/background-kurhaus.jpg\",\"datePublished\":\"2022-09-21T12:53:56+00:00\",\"dateModified\":\"2023-01-09T12:32:14+00:00\",\"breadcrumb\":{\"@id\":\"https:\/\/www.zahnaerzte-am-kurhaus.de\/leistungen\/kinderzahnheilkunde\/behandlungsarten\/enttaeubungsspritze\/#breadcrumb\"},\"inLanguage\":\"en-US\",\"potentialAction\":[{\"@type\":\"ReadAction\",\"target\":[\"https:\/\/www.zahnaerzte-am-kurhaus.de\/leistungen\/kinderzahnheilkunde\/behandlungsarten\/enttaeubungsspritze\/\"]}]},{\"@type\":\"ImageObject\",\"inLanguage\":\"en-US\",\"@id\":\"https:\/\/www.zahnaerzte-am-kurhaus.de\/leistungen\/kinderzahnheilkunde\/behandlungsarten\/enttaeubungsspritze\/#primaryimage\",\"url\":\"https:\/\/www.zahnaerzte-am-kurhaus.de\/wp-content\/uploads\/2022\/10\/background-kurhaus.jpg\",\"contentUrl\":\"https:\/\/www.zahnaerzte-am-kurhaus.de\/wp-content\/uploads\/2022\/10\/background-kurhaus.jpg\",\"width\":1980,\"height\":691},{\"@type\":\"BreadcrumbList\",\"@id\":\"https:\/\/www.zahnaerzte-am-kurhaus.de\/leistungen\/kinderzahnheilkunde\/behandlungsarten\/enttaeubungsspritze\/#breadcrumb\",\"itemListElement\":[{\"@type\":\"ListItem\",\"position\":1,\"name\":\"Startseite\",\"item\":\"https:\/\/www.zahnaerzte-am-kurhaus.de\/en\/\"},{\"@type\":\"ListItem\",\"position\":2,\"name\":\"Services\",\"item\":\"https:\/\/www.zahnaerzte-am-kurhaus.de\/en\/services\/\"},{\"@type\":\"ListItem\",\"position\":3,\"name\":\"Pediatric dentistry\",\"item\":\"https:\/\/www.zahnaerzte-am-kurhaus.de\/en\/services\/pediatric-dentistry\/\"},{\"@type\":\"ListItem\",\"position\":4,\"name\":\"Behandlungsarten\",\"item\":\"https:\/\/www.zahnaerzte-am-kurhaus.de\/leistungen\/kinderzahnheilkunde\/behandlungsarten\/\"},{\"@type\":\"ListItem\",\"position\":5,\"name\":\"Entt\u00e4ubungsspritze\"}]},{\"@type\":\"WebSite\",\"@id\":\"https:\/\/www.zahnaerzte-am-kurhaus.de\/#website\",\"url\":\"https:\/\/www.zahnaerzte-am-kurhaus.de\/\",\"name\":\"Zahn\u00e4rzte am Kurhaus | Wiesbaden\",\"description\":\"\",\"potentialAction\":[{\"@type\":\"SearchAction\",\"target\":{\"@type\":\"EntryPoint\",\"urlTemplate\":\"https:\/\/www.zahnaerzte-am-kurhaus.de\/?s={search_term_string}\"},\"query-input\":{\"@type\":\"PropertyValueSpecification\",\"valueRequired\":true,\"valueName\":\"search_term_string\"}}],\"inLanguage\":\"en-US\"}]}<\/script>\n<!-- \/ Yoast SEO plugin. -->","yoast_head_json":{"title":"Entt\u00e4ubungsspritze - Zahn\u00e4rzte am Kurhaus | Wiesbaden","robots":{"index":"index","follow":"follow","max-snippet":"max-snippet:-1","max-image-preview":"max-image-preview:large","max-video-preview":"max-video-preview:-1"},"canonical":"https:\/\/www.zahnaerzte-am-kurhaus.de\/leistungen\/kinderzahnheilkunde\/behandlungsarten\/enttaeubungsspritze\/","og_locale":"en_US","og_type":"article","og_title":"Entt\u00e4ubungsspritze - Zahn\u00e4rzte am Kurhaus | Wiesbaden","og_description":"Entt\u00e4ubungspritze OraVerse Einige Patienten empfinden das Taubheitsgef\u00fchl nach einer \u00f6rtlichen Bet\u00e4ubung (Lokalan\u00e4sthesie) als sehr unangenehm. Oft h\u00e4lt diese Gef\u00fchl mehrere Stunden nach der Behandlung an. Im Fall bestimmter zahnmedizinischer Eingriffe besteht nun die M\u00f6glichkeit, das langanhaltende Taubheitsgef\u00fchl nach einer Lokalan\u00e4sthesie um mehr als die H\u00e4lfte zu verk\u00fcrzen. Dies geschieht durch eine zweite, nicht sp\u00fcrbare Injektion [&hellip;]","og_url":"https:\/\/www.zahnaerzte-am-kurhaus.de\/leistungen\/kinderzahnheilkunde\/behandlungsarten\/enttaeubungsspritze\/","og_site_name":"Zahn\u00e4rzte am Kurhaus | Wiesbaden","article_modified_time":"2023-01-09T12:32:14+00:00","og_image":[{"width":1980,"height":691,"url":"https:\/\/www.zahnaerzte-am-kurhaus.de\/wp-content\/uploads\/2022\/10\/background-kurhaus.jpg","type":"image\/jpeg"}],"twitter_card":"summary_large_image","twitter_misc":{"Est. reading time":"2 minutes"},"schema":{"@context":"https:\/\/schema.org","@graph":[{"@type":"WebPage","@id":"https:\/\/www.zahnaerzte-am-kurhaus.de\/leistungen\/kinderzahnheilkunde\/behandlungsarten\/enttaeubungsspritze\/","url":"https:\/\/www.zahnaerzte-am-kurhaus.de\/leistungen\/kinderzahnheilkunde\/behandlungsarten\/enttaeubungsspritze\/","name":"Entt\u00e4ubungsspritze - Zahn\u00e4rzte am Kurhaus | Wiesbaden","isPartOf":{"@id":"https:\/\/www.zahnaerzte-am-kurhaus.de\/#website"},"primaryImageOfPage":{"@id":"https:\/\/www.zahnaerzte-am-kurhaus.de\/leistungen\/kinderzahnheilkunde\/behandlungsarten\/enttaeubungsspritze\/#primaryimage"},"image":{"@id":"https:\/\/www.zahnaerzte-am-kurhaus.de\/leistungen\/kinderzahnheilkunde\/behandlungsarten\/enttaeubungsspritze\/#primaryimage"},"thumbnailUrl":"https:\/\/www.zahnaerzte-am-kurhaus.de\/wp-content\/uploads\/2022\/10\/background-kurhaus.jpg","datePublished":"2022-09-21T12:53:56+00:00","dateModified":"2023-01-09T12:32:14+00:00","breadcrumb":{"@id":"https:\/\/www.zahnaerzte-am-kurhaus.de\/leistungen\/kinderzahnheilkunde\/behandlungsarten\/enttaeubungsspritze\/#breadcrumb"},"inLanguage":"en-US","potentialAction":[{"@type":"ReadAction","target":["https:\/\/www.zahnaerzte-am-kurhaus.de\/leistungen\/kinderzahnheilkunde\/behandlungsarten\/enttaeubungsspritze\/"]}]},{"@type":"ImageObject","inLanguage":"en-US","@id":"https:\/\/www.zahnaerzte-am-kurhaus.de\/leistungen\/kinderzahnheilkunde\/behandlungsarten\/enttaeubungsspritze\/#primaryimage","url":"https:\/\/www.zahnaerzte-am-kurhaus.de\/wp-content\/uploads\/2022\/10\/background-kurhaus.jpg","contentUrl":"https:\/\/www.zahnaerzte-am-kurhaus.de\/wp-content\/uploads\/2022\/10\/background-kurhaus.jpg","width":1980,"height":691},{"@type":"BreadcrumbList","@id":"https:\/\/www.zahnaerzte-am-kurhaus.de\/leistungen\/kinderzahnheilkunde\/behandlungsarten\/enttaeubungsspritze\/#breadcrumb","itemListElement":[{"@type":"ListItem","position":1,"name":"Startseite","item":"https:\/\/www.zahnaerzte-am-kurhaus.de\/en\/"},{"@type":"ListItem","position":2,"name":"Services","item":"https:\/\/www.zahnaerzte-am-kurhaus.de\/en\/services\/"},{"@type":"ListItem","position":3,"name":"Pediatric dentistry","item":"https:\/\/www.zahnaerzte-am-kurhaus.de\/en\/services\/pediatric-dentistry\/"},{"@type":"ListItem","position":4,"name":"Behandlungsarten","item":"https:\/\/www.zahnaerzte-am-kurhaus.de\/leistungen\/kinderzahnheilkunde\/behandlungsarten\/"},{"@type":"ListItem","position":5,"name":"Entt\u00e4ubungsspritze"}]},{"@type":"WebSite","@id":"https:\/\/www.zahnaerzte-am-kurhaus.de\/#website","url":"https:\/\/www.zahnaerzte-am-kurhaus.de\/","name":"Zahn\u00e4rzte am Kurhaus | Wiesbaden","description":"","potentialAction":[{"@type":"SearchAction","target":{"@type":"EntryPoint","urlTemplate":"https:\/\/www.zahnaerzte-am-kurhaus.de\/?s={search_term_string}"},"query-input":{"@type":"PropertyValueSpecification","valueRequired":true,"valueName":"search_term_string"}}],"inLanguage":"en-US"}]}},"_links":{"self":[{"href":"https:\/\/www.zahnaerzte-am-kurhaus.de\/en\/wp-json\/wp\/v2\/pages\/2153","targetHints":{"allow":["GET"]}}],"collection":[{"href":"https:\/\/www.zahnaerzte-am-kurhaus.de\/en\/wp-json\/wp\/v2\/pages"}],"about":[{"href":"https:\/\/www.zahnaerzte-am-kurhaus.de\/en\/wp-json\/wp\/v2\/types\/page"}],"author":[{"embeddable":true,"href":"https:\/\/www.zahnaerzte-am-kurhaus.de\/en\/wp-json\/wp\/v2\/users\/3"}],"replies":[{"embeddable":true,"href":"https:\/\/www.zahnaerzte-am-kurhaus.de\/en\/wp-json\/wp\/v2\/comments?post=2153"}],"version-history":[{"count":1,"href":"https:\/\/www.zahnaerzte-am-kurhaus.de\/en\/wp-json\/wp\/v2\/pages\/2153\/revisions"}],"predecessor-version":[{"id":2168,"href":"https:\/\/www.zahnaerzte-am-kurhaus.de\/en\/wp-json\/wp\/v2\/pages\/2153\/revisions\/2168"}],"up":[{"embeddable":true,"href":"https:\/\/www.zahnaerzte-am-kurhaus.de\/en\/wp-json\/wp\/v2\/pages\/2154"}],"wp:featuredmedia":[{"embeddable":true,"href":"https:\/\/www.zahnaerzte-am-kurhaus.de\/en\/wp-json\/wp\/v2\/media\/2018"}],"wp:attachment":[{"href":"https:\/\/www.zahnaerzte-am-kurhaus.de\/en\/wp-json\/wp\/v2\/media?parent=2153"}],"curies":[{"name":"wp","href":"https:\/\/api.w.org\/{rel}","templated":true}]}}