{"id":2151,"date":"2022-09-21T15:23:35","date_gmt":"2022-09-21T13:23:35","guid":{"rendered":"https:\/\/kurhaus.ab-healthmedia.com\/zahnsanierung-in-vollnarkose\/"},"modified":"2023-01-09T13:32:13","modified_gmt":"2023-01-09T12:32:13","slug":"zahnsanierung-in-vollnarkose","status":"publish","type":"page","link":"https:\/\/www.zahnaerzte-am-kurhaus.de\/en\/services\/pediatric-dentistry\/behandlungsarten\/zahnsanierung-in-vollnarkose\/","title":{"rendered":"Zahnsanierung in Vollnarkose"},"content":{"rendered":"<div class=\"component component-teaser\">\n<div class=\"row-fluid big_teaser\">\n<div class=\"intro-unit\">\n<div class=\"inner_teaser\">\n<article>\n<h1>Zahnsanierung in Vollnarkose (An\u00e4sthesie)<\/h1>\n<\/article>\n<\/div>\n<div class=\"clear\"><img loading=\"lazy\" decoding=\"async\" class=\"size-full wp-image-1162 alignright\" src=\"https:\/\/www.zahnaerzte-am-kurhaus.de\/wp-content\/uploads\/2022\/09\/x200_y842_b53a16_12.jpeg\" alt=\"\" width=\"200\" height=\"215\" \/><\/div>\n<\/div>\n<\/div>\n<\/div>\n<ul>\n<li>Nicht immer gelingt es ohne Weiteres, eine erforderliche Zahnbehandlung bei Kindern durchzuf\u00fchren. Der h\u00e4ufigste Grund, eine Zahnbehandlung unter Vollnarkose vorzunehmen, ist ein sehr umfangreicher Behandlungsbedarf oder das geringe Alter eines Kindes mit weitreichendem Sanierungsbedarf.<\/li>\n<li>In diesem Fall steht uns ein kompetentes An\u00e4sthesieteam zur Seite und wir k\u00f6nnen die erforderliche Behandlung in einer Sitzung\u00a0 \u00a0 \u00a0 \u00a0 \u00a0 \u00a0 durchf\u00fchren, w\u00e4hrend Ihr Kind entspannt schl\u00e4ft.\u00a0 \u00a0 \u00a0 \u00a0 \u00a0 \u00a0 \u00a0<em>Angela Hechler<\/em><\/li>\n<\/ul>\n","protected":false},"excerpt":{"rendered":"<p>Zahnsanierung in Vollnarkose (An\u00e4sthesie) Nicht immer gelingt es ohne Weiteres, eine erforderliche Zahnbehandlung bei Kindern durchzuf\u00fchren. Der h\u00e4ufigste Grund, eine Zahnbehandlung unter Vollnarkose vorzunehmen, ist ein sehr umfangreicher Behandlungsbedarf oder das geringe Alter eines Kindes mit weitreichendem Sanierungsbedarf. In diesem Fall steht uns ein kompetentes An\u00e4sthesieteam zur Seite und wir k\u00f6nnen die erforderliche Behandlung in [&hellip;]<\/p>\n","protected":false},"author":3,"featured_media":2018,"parent":2154,"menu_order":0,"comment_status":"closed","ping_status":"closed","template":"page-children.php","meta":{"_acf_changed":false,"footnotes":""},"class_list":["post-2151","page","type-page","status-publish","has-post-thumbnail","hentry"],"acf":[],"yoast_head":"<!-- This site is optimized with the Yoast SEO plugin v26.6 - https:\/\/yoast.com\/wordpress\/plugins\/seo\/ -->\n<title>Zahnsanierung in Vollnarkose - Zahn\u00e4rzte am Kurhaus | Wiesbaden<\/title>\n<meta name=\"robots\" content=\"index, follow, max-snippet:-1, max-image-preview:large, max-video-preview:-1\" \/>\n<link rel=\"canonical\" href=\"https:\/\/www.zahnaerzte-am-kurhaus.de\/leistungen\/kinderzahnheilkunde\/behandlungsarten\/zahnsanierung-in-vollnarkose\/\" \/>\n<meta property=\"og:locale\" content=\"en_US\" \/>\n<meta property=\"og:type\" content=\"article\" \/>\n<meta property=\"og:title\" content=\"Zahnsanierung in Vollnarkose - Zahn\u00e4rzte am Kurhaus | Wiesbaden\" \/>\n<meta property=\"og:description\" content=\"Zahnsanierung in Vollnarkose (An\u00e4sthesie) Nicht immer gelingt es ohne Weiteres, eine erforderliche Zahnbehandlung bei Kindern durchzuf\u00fchren. Der h\u00e4ufigste Grund, eine Zahnbehandlung unter Vollnarkose vorzunehmen, ist ein sehr umfangreicher Behandlungsbedarf oder das geringe Alter eines Kindes mit weitreichendem Sanierungsbedarf. In diesem Fall steht uns ein kompetentes An\u00e4sthesieteam zur Seite und wir k\u00f6nnen die erforderliche Behandlung in [&hellip;]\" \/>\n<meta property=\"og:url\" content=\"https:\/\/www.zahnaerzte-am-kurhaus.de\/leistungen\/kinderzahnheilkunde\/behandlungsarten\/zahnsanierung-in-vollnarkose\/\" \/>\n<meta property=\"og:site_name\" content=\"Zahn\u00e4rzte am Kurhaus | Wiesbaden\" \/>\n<meta property=\"article:modified_time\" content=\"2023-01-09T12:32:13+00:00\" \/>\n<meta property=\"og:image\" content=\"https:\/\/www.zahnaerzte-am-kurhaus.de\/wp-content\/uploads\/2022\/10\/background-kurhaus.jpg\" \/>\n\t<meta property=\"og:image:width\" content=\"1980\" \/>\n\t<meta property=\"og:image:height\" content=\"691\" \/>\n\t<meta property=\"og:image:type\" content=\"image\/jpeg\" \/>\n<meta name=\"twitter:card\" content=\"summary_large_image\" \/>\n<meta name=\"twitter:label1\" content=\"Est. reading time\" \/>\n\t<meta name=\"twitter:data1\" content=\"1 minute\" \/>\n<script type=\"application\/ld+json\" class=\"yoast-schema-graph\">{\"@context\":\"https:\/\/schema.org\",\"@graph\":[{\"@type\":\"WebPage\",\"@id\":\"https:\/\/www.zahnaerzte-am-kurhaus.de\/leistungen\/kinderzahnheilkunde\/behandlungsarten\/zahnsanierung-in-vollnarkose\/\",\"url\":\"https:\/\/www.zahnaerzte-am-kurhaus.de\/leistungen\/kinderzahnheilkunde\/behandlungsarten\/zahnsanierung-in-vollnarkose\/\",\"name\":\"Zahnsanierung in Vollnarkose - Zahn\u00e4rzte am Kurhaus | Wiesbaden\",\"isPartOf\":{\"@id\":\"https:\/\/www.zahnaerzte-am-kurhaus.de\/#website\"},\"primaryImageOfPage\":{\"@id\":\"https:\/\/www.zahnaerzte-am-kurhaus.de\/leistungen\/kinderzahnheilkunde\/behandlungsarten\/zahnsanierung-in-vollnarkose\/#primaryimage\"},\"image\":{\"@id\":\"https:\/\/www.zahnaerzte-am-kurhaus.de\/leistungen\/kinderzahnheilkunde\/behandlungsarten\/zahnsanierung-in-vollnarkose\/#primaryimage\"},\"thumbnailUrl\":\"https:\/\/www.zahnaerzte-am-kurhaus.de\/wp-content\/uploads\/2022\/10\/background-kurhaus.jpg\",\"datePublished\":\"2022-09-21T13:23:35+00:00\",\"dateModified\":\"2023-01-09T12:32:13+00:00\",\"breadcrumb\":{\"@id\":\"https:\/\/www.zahnaerzte-am-kurhaus.de\/leistungen\/kinderzahnheilkunde\/behandlungsarten\/zahnsanierung-in-vollnarkose\/#breadcrumb\"},\"inLanguage\":\"en-US\",\"potentialAction\":[{\"@type\":\"ReadAction\",\"target\":[\"https:\/\/www.zahnaerzte-am-kurhaus.de\/leistungen\/kinderzahnheilkunde\/behandlungsarten\/zahnsanierung-in-vollnarkose\/\"]}]},{\"@type\":\"ImageObject\",\"inLanguage\":\"en-US\",\"@id\":\"https:\/\/www.zahnaerzte-am-kurhaus.de\/leistungen\/kinderzahnheilkunde\/behandlungsarten\/zahnsanierung-in-vollnarkose\/#primaryimage\",\"url\":\"https:\/\/www.zahnaerzte-am-kurhaus.de\/wp-content\/uploads\/2022\/10\/background-kurhaus.jpg\",\"contentUrl\":\"https:\/\/www.zahnaerzte-am-kurhaus.de\/wp-content\/uploads\/2022\/10\/background-kurhaus.jpg\",\"width\":1980,\"height\":691},{\"@type\":\"BreadcrumbList\",\"@id\":\"https:\/\/www.zahnaerzte-am-kurhaus.de\/leistungen\/kinderzahnheilkunde\/behandlungsarten\/zahnsanierung-in-vollnarkose\/#breadcrumb\",\"itemListElement\":[{\"@type\":\"ListItem\",\"position\":1,\"name\":\"Startseite\",\"item\":\"https:\/\/www.zahnaerzte-am-kurhaus.de\/en\/\"},{\"@type\":\"ListItem\",\"position\":2,\"name\":\"Services\",\"item\":\"https:\/\/www.zahnaerzte-am-kurhaus.de\/en\/services\/\"},{\"@type\":\"ListItem\",\"position\":3,\"name\":\"Pediatric dentistry\",\"item\":\"https:\/\/www.zahnaerzte-am-kurhaus.de\/en\/services\/pediatric-dentistry\/\"},{\"@type\":\"ListItem\",\"position\":4,\"name\":\"Behandlungsarten\",\"item\":\"https:\/\/www.zahnaerzte-am-kurhaus.de\/leistungen\/kinderzahnheilkunde\/behandlungsarten\/\"},{\"@type\":\"ListItem\",\"position\":5,\"name\":\"Zahnsanierung in Vollnarkose\"}]},{\"@type\":\"WebSite\",\"@id\":\"https:\/\/www.zahnaerzte-am-kurhaus.de\/#website\",\"url\":\"https:\/\/www.zahnaerzte-am-kurhaus.de\/\",\"name\":\"Zahn\u00e4rzte am Kurhaus | Wiesbaden\",\"description\":\"\",\"potentialAction\":[{\"@type\":\"SearchAction\",\"target\":{\"@type\":\"EntryPoint\",\"urlTemplate\":\"https:\/\/www.zahnaerzte-am-kurhaus.de\/?s={search_term_string}\"},\"query-input\":{\"@type\":\"PropertyValueSpecification\",\"valueRequired\":true,\"valueName\":\"search_term_string\"}}],\"inLanguage\":\"en-US\"}]}<\/script>\n<!-- \/ Yoast SEO plugin. -->","yoast_head_json":{"title":"Zahnsanierung in Vollnarkose - Zahn\u00e4rzte am Kurhaus | Wiesbaden","robots":{"index":"index","follow":"follow","max-snippet":"max-snippet:-1","max-image-preview":"max-image-preview:large","max-video-preview":"max-video-preview:-1"},"canonical":"https:\/\/www.zahnaerzte-am-kurhaus.de\/leistungen\/kinderzahnheilkunde\/behandlungsarten\/zahnsanierung-in-vollnarkose\/","og_locale":"en_US","og_type":"article","og_title":"Zahnsanierung in Vollnarkose - Zahn\u00e4rzte am Kurhaus | Wiesbaden","og_description":"Zahnsanierung in Vollnarkose (An\u00e4sthesie) Nicht immer gelingt es ohne Weiteres, eine erforderliche Zahnbehandlung bei Kindern durchzuf\u00fchren. Der h\u00e4ufigste Grund, eine Zahnbehandlung unter Vollnarkose vorzunehmen, ist ein sehr umfangreicher Behandlungsbedarf oder das geringe Alter eines Kindes mit weitreichendem Sanierungsbedarf. In diesem Fall steht uns ein kompetentes An\u00e4sthesieteam zur Seite und wir k\u00f6nnen die erforderliche Behandlung in [&hellip;]","og_url":"https:\/\/www.zahnaerzte-am-kurhaus.de\/leistungen\/kinderzahnheilkunde\/behandlungsarten\/zahnsanierung-in-vollnarkose\/","og_site_name":"Zahn\u00e4rzte am Kurhaus | Wiesbaden","article_modified_time":"2023-01-09T12:32:13+00:00","og_image":[{"width":1980,"height":691,"url":"https:\/\/www.zahnaerzte-am-kurhaus.de\/wp-content\/uploads\/2022\/10\/background-kurhaus.jpg","type":"image\/jpeg"}],"twitter_card":"summary_large_image","twitter_misc":{"Est. reading time":"1 minute"},"schema":{"@context":"https:\/\/schema.org","@graph":[{"@type":"WebPage","@id":"https:\/\/www.zahnaerzte-am-kurhaus.de\/leistungen\/kinderzahnheilkunde\/behandlungsarten\/zahnsanierung-in-vollnarkose\/","url":"https:\/\/www.zahnaerzte-am-kurhaus.de\/leistungen\/kinderzahnheilkunde\/behandlungsarten\/zahnsanierung-in-vollnarkose\/","name":"Zahnsanierung in Vollnarkose - Zahn\u00e4rzte am Kurhaus | Wiesbaden","isPartOf":{"@id":"https:\/\/www.zahnaerzte-am-kurhaus.de\/#website"},"primaryImageOfPage":{"@id":"https:\/\/www.zahnaerzte-am-kurhaus.de\/leistungen\/kinderzahnheilkunde\/behandlungsarten\/zahnsanierung-in-vollnarkose\/#primaryimage"},"image":{"@id":"https:\/\/www.zahnaerzte-am-kurhaus.de\/leistungen\/kinderzahnheilkunde\/behandlungsarten\/zahnsanierung-in-vollnarkose\/#primaryimage"},"thumbnailUrl":"https:\/\/www.zahnaerzte-am-kurhaus.de\/wp-content\/uploads\/2022\/10\/background-kurhaus.jpg","datePublished":"2022-09-21T13:23:35+00:00","dateModified":"2023-01-09T12:32:13+00:00","breadcrumb":{"@id":"https:\/\/www.zahnaerzte-am-kurhaus.de\/leistungen\/kinderzahnheilkunde\/behandlungsarten\/zahnsanierung-in-vollnarkose\/#breadcrumb"},"inLanguage":"en-US","potentialAction":[{"@type":"ReadAction","target":["https:\/\/www.zahnaerzte-am-kurhaus.de\/leistungen\/kinderzahnheilkunde\/behandlungsarten\/zahnsanierung-in-vollnarkose\/"]}]},{"@type":"ImageObject","inLanguage":"en-US","@id":"https:\/\/www.zahnaerzte-am-kurhaus.de\/leistungen\/kinderzahnheilkunde\/behandlungsarten\/zahnsanierung-in-vollnarkose\/#primaryimage","url":"https:\/\/www.zahnaerzte-am-kurhaus.de\/wp-content\/uploads\/2022\/10\/background-kurhaus.jpg","contentUrl":"https:\/\/www.zahnaerzte-am-kurhaus.de\/wp-content\/uploads\/2022\/10\/background-kurhaus.jpg","width":1980,"height":691},{"@type":"BreadcrumbList","@id":"https:\/\/www.zahnaerzte-am-kurhaus.de\/leistungen\/kinderzahnheilkunde\/behandlungsarten\/zahnsanierung-in-vollnarkose\/#breadcrumb","itemListElement":[{"@type":"ListItem","position":1,"name":"Startseite","item":"https:\/\/www.zahnaerzte-am-kurhaus.de\/en\/"},{"@type":"ListItem","position":2,"name":"Services","item":"https:\/\/www.zahnaerzte-am-kurhaus.de\/en\/services\/"},{"@type":"ListItem","position":3,"name":"Pediatric dentistry","item":"https:\/\/www.zahnaerzte-am-kurhaus.de\/en\/services\/pediatric-dentistry\/"},{"@type":"ListItem","position":4,"name":"Behandlungsarten","item":"https:\/\/www.zahnaerzte-am-kurhaus.de\/leistungen\/kinderzahnheilkunde\/behandlungsarten\/"},{"@type":"ListItem","position":5,"name":"Zahnsanierung in Vollnarkose"}]},{"@type":"WebSite","@id":"https:\/\/www.zahnaerzte-am-kurhaus.de\/#website","url":"https:\/\/www.zahnaerzte-am-kurhaus.de\/","name":"Zahn\u00e4rzte am Kurhaus | Wiesbaden","description":"","potentialAction":[{"@type":"SearchAction","target":{"@type":"EntryPoint","urlTemplate":"https:\/\/www.zahnaerzte-am-kurhaus.de\/?s={search_term_string}"},"query-input":{"@type":"PropertyValueSpecification","valueRequired":true,"valueName":"search_term_string"}}],"inLanguage":"en-US"}]}},"_links":{"self":[{"href":"https:\/\/www.zahnaerzte-am-kurhaus.de\/en\/wp-json\/wp\/v2\/pages\/2151","targetHints":{"allow":["GET"]}}],"collection":[{"href":"https:\/\/www.zahnaerzte-am-kurhaus.de\/en\/wp-json\/wp\/v2\/pages"}],"about":[{"href":"https:\/\/www.zahnaerzte-am-kurhaus.de\/en\/wp-json\/wp\/v2\/types\/page"}],"author":[{"embeddable":true,"href":"https:\/\/www.zahnaerzte-am-kurhaus.de\/en\/wp-json\/wp\/v2\/users\/3"}],"replies":[{"embeddable":true,"href":"https:\/\/www.zahnaerzte-am-kurhaus.de\/en\/wp-json\/wp\/v2\/comments?post=2151"}],"version-history":[{"count":1,"href":"https:\/\/www.zahnaerzte-am-kurhaus.de\/en\/wp-json\/wp\/v2\/pages\/2151\/revisions"}],"predecessor-version":[{"id":2166,"href":"https:\/\/www.zahnaerzte-am-kurhaus.de\/en\/wp-json\/wp\/v2\/pages\/2151\/revisions\/2166"}],"up":[{"embeddable":true,"href":"https:\/\/www.zahnaerzte-am-kurhaus.de\/en\/wp-json\/wp\/v2\/pages\/2154"}],"wp:featuredmedia":[{"embeddable":true,"href":"https:\/\/www.zahnaerzte-am-kurhaus.de\/en\/wp-json\/wp\/v2\/media\/2018"}],"wp:attachment":[{"href":"https:\/\/www.zahnaerzte-am-kurhaus.de\/en\/wp-json\/wp\/v2\/media?parent=2151"}],"curies":[{"name":"wp","href":"https:\/\/api.w.org\/{rel}","templated":true}]}}