{"id":2149,"date":"2022-09-21T15:31:44","date_gmt":"2022-09-21T13:31:44","guid":{"rendered":"https:\/\/kurhaus.ab-healthmedia.com\/der-erste-termin\/"},"modified":"2023-01-09T13:32:12","modified_gmt":"2023-01-09T12:32:12","slug":"der-erste-termin","status":"publish","type":"page","link":"https:\/\/www.zahnaerzte-am-kurhaus.de\/en\/services\/pediatric-dentistry\/der-erste-termin\/","title":{"rendered":"Der erste Termin beim Kinderzahnarzt"},"content":{"rendered":"<h1>Der erste Termin beim Kinderzahnarzt<\/h1>\n<p>Wir m\u00f6chten, dass Ihr Kind sich bei uns rundherum wohlf\u00fchlt und der neuen Situation beim Zahnarzt gest\u00e4rkt sowie mit Neugierde und Freude begegnet!<\/p>\n<p>Hier ein paar Tipps von uns zur Vorbereitung und w\u00e4hrend des ersten Besuchs beim Zahnarzt:<\/p>\n<p>&nbsp;<\/p>\n<h4>Vor der Behandlung<\/h4>\n<h4><img loading=\"lazy\" decoding=\"async\" class=\"size-medium wp-image-1168 alignright\" src=\"https:\/\/www.zahnaerzte-am-kurhaus.de\/wp-content\/uploads\/2022\/09\/bild6-255x300.jpeg\" alt=\"\" width=\"255\" height=\"300\" \/><\/h4>\n<ul>\n<li>Sprechen Sie in positiven Formulierungen \u00fcber die eigenen Erfahrungen beim Zahnarzt! Kinder nehmen unterbewusst unsere \u00c4ngste wahr.<\/li>\n<li>Vermeiden Sie Formulierungen wie \u201eNein, das tut nicht weh\u201c oder \u201eDu brauchst keine Angst zu haben\u201c \u2013 diese bewirken leider zu oft das Gegenteil.<\/li>\n<li>Strahlen Sie Ruhe und ein entspanntes Verhalten aus: Dies hilft uns, das Vertrauen Ihres Kindes zu gewinnen.<\/li>\n<li>Lesen Sie Ihrem Kind ein Kinderbuch \u00fcber den Besuch beim Zahnarzt vor.<\/li>\n<li>Legen Sie den Zahnarzttermin so, dass Ihr Kind ausgeruht und aufnahmef\u00e4hig ist.<\/li>\n<\/ul>\n<p>&nbsp;<\/p>\n<h4>W\u00e4hrend der ersten Behandlung<\/h4>\n<ul>\n<li>Geben Sie Ihrem Kind durch Ihre Anwesenheit St\u00e4rke und Selbstvertrauen, aber \u00fcberlassen Sie uns weitgehend die Kommunikation und F\u00fchrung.<\/li>\n<li>Mit Ihrem entspannten Verhalten helfen Sie uns am besten, das Vertrauen Ihres Kindes zu gewinnen.<\/li>\n<li>Versprechen Sie keine Belohnungen!<\/li>\n<li>Loben Sie Ihr Kind nach der Behandlung.<\/li>\n<\/ul>\n","protected":false},"excerpt":{"rendered":"<p>Der erste Termin beim Kinderzahnarzt Wir m\u00f6chten, dass Ihr Kind sich bei uns rundherum wohlf\u00fchlt und der neuen Situation beim Zahnarzt gest\u00e4rkt sowie mit Neugierde und Freude begegnet! Hier ein paar Tipps von uns zur Vorbereitung und w\u00e4hrend des ersten Besuchs beim Zahnarzt: &nbsp; Vor der Behandlung Sprechen Sie in positiven Formulierungen \u00fcber die eigenen [&hellip;]<\/p>\n","protected":false},"author":3,"featured_media":2018,"parent":2155,"menu_order":0,"comment_status":"closed","ping_status":"closed","template":"","meta":{"_acf_changed":false,"footnotes":""},"class_list":["post-2149","page","type-page","status-publish","has-post-thumbnail","hentry"],"acf":[],"yoast_head":"<!-- This site is optimized with the Yoast SEO plugin v26.6 - https:\/\/yoast.com\/wordpress\/plugins\/seo\/ -->\n<title>Der erste Termin beim Kinderzahnarzt - Zahn\u00e4rzte am Kurhaus | Wiesbaden<\/title>\n<meta name=\"robots\" content=\"index, follow, max-snippet:-1, max-image-preview:large, max-video-preview:-1\" \/>\n<link rel=\"canonical\" href=\"https:\/\/www.zahnaerzte-am-kurhaus.de\/leistungen\/kinderzahnheilkunde\/der-erste-termin\/\" \/>\n<meta property=\"og:locale\" content=\"en_US\" \/>\n<meta property=\"og:type\" content=\"article\" \/>\n<meta property=\"og:title\" content=\"Der erste Termin beim Kinderzahnarzt - Zahn\u00e4rzte am Kurhaus | Wiesbaden\" \/>\n<meta property=\"og:description\" content=\"Der erste Termin beim Kinderzahnarzt Wir m\u00f6chten, dass Ihr Kind sich bei uns rundherum wohlf\u00fchlt und der neuen Situation beim Zahnarzt gest\u00e4rkt sowie mit Neugierde und Freude begegnet! Hier ein paar Tipps von uns zur Vorbereitung und w\u00e4hrend des ersten Besuchs beim Zahnarzt: &nbsp; Vor der Behandlung Sprechen Sie in positiven Formulierungen \u00fcber die eigenen [&hellip;]\" \/>\n<meta property=\"og:url\" content=\"https:\/\/www.zahnaerzte-am-kurhaus.de\/leistungen\/kinderzahnheilkunde\/der-erste-termin\/\" \/>\n<meta property=\"og:site_name\" content=\"Zahn\u00e4rzte am Kurhaus | Wiesbaden\" \/>\n<meta property=\"article:modified_time\" content=\"2023-01-09T12:32:12+00:00\" \/>\n<meta property=\"og:image\" content=\"https:\/\/www.zahnaerzte-am-kurhaus.de\/wp-content\/uploads\/2022\/10\/background-kurhaus.jpg\" \/>\n\t<meta property=\"og:image:width\" content=\"1980\" \/>\n\t<meta property=\"og:image:height\" content=\"691\" \/>\n\t<meta property=\"og:image:type\" content=\"image\/jpeg\" \/>\n<meta name=\"twitter:card\" content=\"summary_large_image\" \/>\n<meta name=\"twitter:label1\" content=\"Est. reading time\" \/>\n\t<meta name=\"twitter:data1\" content=\"1 minute\" \/>\n<script type=\"application\/ld+json\" class=\"yoast-schema-graph\">{\"@context\":\"https:\/\/schema.org\",\"@graph\":[{\"@type\":\"WebPage\",\"@id\":\"https:\/\/www.zahnaerzte-am-kurhaus.de\/leistungen\/kinderzahnheilkunde\/der-erste-termin\/\",\"url\":\"https:\/\/www.zahnaerzte-am-kurhaus.de\/leistungen\/kinderzahnheilkunde\/der-erste-termin\/\",\"name\":\"Der erste Termin beim Kinderzahnarzt - Zahn\u00e4rzte am Kurhaus | Wiesbaden\",\"isPartOf\":{\"@id\":\"https:\/\/www.zahnaerzte-am-kurhaus.de\/#website\"},\"primaryImageOfPage\":{\"@id\":\"https:\/\/www.zahnaerzte-am-kurhaus.de\/leistungen\/kinderzahnheilkunde\/der-erste-termin\/#primaryimage\"},\"image\":{\"@id\":\"https:\/\/www.zahnaerzte-am-kurhaus.de\/leistungen\/kinderzahnheilkunde\/der-erste-termin\/#primaryimage\"},\"thumbnailUrl\":\"https:\/\/www.zahnaerzte-am-kurhaus.de\/wp-content\/uploads\/2022\/10\/background-kurhaus.jpg\",\"datePublished\":\"2022-09-21T13:31:44+00:00\",\"dateModified\":\"2023-01-09T12:32:12+00:00\",\"breadcrumb\":{\"@id\":\"https:\/\/www.zahnaerzte-am-kurhaus.de\/leistungen\/kinderzahnheilkunde\/der-erste-termin\/#breadcrumb\"},\"inLanguage\":\"en-US\",\"potentialAction\":[{\"@type\":\"ReadAction\",\"target\":[\"https:\/\/www.zahnaerzte-am-kurhaus.de\/leistungen\/kinderzahnheilkunde\/der-erste-termin\/\"]}]},{\"@type\":\"ImageObject\",\"inLanguage\":\"en-US\",\"@id\":\"https:\/\/www.zahnaerzte-am-kurhaus.de\/leistungen\/kinderzahnheilkunde\/der-erste-termin\/#primaryimage\",\"url\":\"https:\/\/www.zahnaerzte-am-kurhaus.de\/wp-content\/uploads\/2022\/10\/background-kurhaus.jpg\",\"contentUrl\":\"https:\/\/www.zahnaerzte-am-kurhaus.de\/wp-content\/uploads\/2022\/10\/background-kurhaus.jpg\",\"width\":1980,\"height\":691},{\"@type\":\"BreadcrumbList\",\"@id\":\"https:\/\/www.zahnaerzte-am-kurhaus.de\/leistungen\/kinderzahnheilkunde\/der-erste-termin\/#breadcrumb\",\"itemListElement\":[{\"@type\":\"ListItem\",\"position\":1,\"name\":\"Startseite\",\"item\":\"https:\/\/www.zahnaerzte-am-kurhaus.de\/en\/\"},{\"@type\":\"ListItem\",\"position\":2,\"name\":\"Services\",\"item\":\"https:\/\/www.zahnaerzte-am-kurhaus.de\/en\/services\/\"},{\"@type\":\"ListItem\",\"position\":3,\"name\":\"Pediatric dentistry\",\"item\":\"https:\/\/www.zahnaerzte-am-kurhaus.de\/en\/services\/pediatric-dentistry\/\"},{\"@type\":\"ListItem\",\"position\":4,\"name\":\"Der erste Termin beim Kinderzahnarzt\"}]},{\"@type\":\"WebSite\",\"@id\":\"https:\/\/www.zahnaerzte-am-kurhaus.de\/#website\",\"url\":\"https:\/\/www.zahnaerzte-am-kurhaus.de\/\",\"name\":\"Zahn\u00e4rzte am Kurhaus | Wiesbaden\",\"description\":\"\",\"potentialAction\":[{\"@type\":\"SearchAction\",\"target\":{\"@type\":\"EntryPoint\",\"urlTemplate\":\"https:\/\/www.zahnaerzte-am-kurhaus.de\/?s={search_term_string}\"},\"query-input\":{\"@type\":\"PropertyValueSpecification\",\"valueRequired\":true,\"valueName\":\"search_term_string\"}}],\"inLanguage\":\"en-US\"}]}<\/script>\n<!-- \/ Yoast SEO plugin. -->","yoast_head_json":{"title":"Der erste Termin beim Kinderzahnarzt - Zahn\u00e4rzte am Kurhaus | Wiesbaden","robots":{"index":"index","follow":"follow","max-snippet":"max-snippet:-1","max-image-preview":"max-image-preview:large","max-video-preview":"max-video-preview:-1"},"canonical":"https:\/\/www.zahnaerzte-am-kurhaus.de\/leistungen\/kinderzahnheilkunde\/der-erste-termin\/","og_locale":"en_US","og_type":"article","og_title":"Der erste Termin beim Kinderzahnarzt - Zahn\u00e4rzte am Kurhaus | Wiesbaden","og_description":"Der erste Termin beim Kinderzahnarzt Wir m\u00f6chten, dass Ihr Kind sich bei uns rundherum wohlf\u00fchlt und der neuen Situation beim Zahnarzt gest\u00e4rkt sowie mit Neugierde und Freude begegnet! Hier ein paar Tipps von uns zur Vorbereitung und w\u00e4hrend des ersten Besuchs beim Zahnarzt: &nbsp; Vor der Behandlung Sprechen Sie in positiven Formulierungen \u00fcber die eigenen [&hellip;]","og_url":"https:\/\/www.zahnaerzte-am-kurhaus.de\/leistungen\/kinderzahnheilkunde\/der-erste-termin\/","og_site_name":"Zahn\u00e4rzte am Kurhaus | Wiesbaden","article_modified_time":"2023-01-09T12:32:12+00:00","og_image":[{"width":1980,"height":691,"url":"https:\/\/www.zahnaerzte-am-kurhaus.de\/wp-content\/uploads\/2022\/10\/background-kurhaus.jpg","type":"image\/jpeg"}],"twitter_card":"summary_large_image","twitter_misc":{"Est. reading time":"1 minute"},"schema":{"@context":"https:\/\/schema.org","@graph":[{"@type":"WebPage","@id":"https:\/\/www.zahnaerzte-am-kurhaus.de\/leistungen\/kinderzahnheilkunde\/der-erste-termin\/","url":"https:\/\/www.zahnaerzte-am-kurhaus.de\/leistungen\/kinderzahnheilkunde\/der-erste-termin\/","name":"Der erste Termin beim Kinderzahnarzt - Zahn\u00e4rzte am Kurhaus | Wiesbaden","isPartOf":{"@id":"https:\/\/www.zahnaerzte-am-kurhaus.de\/#website"},"primaryImageOfPage":{"@id":"https:\/\/www.zahnaerzte-am-kurhaus.de\/leistungen\/kinderzahnheilkunde\/der-erste-termin\/#primaryimage"},"image":{"@id":"https:\/\/www.zahnaerzte-am-kurhaus.de\/leistungen\/kinderzahnheilkunde\/der-erste-termin\/#primaryimage"},"thumbnailUrl":"https:\/\/www.zahnaerzte-am-kurhaus.de\/wp-content\/uploads\/2022\/10\/background-kurhaus.jpg","datePublished":"2022-09-21T13:31:44+00:00","dateModified":"2023-01-09T12:32:12+00:00","breadcrumb":{"@id":"https:\/\/www.zahnaerzte-am-kurhaus.de\/leistungen\/kinderzahnheilkunde\/der-erste-termin\/#breadcrumb"},"inLanguage":"en-US","potentialAction":[{"@type":"ReadAction","target":["https:\/\/www.zahnaerzte-am-kurhaus.de\/leistungen\/kinderzahnheilkunde\/der-erste-termin\/"]}]},{"@type":"ImageObject","inLanguage":"en-US","@id":"https:\/\/www.zahnaerzte-am-kurhaus.de\/leistungen\/kinderzahnheilkunde\/der-erste-termin\/#primaryimage","url":"https:\/\/www.zahnaerzte-am-kurhaus.de\/wp-content\/uploads\/2022\/10\/background-kurhaus.jpg","contentUrl":"https:\/\/www.zahnaerzte-am-kurhaus.de\/wp-content\/uploads\/2022\/10\/background-kurhaus.jpg","width":1980,"height":691},{"@type":"BreadcrumbList","@id":"https:\/\/www.zahnaerzte-am-kurhaus.de\/leistungen\/kinderzahnheilkunde\/der-erste-termin\/#breadcrumb","itemListElement":[{"@type":"ListItem","position":1,"name":"Startseite","item":"https:\/\/www.zahnaerzte-am-kurhaus.de\/en\/"},{"@type":"ListItem","position":2,"name":"Services","item":"https:\/\/www.zahnaerzte-am-kurhaus.de\/en\/services\/"},{"@type":"ListItem","position":3,"name":"Pediatric dentistry","item":"https:\/\/www.zahnaerzte-am-kurhaus.de\/en\/services\/pediatric-dentistry\/"},{"@type":"ListItem","position":4,"name":"Der erste Termin beim Kinderzahnarzt"}]},{"@type":"WebSite","@id":"https:\/\/www.zahnaerzte-am-kurhaus.de\/#website","url":"https:\/\/www.zahnaerzte-am-kurhaus.de\/","name":"Zahn\u00e4rzte am Kurhaus | Wiesbaden","description":"","potentialAction":[{"@type":"SearchAction","target":{"@type":"EntryPoint","urlTemplate":"https:\/\/www.zahnaerzte-am-kurhaus.de\/?s={search_term_string}"},"query-input":{"@type":"PropertyValueSpecification","valueRequired":true,"valueName":"search_term_string"}}],"inLanguage":"en-US"}]}},"_links":{"self":[{"href":"https:\/\/www.zahnaerzte-am-kurhaus.de\/en\/wp-json\/wp\/v2\/pages\/2149","targetHints":{"allow":["GET"]}}],"collection":[{"href":"https:\/\/www.zahnaerzte-am-kurhaus.de\/en\/wp-json\/wp\/v2\/pages"}],"about":[{"href":"https:\/\/www.zahnaerzte-am-kurhaus.de\/en\/wp-json\/wp\/v2\/types\/page"}],"author":[{"embeddable":true,"href":"https:\/\/www.zahnaerzte-am-kurhaus.de\/en\/wp-json\/wp\/v2\/users\/3"}],"replies":[{"embeddable":true,"href":"https:\/\/www.zahnaerzte-am-kurhaus.de\/en\/wp-json\/wp\/v2\/comments?post=2149"}],"version-history":[{"count":1,"href":"https:\/\/www.zahnaerzte-am-kurhaus.de\/en\/wp-json\/wp\/v2\/pages\/2149\/revisions"}],"predecessor-version":[{"id":2164,"href":"https:\/\/www.zahnaerzte-am-kurhaus.de\/en\/wp-json\/wp\/v2\/pages\/2149\/revisions\/2164"}],"up":[{"embeddable":true,"href":"https:\/\/www.zahnaerzte-am-kurhaus.de\/en\/wp-json\/wp\/v2\/pages\/2155"}],"wp:featuredmedia":[{"embeddable":true,"href":"https:\/\/www.zahnaerzte-am-kurhaus.de\/en\/wp-json\/wp\/v2\/media\/2018"}],"wp:attachment":[{"href":"https:\/\/www.zahnaerzte-am-kurhaus.de\/en\/wp-json\/wp\/v2\/media?parent=2149"}],"curies":[{"name":"wp","href":"https:\/\/api.w.org\/{rel}","templated":true}]}}