{"id":2148,"date":"2022-09-21T15:40:58","date_gmt":"2022-09-21T13:40:58","guid":{"rendered":"https:\/\/kurhaus.ab-healthmedia.com\/diagnostik\/"},"modified":"2023-01-09T13:32:12","modified_gmt":"2023-01-09T12:32:12","slug":"diagnostik","status":"publish","type":"page","link":"https:\/\/www.zahnaerzte-am-kurhaus.de\/en\/services\/pediatric-dentistry\/diagnostik\/","title":{"rendered":"Diagnostik"},"content":{"rendered":"<h1>Diagnostik<\/h1>\n<p><img loading=\"lazy\" decoding=\"async\" class=\"size-medium wp-image-1174 alignright\" src=\"https:\/\/www.zahnaerzte-am-kurhaus.de\/wp-content\/uploads\/2022\/09\/bild7-254x300.jpeg\" alt=\"\" width=\"254\" height=\"300\" \/><\/p>\n<p>Damit uns keine noch so kleine Karies entgeht, untersuchen wir die Z\u00e4hne des Kindes mittels innovativer Methoden.<\/p>\n<ul>\n<li>Lupenbrille mit lichtstarkem LED-Lichtleiter<\/li>\n<li>Kariesdiagnostik mit r\u00f6ntgenstrahlenfreiem Laserfluoreszenzverfahren (DIAGNOcam)<\/li>\n<li>digitales R\u00f6ntgen mit geringer Strahlenbelastung<\/li>\n<\/ul>\n<p>&nbsp;<\/p>\n<h2><\/h2>\n<h2>Ohne R\u00f6ntgenstrahlen: Kariesdiagnostik per DIAGNOcam<\/h2>\n<h4>Wie funktioniert DIAGNOcam?<\/h4>\n<p>Das Prinzip ist ganz einfach: DIAGNOcam durchleuchtet den Zahn, dabei werden kari\u00f6se Stellen als dunkle Punkte sichtbar. Der Zahn wird wie ein Lichtleiter genutzt, eine Videokamera erfasst das Licht und \u00fcbertr\u00e4gt es live auf einen Bildschirm \u2013 und das ganz ohne R\u00f6ntgenstrahlen. Somit k\u00f6nnen die Aufnahmen beliebig oft wiederholt werden.<\/span><\/p>\n<h2>DIAGNOcam \u2013 r\u00f6ntgenstrahlenfreie Kariesdiagnostik<\/h2>\n<h4>Hiermit kann erkannt werden:<\/h4>\n<p><img loading=\"lazy\" decoding=\"async\" class=\"size-medium wp-image-1175 alignright\" src=\"https:\/\/www.zahnaerzte-am-kurhaus.de\/wp-content\/uploads\/2022\/09\/bild8-190x300.jpeg\" alt=\"\" width=\"190\" height=\"300\" \/><\/p>\n<ul>\n<li>Karies auf der Kaufl\u00e4che und in den Zahnzwischenr\u00e4umen<\/li>\n<li>kari\u00f6ser F\u00fcllungsrand, L\u00e4sionen<\/li>\n<li>Cracks<\/li>\n<\/ul>\n<p>Ohne R\u00f6ntgenstrahlen\u00a0kann dieses Ger\u00e4t jederzeit eingesetzt werden, Aufnahmen k\u00f6nnen beliebig oft wiederholt und miteinander verglichen werden.<\/p>\n<p>Besonders geeignet f\u00fcr:<\/p>\n<ul>\n<li>Kinder<\/li>\n<li>Schwangere<\/li>\n<li>R\u00f6ntgenphobiker<\/li>\n<li>Krebspatienten<\/li>\n<\/ul>\n<p>&nbsp;<\/p>\n","protected":false},"excerpt":{"rendered":"<p>Diagnostik Damit uns keine noch so kleine Karies entgeht, untersuchen wir die Z\u00e4hne des Kindes mittels innovativer Methoden. Lupenbrille mit lichtstarkem LED-Lichtleiter Kariesdiagnostik mit r\u00f6ntgenstrahlenfreiem Laserfluoreszenzverfahren (DIAGNOcam) digitales R\u00f6ntgen mit geringer Strahlenbelastung &nbsp; Ohne R\u00f6ntgenstrahlen: Kariesdiagnostik per DIAGNOcam Wie funktioniert DIAGNOcam? Das Prinzip ist ganz einfach: DIAGNOcam durchleuchtet den Zahn, dabei werden kari\u00f6se Stellen als [&hellip;]<\/p>\n","protected":false},"author":3,"featured_media":2018,"parent":2155,"menu_order":0,"comment_status":"closed","ping_status":"closed","template":"","meta":{"_acf_changed":false,"footnotes":""},"class_list":["post-2148","page","type-page","status-publish","has-post-thumbnail","hentry"],"acf":[],"yoast_head":"<!-- This site is optimized with the Yoast SEO plugin v26.6 - https:\/\/yoast.com\/wordpress\/plugins\/seo\/ -->\n<title>Diagnostik - Zahn\u00e4rzte am Kurhaus | Wiesbaden<\/title>\n<meta name=\"robots\" content=\"index, follow, max-snippet:-1, max-image-preview:large, max-video-preview:-1\" \/>\n<link rel=\"canonical\" href=\"https:\/\/www.zahnaerzte-am-kurhaus.de\/leistungen\/kinderzahnheilkunde\/diagnostik\/\" \/>\n<meta property=\"og:locale\" content=\"en_US\" \/>\n<meta property=\"og:type\" content=\"article\" \/>\n<meta property=\"og:title\" content=\"Diagnostik - Zahn\u00e4rzte am Kurhaus | Wiesbaden\" \/>\n<meta property=\"og:description\" content=\"Diagnostik Damit uns keine noch so kleine Karies entgeht, untersuchen wir die Z\u00e4hne des Kindes mittels innovativer Methoden. Lupenbrille mit lichtstarkem LED-Lichtleiter Kariesdiagnostik mit r\u00f6ntgenstrahlenfreiem Laserfluoreszenzverfahren (DIAGNOcam) digitales R\u00f6ntgen mit geringer Strahlenbelastung &nbsp; Ohne R\u00f6ntgenstrahlen: Kariesdiagnostik per DIAGNOcam Wie funktioniert DIAGNOcam? Das Prinzip ist ganz einfach: DIAGNOcam durchleuchtet den Zahn, dabei werden kari\u00f6se Stellen als [&hellip;]\" \/>\n<meta property=\"og:url\" content=\"https:\/\/www.zahnaerzte-am-kurhaus.de\/leistungen\/kinderzahnheilkunde\/diagnostik\/\" \/>\n<meta property=\"og:site_name\" content=\"Zahn\u00e4rzte am Kurhaus | Wiesbaden\" \/>\n<meta property=\"article:modified_time\" content=\"2023-01-09T12:32:12+00:00\" \/>\n<meta property=\"og:image\" content=\"https:\/\/www.zahnaerzte-am-kurhaus.de\/wp-content\/uploads\/2022\/10\/background-kurhaus.jpg\" \/>\n\t<meta property=\"og:image:width\" content=\"1980\" \/>\n\t<meta property=\"og:image:height\" content=\"691\" \/>\n\t<meta property=\"og:image:type\" content=\"image\/jpeg\" \/>\n<meta name=\"twitter:card\" content=\"summary_large_image\" \/>\n<meta name=\"twitter:label1\" content=\"Est. reading time\" \/>\n\t<meta name=\"twitter:data1\" content=\"2 minutes\" \/>\n<script type=\"application\/ld+json\" class=\"yoast-schema-graph\">{\"@context\":\"https:\/\/schema.org\",\"@graph\":[{\"@type\":\"WebPage\",\"@id\":\"https:\/\/www.zahnaerzte-am-kurhaus.de\/leistungen\/kinderzahnheilkunde\/diagnostik\/\",\"url\":\"https:\/\/www.zahnaerzte-am-kurhaus.de\/leistungen\/kinderzahnheilkunde\/diagnostik\/\",\"name\":\"Diagnostik - Zahn\u00e4rzte am Kurhaus | Wiesbaden\",\"isPartOf\":{\"@id\":\"https:\/\/www.zahnaerzte-am-kurhaus.de\/#website\"},\"primaryImageOfPage\":{\"@id\":\"https:\/\/www.zahnaerzte-am-kurhaus.de\/leistungen\/kinderzahnheilkunde\/diagnostik\/#primaryimage\"},\"image\":{\"@id\":\"https:\/\/www.zahnaerzte-am-kurhaus.de\/leistungen\/kinderzahnheilkunde\/diagnostik\/#primaryimage\"},\"thumbnailUrl\":\"https:\/\/www.zahnaerzte-am-kurhaus.de\/wp-content\/uploads\/2022\/10\/background-kurhaus.jpg\",\"datePublished\":\"2022-09-21T13:40:58+00:00\",\"dateModified\":\"2023-01-09T12:32:12+00:00\",\"breadcrumb\":{\"@id\":\"https:\/\/www.zahnaerzte-am-kurhaus.de\/leistungen\/kinderzahnheilkunde\/diagnostik\/#breadcrumb\"},\"inLanguage\":\"en-US\",\"potentialAction\":[{\"@type\":\"ReadAction\",\"target\":[\"https:\/\/www.zahnaerzte-am-kurhaus.de\/leistungen\/kinderzahnheilkunde\/diagnostik\/\"]}]},{\"@type\":\"ImageObject\",\"inLanguage\":\"en-US\",\"@id\":\"https:\/\/www.zahnaerzte-am-kurhaus.de\/leistungen\/kinderzahnheilkunde\/diagnostik\/#primaryimage\",\"url\":\"https:\/\/www.zahnaerzte-am-kurhaus.de\/wp-content\/uploads\/2022\/10\/background-kurhaus.jpg\",\"contentUrl\":\"https:\/\/www.zahnaerzte-am-kurhaus.de\/wp-content\/uploads\/2022\/10\/background-kurhaus.jpg\",\"width\":1980,\"height\":691},{\"@type\":\"BreadcrumbList\",\"@id\":\"https:\/\/www.zahnaerzte-am-kurhaus.de\/leistungen\/kinderzahnheilkunde\/diagnostik\/#breadcrumb\",\"itemListElement\":[{\"@type\":\"ListItem\",\"position\":1,\"name\":\"Startseite\",\"item\":\"https:\/\/www.zahnaerzte-am-kurhaus.de\/en\/\"},{\"@type\":\"ListItem\",\"position\":2,\"name\":\"Services\",\"item\":\"https:\/\/www.zahnaerzte-am-kurhaus.de\/en\/services\/\"},{\"@type\":\"ListItem\",\"position\":3,\"name\":\"Pediatric dentistry\",\"item\":\"https:\/\/www.zahnaerzte-am-kurhaus.de\/en\/services\/pediatric-dentistry\/\"},{\"@type\":\"ListItem\",\"position\":4,\"name\":\"Diagnostik\"}]},{\"@type\":\"WebSite\",\"@id\":\"https:\/\/www.zahnaerzte-am-kurhaus.de\/#website\",\"url\":\"https:\/\/www.zahnaerzte-am-kurhaus.de\/\",\"name\":\"Zahn\u00e4rzte am Kurhaus | Wiesbaden\",\"description\":\"\",\"potentialAction\":[{\"@type\":\"SearchAction\",\"target\":{\"@type\":\"EntryPoint\",\"urlTemplate\":\"https:\/\/www.zahnaerzte-am-kurhaus.de\/?s={search_term_string}\"},\"query-input\":{\"@type\":\"PropertyValueSpecification\",\"valueRequired\":true,\"valueName\":\"search_term_string\"}}],\"inLanguage\":\"en-US\"}]}<\/script>\n<!-- \/ Yoast SEO plugin. -->","yoast_head_json":{"title":"Diagnostik - Zahn\u00e4rzte am Kurhaus | Wiesbaden","robots":{"index":"index","follow":"follow","max-snippet":"max-snippet:-1","max-image-preview":"max-image-preview:large","max-video-preview":"max-video-preview:-1"},"canonical":"https:\/\/www.zahnaerzte-am-kurhaus.de\/leistungen\/kinderzahnheilkunde\/diagnostik\/","og_locale":"en_US","og_type":"article","og_title":"Diagnostik - Zahn\u00e4rzte am Kurhaus | Wiesbaden","og_description":"Diagnostik Damit uns keine noch so kleine Karies entgeht, untersuchen wir die Z\u00e4hne des Kindes mittels innovativer Methoden. Lupenbrille mit lichtstarkem LED-Lichtleiter Kariesdiagnostik mit r\u00f6ntgenstrahlenfreiem Laserfluoreszenzverfahren (DIAGNOcam) digitales R\u00f6ntgen mit geringer Strahlenbelastung &nbsp; Ohne R\u00f6ntgenstrahlen: Kariesdiagnostik per DIAGNOcam Wie funktioniert DIAGNOcam? Das Prinzip ist ganz einfach: DIAGNOcam durchleuchtet den Zahn, dabei werden kari\u00f6se Stellen als [&hellip;]","og_url":"https:\/\/www.zahnaerzte-am-kurhaus.de\/leistungen\/kinderzahnheilkunde\/diagnostik\/","og_site_name":"Zahn\u00e4rzte am Kurhaus | Wiesbaden","article_modified_time":"2023-01-09T12:32:12+00:00","og_image":[{"width":1980,"height":691,"url":"https:\/\/www.zahnaerzte-am-kurhaus.de\/wp-content\/uploads\/2022\/10\/background-kurhaus.jpg","type":"image\/jpeg"}],"twitter_card":"summary_large_image","twitter_misc":{"Est. reading time":"2 minutes"},"schema":{"@context":"https:\/\/schema.org","@graph":[{"@type":"WebPage","@id":"https:\/\/www.zahnaerzte-am-kurhaus.de\/leistungen\/kinderzahnheilkunde\/diagnostik\/","url":"https:\/\/www.zahnaerzte-am-kurhaus.de\/leistungen\/kinderzahnheilkunde\/diagnostik\/","name":"Diagnostik - Zahn\u00e4rzte am Kurhaus | Wiesbaden","isPartOf":{"@id":"https:\/\/www.zahnaerzte-am-kurhaus.de\/#website"},"primaryImageOfPage":{"@id":"https:\/\/www.zahnaerzte-am-kurhaus.de\/leistungen\/kinderzahnheilkunde\/diagnostik\/#primaryimage"},"image":{"@id":"https:\/\/www.zahnaerzte-am-kurhaus.de\/leistungen\/kinderzahnheilkunde\/diagnostik\/#primaryimage"},"thumbnailUrl":"https:\/\/www.zahnaerzte-am-kurhaus.de\/wp-content\/uploads\/2022\/10\/background-kurhaus.jpg","datePublished":"2022-09-21T13:40:58+00:00","dateModified":"2023-01-09T12:32:12+00:00","breadcrumb":{"@id":"https:\/\/www.zahnaerzte-am-kurhaus.de\/leistungen\/kinderzahnheilkunde\/diagnostik\/#breadcrumb"},"inLanguage":"en-US","potentialAction":[{"@type":"ReadAction","target":["https:\/\/www.zahnaerzte-am-kurhaus.de\/leistungen\/kinderzahnheilkunde\/diagnostik\/"]}]},{"@type":"ImageObject","inLanguage":"en-US","@id":"https:\/\/www.zahnaerzte-am-kurhaus.de\/leistungen\/kinderzahnheilkunde\/diagnostik\/#primaryimage","url":"https:\/\/www.zahnaerzte-am-kurhaus.de\/wp-content\/uploads\/2022\/10\/background-kurhaus.jpg","contentUrl":"https:\/\/www.zahnaerzte-am-kurhaus.de\/wp-content\/uploads\/2022\/10\/background-kurhaus.jpg","width":1980,"height":691},{"@type":"BreadcrumbList","@id":"https:\/\/www.zahnaerzte-am-kurhaus.de\/leistungen\/kinderzahnheilkunde\/diagnostik\/#breadcrumb","itemListElement":[{"@type":"ListItem","position":1,"name":"Startseite","item":"https:\/\/www.zahnaerzte-am-kurhaus.de\/en\/"},{"@type":"ListItem","position":2,"name":"Services","item":"https:\/\/www.zahnaerzte-am-kurhaus.de\/en\/services\/"},{"@type":"ListItem","position":3,"name":"Pediatric dentistry","item":"https:\/\/www.zahnaerzte-am-kurhaus.de\/en\/services\/pediatric-dentistry\/"},{"@type":"ListItem","position":4,"name":"Diagnostik"}]},{"@type":"WebSite","@id":"https:\/\/www.zahnaerzte-am-kurhaus.de\/#website","url":"https:\/\/www.zahnaerzte-am-kurhaus.de\/","name":"Zahn\u00e4rzte am Kurhaus | Wiesbaden","description":"","potentialAction":[{"@type":"SearchAction","target":{"@type":"EntryPoint","urlTemplate":"https:\/\/www.zahnaerzte-am-kurhaus.de\/?s={search_term_string}"},"query-input":{"@type":"PropertyValueSpecification","valueRequired":true,"valueName":"search_term_string"}}],"inLanguage":"en-US"}]}},"_links":{"self":[{"href":"https:\/\/www.zahnaerzte-am-kurhaus.de\/en\/wp-json\/wp\/v2\/pages\/2148","targetHints":{"allow":["GET"]}}],"collection":[{"href":"https:\/\/www.zahnaerzte-am-kurhaus.de\/en\/wp-json\/wp\/v2\/pages"}],"about":[{"href":"https:\/\/www.zahnaerzte-am-kurhaus.de\/en\/wp-json\/wp\/v2\/types\/page"}],"author":[{"embeddable":true,"href":"https:\/\/www.zahnaerzte-am-kurhaus.de\/en\/wp-json\/wp\/v2\/users\/3"}],"replies":[{"embeddable":true,"href":"https:\/\/www.zahnaerzte-am-kurhaus.de\/en\/wp-json\/wp\/v2\/comments?post=2148"}],"version-history":[{"count":1,"href":"https:\/\/www.zahnaerzte-am-kurhaus.de\/en\/wp-json\/wp\/v2\/pages\/2148\/revisions"}],"predecessor-version":[{"id":2163,"href":"https:\/\/www.zahnaerzte-am-kurhaus.de\/en\/wp-json\/wp\/v2\/pages\/2148\/revisions\/2163"}],"up":[{"embeddable":true,"href":"https:\/\/www.zahnaerzte-am-kurhaus.de\/en\/wp-json\/wp\/v2\/pages\/2155"}],"wp:featuredmedia":[{"embeddable":true,"href":"https:\/\/www.zahnaerzte-am-kurhaus.de\/en\/wp-json\/wp\/v2\/media\/2018"}],"wp:attachment":[{"href":"https:\/\/www.zahnaerzte-am-kurhaus.de\/en\/wp-json\/wp\/v2\/media?parent=2148"}],"curies":[{"name":"wp","href":"https:\/\/api.w.org\/{rel}","templated":true}]}}